{"id":308,"date":"2010-07-14T00:00:00","date_gmt":"2010-07-14T03:00:00","guid":{"rendered":"http:\/\/ajupe.com.uy\/web\/?post_type=product&#038;p=308"},"modified":"2011-09-22T18:06:30","modified_gmt":"2011-09-22T21:06:30","slug":"manual-del-perfecto-idiota-latinoamericano","status":"publish","type":"product","link":"https:\/\/ajupe.com.uy\/web\/biblioteca\/manual-del-perfecto-idiota-latinoamericano\/","title":{"rendered":"Manual del perfecto idiota Latinoamericano"},"content":{"rendered":"<p>Cree que somos pobres porque ellos son ricos y viceversa, que la historia es una exitosa conspiraci\u00f3n de malos contra buenos en la que aqu\u00e9llos siempre ganan y nosotros siempre perdemos (\u00e9l est\u00e1 en todos los casos entre las pobres v\u00edctimas y los buenos perdedores), no tiene empacho en navegar en el cyberespacio, sentirse on line y (sin advertir la contradicci\u00f3n) abominar del consumismo y, cuando habla de cultura, tremola as\u00ed: \u201cLo que s\u00e9 lo aprend\u00ed en la vida, no en los libros, y por eso mi cultura no es libresca sino vital.\u201d \u00bfQui\u00e9n es \u00e9l? Es el idiota latinoamericano.<\/p>\n","protected":false},"excerpt":{"rendered":"<p>Cree que somos pobres porque ellos son ricos y viceversa, que la historia es una exitosa conspiraci\u00f3n de malos contra buenos en la que aqu\u00e9llos siempre ganan y nosotros siempre perdemos (\u00e9l est\u00e1 en todos los casos entre las pobres v\u00edctimas y los buenos pe<\/p>\n","protected":false},"featured_media":309,"template":"","meta":[],"product_brand":[58],"product_cat":[33],"product_tag":[],"class_list":{"0":"post-308","1":"product","2":"type-product","3":"status-publish","4":"has-post-thumbnail","6":"product_brand-mario-vargas-llosa","7":"product_cat-cuentos","9":"first","10":"instock","11":"purchasable","12":"product-type-simple"},"featured_image_urls_v2":{"full":["https:\/\/ajupe.com.uy\/web\/wp-content\/uploads\/2016\/04\/p-308-5473.jpg",361,513,false],"thumbnail":["https:\/\/ajupe.com.uy\/web\/wp-content\/uploads\/2016\/04\/p-308-5473.jpg",150,150,true],"medium":["https:\/\/ajupe.com.uy\/web\/wp-content\/uploads\/2016\/04\/p-308-5473.jpg",300,214,true],"medium_large":["https:\/\/ajupe.com.uy\/web\/wp-content\/uploads\/2016\/04\/p-308-5473.jpg",361,513,false],"large":["https:\/\/ajupe.com.uy\/web\/wp-content\/uploads\/2016\/04\/p-308-5473.jpg",361,513,false],"1536x1536":["https:\/\/ajupe.com.uy\/web\/wp-content\/uploads\/2016\/04\/p-308-5473.jpg",361,513,false],"2048x2048":["https:\/\/ajupe.com.uy\/web\/wp-content\/uploads\/2016\/04\/p-308-5473.jpg",361,513,false],"woocommerce_archive_thumbnail":["https:\/\/ajupe.com.uy\/web\/wp-content\/uploads\/2016\/04\/p-308-5473-300x450.jpg",300,450,true],"woocommerce_thumbnail":["https:\/\/ajupe.com.uy\/web\/wp-content\/uploads\/2016\/04\/p-308-5473-300x300.jpg",300,300,true],"woocommerce_single":["https:\/\/ajupe.com.uy\/web\/wp-content\/uploads\/2016\/04\/p-308-5473-300x426.jpg",300,426,true],"woocommerce_gallery_thumbnail":["https:\/\/ajupe.com.uy\/web\/wp-content\/uploads\/2016\/04\/p-308-5473-100x100.jpg",100,100,true]},"post_excerpt_stackable_v2":"<p>Cree que somos pobres porque ellos son ricos y viceversa, que la historia es una exitosa conspiraci\u00f3n de malos contra buenos en la que aqu\u00e9llos siempre ganan y nosotros siempre perdemos (\u00e9l est\u00e1 en todos los casos entre las pobres v\u00edctimas y los buenos pe<\/p>\n","category_list_v2":"","author_info_v2":{"name":"","url":""},"comments_num_v2":"0 comentarios","_links":{"self":[{"href":"https:\/\/ajupe.com.uy\/web\/wp-json\/wp\/v2\/product\/308","targetHints":{"allow":["GET"]}}],"collection":[{"href":"https:\/\/ajupe.com.uy\/web\/wp-json\/wp\/v2\/product"}],"about":[{"href":"https:\/\/ajupe.com.uy\/web\/wp-json\/wp\/v2\/types\/product"}],"wp:featuredmedia":[{"embeddable":true,"href":"https:\/\/ajupe.com.uy\/web\/wp-json\/wp\/v2\/media\/309"}],"wp:attachment":[{"href":"https:\/\/ajupe.com.uy\/web\/wp-json\/wp\/v2\/media?parent=308"}],"wp:term":[{"taxonomy":"product_brand","embeddable":true,"href":"https:\/\/ajupe.com.uy\/web\/wp-json\/wp\/v2\/product_brand?post=308"},{"taxonomy":"product_cat","embeddable":true,"href":"https:\/\/ajupe.com.uy\/web\/wp-json\/wp\/v2\/product_cat?post=308"},{"taxonomy":"product_tag","embeddable":true,"href":"https:\/\/ajupe.com.uy\/web\/wp-json\/wp\/v2\/product_tag?post=308"}],"curies":[{"name":"wp","href":"https:\/\/api.w.org\/{rel}","templated":true}]}}