{"id":3098,"date":"2011-09-14T19:34:03","date_gmt":"2011-09-14T22:34:03","guid":{"rendered":"http:\/\/ajupe.com.uy\/web\/?post_type=product&#038;p=3098"},"modified":"2011-09-14T19:34:03","modified_gmt":"2011-09-14T22:34:03","slug":"el-arrecife","status":"publish","type":"product","link":"https:\/\/ajupe.com.uy\/web\/biblioteca\/el-arrecife\/","title":{"rendered":"El arrecife"},"content":{"rendered":"<p>\u201cEl arrecife parec\u00eda interminable. Visto desde lejos recordaba una  muralla gruesa, larga y espumosa, que proteg\u00eda el costado oriental de la  isla de la permanente embestida del mar abierto. Desde las lomas m\u00e1s  altas y frescas, donde la brisa soplaba y sacud\u00eda los palmerales sin  cesar, se apreciaba la extensa cicatriz de corales estirada hasta el  brumoso horizonte, zigzagueando hasta desaparecer en la azulosa  lejan\u00eda.\u201c \u00bfDe qu\u00e9 trata este libro? Novela de iniciaci\u00f3n, en la que Juan  Carlos Botero recrea una maravillosa galer\u00eda de personajes,  protagonizada por Alejandro y su t\u00edo Ernesto. Ambos aprender\u00e1n el uno  del otro y descubrir\u00e1n juntos sus l\u00edmites y su capacidad para  superarlos. El mar ser\u00e1 tambi\u00e9n un protagonista destacado de la novela,  por su estrecha relaci\u00f3n con los seres humanos y por ser una bontia  met\u00e1fora de la vida.<\/p>\n","protected":false},"excerpt":{"rendered":"<p>\u201cEl arrecife parec\u00eda interminable. Visto desde lejos recordaba una muralla gruesa, larga y espumosa, que proteg\u00eda el costado oriental de la isla de la permanente embestida del mar abierto. Desde las lomas m\u00e1s altas y frescas, donde la brisa soplaba y sacud\u00eda los palmerales sin cesar, se apreciaba la extensa cicatriz de corales estirada hasta [&hellip;]<\/p>\n","protected":false},"featured_media":3099,"template":"","meta":[],"product_brand":[757],"product_cat":[29],"product_tag":[],"class_list":{"0":"post-3098","1":"product","2":"type-product","3":"status-publish","4":"has-post-thumbnail","6":"product_brand-juan-carlos-botero","7":"product_cat-novela","9":"first","10":"instock","11":"purchasable","12":"product-type-simple"},"featured_image_urls_v2":{"full":["https:\/\/ajupe.com.uy\/web\/wp-content\/uploads\/2016\/04\/p-3098-El_arrecife_4e7101ab5ad63.jpg",176,267,false],"thumbnail":["https:\/\/ajupe.com.uy\/web\/wp-content\/uploads\/2016\/04\/p-3098-El_arrecife_4e7101ab5ad63.jpg",150,150,true],"medium":["https:\/\/ajupe.com.uy\/web\/wp-content\/uploads\/2016\/04\/p-3098-El_arrecife_4e7101ab5ad63.jpg",300,214,true],"medium_large":["https:\/\/ajupe.com.uy\/web\/wp-content\/uploads\/2016\/04\/p-3098-El_arrecife_4e7101ab5ad63.jpg",176,267,false],"large":["https:\/\/ajupe.com.uy\/web\/wp-content\/uploads\/2016\/04\/p-3098-El_arrecife_4e7101ab5ad63.jpg",176,267,false],"1536x1536":["https:\/\/ajupe.com.uy\/web\/wp-content\/uploads\/2016\/04\/p-3098-El_arrecife_4e7101ab5ad63.jpg",176,267,false],"2048x2048":["https:\/\/ajupe.com.uy\/web\/wp-content\/uploads\/2016\/04\/p-3098-El_arrecife_4e7101ab5ad63.jpg",176,267,false],"woocommerce_archive_thumbnail":["https:\/\/ajupe.com.uy\/web\/wp-content\/uploads\/2016\/04\/p-3098-El_arrecife_4e7101ab5ad63.jpg",176,267,false],"woocommerce_thumbnail":["https:\/\/ajupe.com.uy\/web\/wp-content\/uploads\/2016\/04\/p-3098-El_arrecife_4e7101ab5ad63.jpg",176,267,false],"woocommerce_single":["https:\/\/ajupe.com.uy\/web\/wp-content\/uploads\/2016\/04\/p-3098-El_arrecife_4e7101ab5ad63.jpg",176,267,false],"woocommerce_gallery_thumbnail":["https:\/\/ajupe.com.uy\/web\/wp-content\/uploads\/2016\/04\/p-3098-El_arrecife_4e7101ab5ad63-100x100.jpg",100,100,true]},"post_excerpt_stackable_v2":"<p>\u201cEl arrecife parec\u00eda interminable. Visto desde lejos recordaba una muralla gruesa, larga y espumosa, que proteg\u00eda el costado oriental de la isla de la permanente embestida del mar abierto. Desde las lomas m\u00e1s altas y frescas, donde la brisa soplaba y sacud\u00eda los palmerales sin cesar, se apreciaba la extensa cicatriz de corales estirada hasta el brumoso horizonte, zigzagueando hasta desaparecer en la azulosa lejan\u00eda.\u201c \u00bfDe qu\u00e9 trata este libro? Novela de iniciaci\u00f3n, en la que Juan Carlos Botero recrea una maravillosa galer\u00eda de personajes, protagonizada por Alejandro y su t\u00edo Ernesto. Ambos aprender\u00e1n el uno del otro y descubrir\u00e1n&hellip;<\/p>\n","category_list_v2":"","author_info_v2":{"name":"","url":""},"comments_num_v2":"0 comentarios","_links":{"self":[{"href":"https:\/\/ajupe.com.uy\/web\/wp-json\/wp\/v2\/product\/3098","targetHints":{"allow":["GET"]}}],"collection":[{"href":"https:\/\/ajupe.com.uy\/web\/wp-json\/wp\/v2\/product"}],"about":[{"href":"https:\/\/ajupe.com.uy\/web\/wp-json\/wp\/v2\/types\/product"}],"wp:featuredmedia":[{"embeddable":true,"href":"https:\/\/ajupe.com.uy\/web\/wp-json\/wp\/v2\/media\/3099"}],"wp:attachment":[{"href":"https:\/\/ajupe.com.uy\/web\/wp-json\/wp\/v2\/media?parent=3098"}],"wp:term":[{"taxonomy":"product_brand","embeddable":true,"href":"https:\/\/ajupe.com.uy\/web\/wp-json\/wp\/v2\/product_brand?post=3098"},{"taxonomy":"product_cat","embeddable":true,"href":"https:\/\/ajupe.com.uy\/web\/wp-json\/wp\/v2\/product_cat?post=3098"},{"taxonomy":"product_tag","embeddable":true,"href":"https:\/\/ajupe.com.uy\/web\/wp-json\/wp\/v2\/product_tag?post=3098"}],"curies":[{"name":"wp","href":"https:\/\/api.w.org\/{rel}","templated":true}]}}