{"id":3104,"date":"2011-09-15T19:30:35","date_gmt":"2011-09-15T22:30:35","guid":{"rendered":"http:\/\/ajupe.com.uy\/web\/?post_type=product&#038;p=3104"},"modified":"2011-09-15T19:31:15","modified_gmt":"2011-09-15T22:31:15","slug":"el-retorno-del-profesor-de-baile","status":"publish","type":"product","link":"https:\/\/ajupe.com.uy\/web\/biblioteca\/el-retorno-del-profesor-de-baile\/","title":{"rendered":"El retorno del profesor de baile"},"content":{"rendered":"<p><span>E<\/span><span>n diciembre de 1945, un avi\u00f3n brit\u00e1nico aterriza en Buckenburg (Alemania) y de \u00e9l desciende un hombre con una peque\u00f1a bolsa negra que se dirige a la prisi\u00f3n de Hamelin, donde est\u00e1n encerrados doce criminales de guerra alemanes: su misi\u00f3n consiste en ejecutar a esos peligrosos asesinos.<\/span><\/p>\n<p><span>Cincuenta y cuatro a\u00f1os despu\u00e9s, en 1999, Herbert Molin, un polic\u00eda sueco ya jubilado que vive apaciblemente en su granja, situada en el pueblecito de H\u00e4rdjedalen, muere de manera brutal: literalmente, el asesino lo ha matado a latigazos; adem\u00e1s, la polic\u00eda descubre alrededor del cad\u00e1ver huellas sanguinolentas muy extra\u00f1as, como si alguien hubiera ejecutado en torno a \u00e9l unos pasos de baile. Un antiguo compa\u00f1ero de Molin, el joven Stefan Lindman, decide viajar a H\u00e4rdjedalen para averiguar lo ocurrido, pese a que no est\u00e1 en muy buenas condiciones de salud. Sin embargo, poco a poco ir\u00e1 descubriendo misteriosas conexiones entre la muerte de Molin, los colaboracionistas durante la segunda guerra mundial y los grupos neonazis de la actualidad. Para Lindman ya no habr\u00e1 marcha atr\u00e1s: cada pista lo impelir\u00e1 a seguir adelante para saber la verdad.<\/span><\/p>\n","protected":false},"excerpt":{"rendered":"<p>En diciembre de 1945, un avi\u00f3n brit\u00e1nico aterriza en Buckenburg (Alemania) y de \u00e9l desciende un hombre con una peque\u00f1a bolsa negra que se dirige a la prisi\u00f3n de Hamelin, donde est\u00e1n encerrados doce criminales de guerra alemanes: su misi\u00f3n consiste en ejec<\/p>\n","protected":false},"featured_media":3105,"template":"","meta":[],"product_brand":[996],"product_cat":[48],"product_tag":[],"class_list":{"0":"post-3104","1":"product","2":"type-product","3":"status-publish","4":"has-post-thumbnail","6":"product_brand-henning-mankell","7":"product_cat-thrillers","9":"first","10":"instock","11":"purchasable","12":"product-type-simple"},"featured_image_urls_v2":{"full":["https:\/\/ajupe.com.uy\/web\/wp-content\/uploads\/2016\/04\/p-3104-El_retorno_del_p_4e72525bf05af.jpg",186,278,false],"thumbnail":["https:\/\/ajupe.com.uy\/web\/wp-content\/uploads\/2016\/04\/p-3104-El_retorno_del_p_4e72525bf05af.jpg",150,150,true],"medium":["https:\/\/ajupe.com.uy\/web\/wp-content\/uploads\/2016\/04\/p-3104-El_retorno_del_p_4e72525bf05af.jpg",300,214,true],"medium_large":["https:\/\/ajupe.com.uy\/web\/wp-content\/uploads\/2016\/04\/p-3104-El_retorno_del_p_4e72525bf05af.jpg",186,278,false],"large":["https:\/\/ajupe.com.uy\/web\/wp-content\/uploads\/2016\/04\/p-3104-El_retorno_del_p_4e72525bf05af.jpg",186,278,false],"1536x1536":["https:\/\/ajupe.com.uy\/web\/wp-content\/uploads\/2016\/04\/p-3104-El_retorno_del_p_4e72525bf05af.jpg",186,278,false],"2048x2048":["https:\/\/ajupe.com.uy\/web\/wp-content\/uploads\/2016\/04\/p-3104-El_retorno_del_p_4e72525bf05af.jpg",186,278,false],"woocommerce_archive_thumbnail":["https:\/\/ajupe.com.uy\/web\/wp-content\/uploads\/2016\/04\/p-3104-El_retorno_del_p_4e72525bf05af.jpg",186,278,false],"woocommerce_thumbnail":["https:\/\/ajupe.com.uy\/web\/wp-content\/uploads\/2016\/04\/p-3104-El_retorno_del_p_4e72525bf05af.jpg",186,278,false],"woocommerce_single":["https:\/\/ajupe.com.uy\/web\/wp-content\/uploads\/2016\/04\/p-3104-El_retorno_del_p_4e72525bf05af.jpg",186,278,false],"woocommerce_gallery_thumbnail":["https:\/\/ajupe.com.uy\/web\/wp-content\/uploads\/2016\/04\/p-3104-El_retorno_del_p_4e72525bf05af-100x100.jpg",100,100,true]},"post_excerpt_stackable_v2":"<p>En diciembre de 1945, un avi\u00f3n brit\u00e1nico aterriza en Buckenburg (Alemania) y de \u00e9l desciende un hombre con una peque\u00f1a bolsa negra que se dirige a la prisi\u00f3n de Hamelin, donde est\u00e1n encerrados doce criminales de guerra alemanes: su misi\u00f3n consiste en ejec<\/p>\n","category_list_v2":"","author_info_v2":{"name":"","url":""},"comments_num_v2":"0 comentarios","_links":{"self":[{"href":"https:\/\/ajupe.com.uy\/web\/wp-json\/wp\/v2\/product\/3104","targetHints":{"allow":["GET"]}}],"collection":[{"href":"https:\/\/ajupe.com.uy\/web\/wp-json\/wp\/v2\/product"}],"about":[{"href":"https:\/\/ajupe.com.uy\/web\/wp-json\/wp\/v2\/types\/product"}],"wp:featuredmedia":[{"embeddable":true,"href":"https:\/\/ajupe.com.uy\/web\/wp-json\/wp\/v2\/media\/3105"}],"wp:attachment":[{"href":"https:\/\/ajupe.com.uy\/web\/wp-json\/wp\/v2\/media?parent=3104"}],"wp:term":[{"taxonomy":"product_brand","embeddable":true,"href":"https:\/\/ajupe.com.uy\/web\/wp-json\/wp\/v2\/product_brand?post=3104"},{"taxonomy":"product_cat","embeddable":true,"href":"https:\/\/ajupe.com.uy\/web\/wp-json\/wp\/v2\/product_cat?post=3104"},{"taxonomy":"product_tag","embeddable":true,"href":"https:\/\/ajupe.com.uy\/web\/wp-json\/wp\/v2\/product_tag?post=3104"}],"curies":[{"name":"wp","href":"https:\/\/api.w.org\/{rel}","templated":true}]}}