{"id":3107,"date":"2011-09-15T19:34:49","date_gmt":"2011-09-15T22:34:49","guid":{"rendered":"http:\/\/ajupe.com.uy\/web\/?post_type=product&#038;p=3107"},"modified":"2011-09-15T19:35:21","modified_gmt":"2011-09-15T22:35:21","slug":"bosque-frio","status":"publish","type":"product","link":"https:\/\/ajupe.com.uy\/web\/biblioteca\/bosque-frio\/","title":{"rendered":"Bosque frio"},"content":{"rendered":"<p>Redmond Hatch regresa a la regi\u00f3n monta\u00f1osa donde naci\u00f3. All\u00ed conoce a  Red Strange, un hombre extra\u00f1o y seductor que toca el viol\u00edn y cuenta  cuentos tan encantadores que los hombres y mujeres de la zona est\u00e1n  dispuestos a permitir que se acerque a sus peque\u00f1os hijos. Hasta que un  d\u00eda se lo encuentra culpable de actos terribles, cuyas v\u00edctimas eran,  precisamente, esos ni\u00f1os. Una vez, Redmond hab\u00eda sido feliz. Estaba  casado con la bella Catherine y su hija Immy iluminaba sus d\u00edas. Pero  luego se sinti\u00f3 obligado a protegerla de la infidelidad, la traici\u00f3n y  de otros horrores que amenazaban el m\u00e1gico reino de la peque\u00f1a Immy.  Ahora Redmond es un vagabundo, perseguido por el espectro terrible de  Strange&#8230; Redmond decide reinventarse y se convierte en Dominic  Tiernan, un exitoso periodista televisivo, con una nueva esposa y una  nueva felicidad. Entonces, vuelve a ver a Catherine, y los antiguos  terrores regresan para acosarlo nuevamente.<\/p>\n","protected":false},"excerpt":{"rendered":"<p>Como los mejores relatos, Bosque fr\u00edo, nombrada mejor novela irlandesa de 2007 por el prestigioso peri\u00f3dico Irish Independent, es una historia sencilla y compleja a la vez, que nos habla del horror m\u00e1s grande: el que todos escondemos en lo m\u00e1s profundo de<\/p>\n","protected":false},"featured_media":3108,"template":"","meta":[],"product_brand":[1059],"product_cat":[37],"product_tag":[],"class_list":{"0":"post-3107","1":"product","2":"type-product","3":"status-publish","4":"has-post-thumbnail","6":"product_brand-mc-cabe-patrick","7":"product_cat-ficcion","9":"first","10":"instock","11":"purchasable","12":"product-type-simple"},"featured_image_urls_v2":{"full":["https:\/\/ajupe.com.uy\/web\/wp-content\/uploads\/2016\/04\/p-3107-Bosque_frio_4e7253599df6f.jpg",223,337,false],"thumbnail":["https:\/\/ajupe.com.uy\/web\/wp-content\/uploads\/2016\/04\/p-3107-Bosque_frio_4e7253599df6f.jpg",150,150,true],"medium":["https:\/\/ajupe.com.uy\/web\/wp-content\/uploads\/2016\/04\/p-3107-Bosque_frio_4e7253599df6f.jpg",300,214,true],"medium_large":["https:\/\/ajupe.com.uy\/web\/wp-content\/uploads\/2016\/04\/p-3107-Bosque_frio_4e7253599df6f.jpg",223,337,false],"large":["https:\/\/ajupe.com.uy\/web\/wp-content\/uploads\/2016\/04\/p-3107-Bosque_frio_4e7253599df6f.jpg",223,337,false],"1536x1536":["https:\/\/ajupe.com.uy\/web\/wp-content\/uploads\/2016\/04\/p-3107-Bosque_frio_4e7253599df6f.jpg",223,337,false],"2048x2048":["https:\/\/ajupe.com.uy\/web\/wp-content\/uploads\/2016\/04\/p-3107-Bosque_frio_4e7253599df6f.jpg",223,337,false],"woocommerce_archive_thumbnail":["https:\/\/ajupe.com.uy\/web\/wp-content\/uploads\/2016\/04\/p-3107-Bosque_frio_4e7253599df6f-223x300.jpg",223,300,true],"woocommerce_thumbnail":["https:\/\/ajupe.com.uy\/web\/wp-content\/uploads\/2016\/04\/p-3107-Bosque_frio_4e7253599df6f-223x300.jpg",223,300,true],"woocommerce_single":["https:\/\/ajupe.com.uy\/web\/wp-content\/uploads\/2016\/04\/p-3107-Bosque_frio_4e7253599df6f.jpg",223,337,false],"woocommerce_gallery_thumbnail":["https:\/\/ajupe.com.uy\/web\/wp-content\/uploads\/2016\/04\/p-3107-Bosque_frio_4e7253599df6f-100x100.jpg",100,100,true]},"post_excerpt_stackable_v2":"<p>Como los mejores relatos, Bosque fr\u00edo, nombrada mejor novela irlandesa de 2007 por el prestigioso peri\u00f3dico Irish Independent, es una historia sencilla y compleja a la vez, que nos habla del horror m\u00e1s grande: el que todos escondemos en lo m\u00e1s profundo de<\/p>\n","category_list_v2":"","author_info_v2":{"name":"","url":""},"comments_num_v2":"0 comentarios","_links":{"self":[{"href":"https:\/\/ajupe.com.uy\/web\/wp-json\/wp\/v2\/product\/3107","targetHints":{"allow":["GET"]}}],"collection":[{"href":"https:\/\/ajupe.com.uy\/web\/wp-json\/wp\/v2\/product"}],"about":[{"href":"https:\/\/ajupe.com.uy\/web\/wp-json\/wp\/v2\/types\/product"}],"wp:featuredmedia":[{"embeddable":true,"href":"https:\/\/ajupe.com.uy\/web\/wp-json\/wp\/v2\/media\/3108"}],"wp:attachment":[{"href":"https:\/\/ajupe.com.uy\/web\/wp-json\/wp\/v2\/media?parent=3107"}],"wp:term":[{"taxonomy":"product_brand","embeddable":true,"href":"https:\/\/ajupe.com.uy\/web\/wp-json\/wp\/v2\/product_brand?post=3107"},{"taxonomy":"product_cat","embeddable":true,"href":"https:\/\/ajupe.com.uy\/web\/wp-json\/wp\/v2\/product_cat?post=3107"},{"taxonomy":"product_tag","embeddable":true,"href":"https:\/\/ajupe.com.uy\/web\/wp-json\/wp\/v2\/product_tag?post=3107"}],"curies":[{"name":"wp","href":"https:\/\/api.w.org\/{rel}","templated":true}]}}