{"id":3113,"date":"2011-09-15T20:04:21","date_gmt":"2011-09-15T23:04:21","guid":{"rendered":"http:\/\/ajupe.com.uy\/web\/?post_type=product&#038;p=3113"},"modified":"2011-09-15T20:04:21","modified_gmt":"2011-09-15T23:04:21","slug":"la-tumba-de-alejandro","status":"publish","type":"product","link":"https:\/\/ajupe.com.uy\/web\/biblioteca\/la-tumba-de-alejandro\/","title":{"rendered":"La tumba de Alejandro"},"content":{"rendered":"<p>La tumba de Alejandro III de Macedonia, Alejandro Magno, fue la m\u00e1s  venerada durante siete siglos, hasta que desapareci\u00f3 su fama bajo la  sombra de otra tumba, la de Jes\u00fas de Nazaret. El sepulcro de Alejandro,  fue construido en Alejandr\u00eda, la ciudad que lleva su nombre, y  desapareci\u00f3 misteriosamente en el siglo IV.<\/p>\n<p> Sin embargo, el  fantasma de Alejandro no huy\u00f3 de la ciudad ni de la imaginaci\u00f3n popular.  Volvi\u00f3 a aparecer cuando la ciudad fue dominada por los musulmanes y  durante un par de siglos la tradici\u00f3n popular situ\u00f3 la tumba en diversos  lugares de Alejandr\u00eda. As\u00ed qued\u00f3 hasta el principio de la \u00e9poca  moderna, con el renacimiento de las culturas antiguas y la b\u00fasqueda  entusiasta no s\u00f3lo de arque\u00f3logos y estudiosos sino tambi\u00e9n de  aventureros, saqueadores de tumbas y buscadores de tesoros.<\/p>\n","protected":false},"excerpt":{"rendered":"<p>\u201cEste libro recorre la aventura de una tumba, la del m\u00e1s famoso personaje de la Antig\u00fcedad, Alejandro III de Macedonia llamado el Grande, y el mito que se form\u00f3 en torno a \u00e9l y se desarroll\u00f3 a trav\u00e9s de los siglos m\u00e1s all\u00e1 incluso del final del mundo anti<\/p>\n","protected":false},"featured_media":3114,"template":"","meta":[],"product_brand":[335],"product_cat":[31],"product_tag":[],"class_list":{"0":"post-3113","1":"product","2":"type-product","3":"status-publish","4":"has-post-thumbnail","6":"product_brand-valerio-massimo-manfredi","7":"product_cat-historico","9":"first","10":"instock","11":"purchasable","12":"product-type-simple"},"featured_image_urls_v2":{"full":["https:\/\/ajupe.com.uy\/web\/wp-content\/uploads\/2016\/04\/p-3113-La_tumba_de_Alej_4e725a45b8dfe.jpg",225,335,false],"thumbnail":["https:\/\/ajupe.com.uy\/web\/wp-content\/uploads\/2016\/04\/p-3113-La_tumba_de_Alej_4e725a45b8dfe.jpg",150,150,true],"medium":["https:\/\/ajupe.com.uy\/web\/wp-content\/uploads\/2016\/04\/p-3113-La_tumba_de_Alej_4e725a45b8dfe.jpg",300,214,true],"medium_large":["https:\/\/ajupe.com.uy\/web\/wp-content\/uploads\/2016\/04\/p-3113-La_tumba_de_Alej_4e725a45b8dfe.jpg",225,335,false],"large":["https:\/\/ajupe.com.uy\/web\/wp-content\/uploads\/2016\/04\/p-3113-La_tumba_de_Alej_4e725a45b8dfe.jpg",225,335,false],"1536x1536":["https:\/\/ajupe.com.uy\/web\/wp-content\/uploads\/2016\/04\/p-3113-La_tumba_de_Alej_4e725a45b8dfe.jpg",225,335,false],"2048x2048":["https:\/\/ajupe.com.uy\/web\/wp-content\/uploads\/2016\/04\/p-3113-La_tumba_de_Alej_4e725a45b8dfe.jpg",225,335,false],"woocommerce_archive_thumbnail":["https:\/\/ajupe.com.uy\/web\/wp-content\/uploads\/2016\/04\/p-3113-La_tumba_de_Alej_4e725a45b8dfe-225x300.jpg",225,300,true],"woocommerce_thumbnail":["https:\/\/ajupe.com.uy\/web\/wp-content\/uploads\/2016\/04\/p-3113-La_tumba_de_Alej_4e725a45b8dfe-225x300.jpg",225,300,true],"woocommerce_single":["https:\/\/ajupe.com.uy\/web\/wp-content\/uploads\/2016\/04\/p-3113-La_tumba_de_Alej_4e725a45b8dfe.jpg",225,335,false],"woocommerce_gallery_thumbnail":["https:\/\/ajupe.com.uy\/web\/wp-content\/uploads\/2016\/04\/p-3113-La_tumba_de_Alej_4e725a45b8dfe-100x100.jpg",100,100,true]},"post_excerpt_stackable_v2":"<p>\u201cEste libro recorre la aventura de una tumba, la del m\u00e1s famoso personaje de la Antig\u00fcedad, Alejandro III de Macedonia llamado el Grande, y el mito que se form\u00f3 en torno a \u00e9l y se desarroll\u00f3 a trav\u00e9s de los siglos m\u00e1s all\u00e1 incluso del final del mundo anti<\/p>\n","category_list_v2":"","author_info_v2":{"name":"","url":""},"comments_num_v2":"0 comentarios","_links":{"self":[{"href":"https:\/\/ajupe.com.uy\/web\/wp-json\/wp\/v2\/product\/3113","targetHints":{"allow":["GET"]}}],"collection":[{"href":"https:\/\/ajupe.com.uy\/web\/wp-json\/wp\/v2\/product"}],"about":[{"href":"https:\/\/ajupe.com.uy\/web\/wp-json\/wp\/v2\/types\/product"}],"wp:featuredmedia":[{"embeddable":true,"href":"https:\/\/ajupe.com.uy\/web\/wp-json\/wp\/v2\/media\/3114"}],"wp:attachment":[{"href":"https:\/\/ajupe.com.uy\/web\/wp-json\/wp\/v2\/media?parent=3113"}],"wp:term":[{"taxonomy":"product_brand","embeddable":true,"href":"https:\/\/ajupe.com.uy\/web\/wp-json\/wp\/v2\/product_brand?post=3113"},{"taxonomy":"product_cat","embeddable":true,"href":"https:\/\/ajupe.com.uy\/web\/wp-json\/wp\/v2\/product_cat?post=3113"},{"taxonomy":"product_tag","embeddable":true,"href":"https:\/\/ajupe.com.uy\/web\/wp-json\/wp\/v2\/product_tag?post=3113"}],"curies":[{"name":"wp","href":"https:\/\/api.w.org\/{rel}","templated":true}]}}