{"id":3122,"date":"2011-09-16T20:30:55","date_gmt":"2011-09-16T23:30:55","guid":{"rendered":"http:\/\/ajupe.com.uy\/web\/?post_type=product&#038;p=3122"},"modified":"2011-09-27T18:41:50","modified_gmt":"2011-09-27T21:41:50","slug":"b-de-bestias","status":"publish","type":"product","link":"https:\/\/ajupe.com.uy\/web\/biblioteca\/b-de-bestias\/","title":{"rendered":"B de bestias"},"content":{"rendered":"<p>La investigadora privada\u00a0<strong style=\"font-size: 11px;\">Kinsey Millhone<\/strong> tiene problemas para llegar a fin de mes el d\u00eda en que no tiene m\u00e1s remedio que aceptar el rutinario encargo de buscar a la hermana de Mrs. Danziger, Elaine. Ahora bien, cuando llega al apartamento de \u00e9sta y se encuentra con que lo ocupa otra enigm\u00e1tica mujer, cuando Mrs. Danziger le pide de pronto que abandone el caso, cuando se entera de que, pocos d\u00edas antes de la desaparici\u00f3n de Elaine, su vecina y compa\u00f1era de bridge ha sido brutalmente asesinada y su casa ha desaparecido bajo las llamas, cuando el sobrino drogadicto de \u00e9sta sabe m\u00e1s de lo que dice, cuando se producen misteriosos registros, extra\u00f1as ingerencias y, finalmente, otro asesinato, a la obstinada y meticulosa\u00a0<strong style=\"font-size: 11px;\">Kinsey Millhone<\/strong> el asunto le va pareciendo todo menos rutinario. Y como m\u00e1s investiga, m\u00e1s se ve envuelta en un diab\u00f3lico laberinto de espejos en el que nada -excepto el peligro- es en realidad lo que parece ser.<\/p>\n","protected":false},"excerpt":{"rendered":"<p>La investigadora privada Kinsey Millhone tiene problemas para llegar a fin de mes el d\u00eda en que no tiene m\u00e1s remedio que aceptar el rutinario encargo de buscar a la hermana de Mrs. Danziger, Elaine.<\/p>\n","protected":false},"featured_media":3123,"template":"","meta":[],"product_brand":[900],"product_cat":[30],"product_tag":[],"class_list":{"0":"post-3122","1":"product","2":"type-product","3":"status-publish","4":"has-post-thumbnail","6":"product_brand-sue-grafton","7":"product_cat-suspenso","9":"first","10":"instock","11":"purchasable","12":"product-type-simple"},"featured_image_urls_v2":{"full":["https:\/\/ajupe.com.uy\/web\/wp-content\/uploads\/2016\/04\/p-3122-B_de_bestias_4e73b1ff0bad1.jpg",132,200,false],"thumbnail":["https:\/\/ajupe.com.uy\/web\/wp-content\/uploads\/2016\/04\/p-3122-B_de_bestias_4e73b1ff0bad1.jpg",150,150,true],"medium":["https:\/\/ajupe.com.uy\/web\/wp-content\/uploads\/2016\/04\/p-3122-B_de_bestias_4e73b1ff0bad1.jpg",300,214,true],"medium_large":["https:\/\/ajupe.com.uy\/web\/wp-content\/uploads\/2016\/04\/p-3122-B_de_bestias_4e73b1ff0bad1.jpg",132,200,false],"large":["https:\/\/ajupe.com.uy\/web\/wp-content\/uploads\/2016\/04\/p-3122-B_de_bestias_4e73b1ff0bad1.jpg",132,200,false],"1536x1536":["https:\/\/ajupe.com.uy\/web\/wp-content\/uploads\/2016\/04\/p-3122-B_de_bestias_4e73b1ff0bad1.jpg",132,200,false],"2048x2048":["https:\/\/ajupe.com.uy\/web\/wp-content\/uploads\/2016\/04\/p-3122-B_de_bestias_4e73b1ff0bad1.jpg",132,200,false],"woocommerce_archive_thumbnail":["https:\/\/ajupe.com.uy\/web\/wp-content\/uploads\/2016\/04\/p-3122-B_de_bestias_4e73b1ff0bad1.jpg",132,200,false],"woocommerce_thumbnail":["https:\/\/ajupe.com.uy\/web\/wp-content\/uploads\/2016\/04\/p-3122-B_de_bestias_4e73b1ff0bad1.jpg",132,200,false],"woocommerce_single":["https:\/\/ajupe.com.uy\/web\/wp-content\/uploads\/2016\/04\/p-3122-B_de_bestias_4e73b1ff0bad1.jpg",132,200,false],"woocommerce_gallery_thumbnail":["https:\/\/ajupe.com.uy\/web\/wp-content\/uploads\/2016\/04\/p-3122-B_de_bestias_4e73b1ff0bad1-100x100.jpg",100,100,true]},"post_excerpt_stackable_v2":"<p>La investigadora privada Kinsey Millhone tiene problemas para llegar a fin de mes el d\u00eda en que no tiene m\u00e1s remedio que aceptar el rutinario encargo de buscar a la hermana de Mrs. Danziger, Elaine.<\/p>\n","category_list_v2":"","author_info_v2":{"name":"","url":""},"comments_num_v2":"0 comentarios","_links":{"self":[{"href":"https:\/\/ajupe.com.uy\/web\/wp-json\/wp\/v2\/product\/3122","targetHints":{"allow":["GET"]}}],"collection":[{"href":"https:\/\/ajupe.com.uy\/web\/wp-json\/wp\/v2\/product"}],"about":[{"href":"https:\/\/ajupe.com.uy\/web\/wp-json\/wp\/v2\/types\/product"}],"wp:featuredmedia":[{"embeddable":true,"href":"https:\/\/ajupe.com.uy\/web\/wp-json\/wp\/v2\/media\/3123"}],"wp:attachment":[{"href":"https:\/\/ajupe.com.uy\/web\/wp-json\/wp\/v2\/media?parent=3122"}],"wp:term":[{"taxonomy":"product_brand","embeddable":true,"href":"https:\/\/ajupe.com.uy\/web\/wp-json\/wp\/v2\/product_brand?post=3122"},{"taxonomy":"product_cat","embeddable":true,"href":"https:\/\/ajupe.com.uy\/web\/wp-json\/wp\/v2\/product_cat?post=3122"},{"taxonomy":"product_tag","embeddable":true,"href":"https:\/\/ajupe.com.uy\/web\/wp-json\/wp\/v2\/product_tag?post=3122"}],"curies":[{"name":"wp","href":"https:\/\/api.w.org\/{rel}","templated":true}]}}