{"id":3125,"date":"2011-09-16T20:35:47","date_gmt":"2011-09-16T23:35:47","guid":{"rendered":"http:\/\/ajupe.com.uy\/web\/?post_type=product&#038;p=3125"},"modified":"2011-09-27T18:42:29","modified_gmt":"2011-09-27T21:42:29","slug":"c-de-cadaver","status":"publish","type":"product","link":"https:\/\/ajupe.com.uy\/web\/biblioteca\/c-de-cadaver\/","title":{"rendered":"C de Cad\u00e1ver"},"content":{"rendered":"<p>Bobby Callahan, un joven reservado y con el rostro deformado que hab\u00eda llamado la atenci\u00f3n de Kinsey Millhone en el gimnasio del barrio, se le acerca un d\u00eda y le cuenta que, tras el accidente que le dej\u00f3 amn\u00e9sico y con el cuerpo zurcido de cicatrices, est\u00e1 convencido de que alguien quiere matarle, aunque ignore por qu\u00e9. La poli se hab\u00eda alzado de hombros ante sus temores y su adinerada familia cree que le falta un tornillo. Pero \u00e9l tiene miedo, un miedo mortal, y le pide a Kinsey que le ayude y le proteja. \u00abPoco hay por d\u00f3nde coger este caso\u00bb, piensa ella, pero, como Bobby le cae bien, es obstinado y est\u00e1 maltrecho, acepta trabajar para \u00e9l. Sin embargo, tres d\u00edas despu\u00e9s, Bobby Callahan aparece muerto\u2026 Para Kinsey Millhone, un trato es un trato, y nunca abandona un caso a medio camino. La hab\u00edan contratado para impedir un asesinato ; \u00a1ahora le toca buscar al asesino !.<\/p>\n","protected":false},"excerpt":{"rendered":"<p>Bobby Callahan, un joven reservado y con el rostro deformado que hab\u00eda llamado la atenci\u00f3n de Kinsey Millhone en el gimnasio del barrio, se le acerca un d\u00eda y le cuenta que, tras el accidente que le dej\u00f3 amn\u00e9sico y con el cuerpo zurcido de cicatrices, est<\/p>\n","protected":false},"featured_media":3126,"template":"","meta":[],"product_brand":[900],"product_cat":[30],"product_tag":[],"class_list":{"0":"post-3125","1":"product","2":"type-product","3":"status-publish","4":"has-post-thumbnail","6":"product_brand-sue-grafton","7":"product_cat-suspenso","9":"first","10":"instock","11":"purchasable","12":"product-type-simple"},"featured_image_urls_v2":{"full":["https:\/\/ajupe.com.uy\/web\/wp-content\/uploads\/2016\/04\/p-3125-C_de_Cad__ver_4e73b3232609e.jpg",132,200,false],"thumbnail":["https:\/\/ajupe.com.uy\/web\/wp-content\/uploads\/2016\/04\/p-3125-C_de_Cad__ver_4e73b3232609e.jpg",150,150,true],"medium":["https:\/\/ajupe.com.uy\/web\/wp-content\/uploads\/2016\/04\/p-3125-C_de_Cad__ver_4e73b3232609e.jpg",300,214,true],"medium_large":["https:\/\/ajupe.com.uy\/web\/wp-content\/uploads\/2016\/04\/p-3125-C_de_Cad__ver_4e73b3232609e.jpg",132,200,false],"large":["https:\/\/ajupe.com.uy\/web\/wp-content\/uploads\/2016\/04\/p-3125-C_de_Cad__ver_4e73b3232609e.jpg",132,200,false],"1536x1536":["https:\/\/ajupe.com.uy\/web\/wp-content\/uploads\/2016\/04\/p-3125-C_de_Cad__ver_4e73b3232609e.jpg",132,200,false],"2048x2048":["https:\/\/ajupe.com.uy\/web\/wp-content\/uploads\/2016\/04\/p-3125-C_de_Cad__ver_4e73b3232609e.jpg",132,200,false],"woocommerce_archive_thumbnail":["https:\/\/ajupe.com.uy\/web\/wp-content\/uploads\/2016\/04\/p-3125-C_de_Cad__ver_4e73b3232609e.jpg",132,200,false],"woocommerce_thumbnail":["https:\/\/ajupe.com.uy\/web\/wp-content\/uploads\/2016\/04\/p-3125-C_de_Cad__ver_4e73b3232609e.jpg",132,200,false],"woocommerce_single":["https:\/\/ajupe.com.uy\/web\/wp-content\/uploads\/2016\/04\/p-3125-C_de_Cad__ver_4e73b3232609e.jpg",132,200,false],"woocommerce_gallery_thumbnail":["https:\/\/ajupe.com.uy\/web\/wp-content\/uploads\/2016\/04\/p-3125-C_de_Cad__ver_4e73b3232609e-100x100.jpg",100,100,true]},"post_excerpt_stackable_v2":"<p>Bobby Callahan, un joven reservado y con el rostro deformado que hab\u00eda llamado la atenci\u00f3n de Kinsey Millhone en el gimnasio del barrio, se le acerca un d\u00eda y le cuenta que, tras el accidente que le dej\u00f3 amn\u00e9sico y con el cuerpo zurcido de cicatrices, est<\/p>\n","category_list_v2":"","author_info_v2":{"name":"","url":""},"comments_num_v2":"0 comentarios","_links":{"self":[{"href":"https:\/\/ajupe.com.uy\/web\/wp-json\/wp\/v2\/product\/3125","targetHints":{"allow":["GET"]}}],"collection":[{"href":"https:\/\/ajupe.com.uy\/web\/wp-json\/wp\/v2\/product"}],"about":[{"href":"https:\/\/ajupe.com.uy\/web\/wp-json\/wp\/v2\/types\/product"}],"wp:featuredmedia":[{"embeddable":true,"href":"https:\/\/ajupe.com.uy\/web\/wp-json\/wp\/v2\/media\/3126"}],"wp:attachment":[{"href":"https:\/\/ajupe.com.uy\/web\/wp-json\/wp\/v2\/media?parent=3125"}],"wp:term":[{"taxonomy":"product_brand","embeddable":true,"href":"https:\/\/ajupe.com.uy\/web\/wp-json\/wp\/v2\/product_brand?post=3125"},{"taxonomy":"product_cat","embeddable":true,"href":"https:\/\/ajupe.com.uy\/web\/wp-json\/wp\/v2\/product_cat?post=3125"},{"taxonomy":"product_tag","embeddable":true,"href":"https:\/\/ajupe.com.uy\/web\/wp-json\/wp\/v2\/product_tag?post=3125"}],"curies":[{"name":"wp","href":"https:\/\/api.w.org\/{rel}","templated":true}]}}