{"id":3131,"date":"2011-09-16T20:41:06","date_gmt":"2011-09-16T23:41:06","guid":{"rendered":"http:\/\/ajupe.com.uy\/web\/?post_type=product&#038;p=3131"},"modified":"2011-09-27T18:44:12","modified_gmt":"2011-09-27T21:44:12","slug":"j-de-juicio","status":"publish","type":"product","link":"https:\/\/ajupe.com.uy\/web\/biblioteca\/j-de-juicio\/","title":{"rendered":"J de Juicio"},"content":{"rendered":"<p>Cuando encontraron el yate de<strong style=\"font-size: 11px;\"> Wendell Jaffe<\/strong> a la deriva, todo indicaba que se hab\u00eda tirado por la borda. No s\u00f3lo lo confirmaba la nota que \u00e9l hab\u00eda dejado, sino tambi\u00e9n su desastrosa situaci\u00f3n financiera. Aun as\u00ed, poco antes, hab\u00eda suscrito con la compa\u00f1\u00eda para la que trabaja\u00a0<strong style=\"font-size: 11px;\">Kinsey Millhone<\/strong> un seguro de vida de quinientos mil d\u00f3lares a nombre de\u00a0<strong style=\"font-size: 11px;\">Dana<\/strong>, su mujer, quien, sin embargo, al haber desaparecido el cad\u00e1ver de su marido, tuvo que esperar cinco a\u00f1os hasta que fuera dado oficialmente por muerto. Pero quiso el azar que un d\u00eda un agente de la compa\u00f1\u00eda de seguros descubriera a\u00a0<strong style=\"font-size: 11px;\">Jaffe<\/strong> en la barra de un bar miserable de la costa mexicana, justo dos meses despu\u00e9s de que\u00a0<strong style=\"font-size: 11px;\">Dana<\/strong> cobrara el seguro de su marido. Por supuesto, la compa\u00f1\u00eda quiere deshacer en entuerto y contrata a\u00a0<strong style=\"font-size: 11px;\">Kinsey<\/strong> para investigar el caso. Pero cuanto m\u00e1s se adentra ella en el misterio que rodea al supuesto suicidio de\u00a0<strong style=\"font-size: 11px;\">Wendell Jaffe<\/strong>, m\u00e1s hondo excava tambi\u00e9n en su propio pasado\u2026<\/p>\n","protected":false},"excerpt":{"rendered":"<p>Cuando encontraron el yate de Wendell Jaffe a la deriva, todo indicaba que se hab\u00eda tirado por la borda.<\/p>\n","protected":false},"featured_media":3132,"template":"","meta":[],"product_brand":[900],"product_cat":[30],"product_tag":[],"class_list":{"0":"post-3131","1":"product","2":"type-product","3":"status-publish","4":"has-post-thumbnail","6":"product_brand-sue-grafton","7":"product_cat-suspenso","9":"first","10":"instock","11":"purchasable","12":"product-type-simple"},"featured_image_urls_v2":{"full":["https:\/\/ajupe.com.uy\/web\/wp-content\/uploads\/2016\/04\/p-3131-J_de_Juicio_4e73b462f2594.jpg",134,200,false],"thumbnail":["https:\/\/ajupe.com.uy\/web\/wp-content\/uploads\/2016\/04\/p-3131-J_de_Juicio_4e73b462f2594.jpg",150,150,true],"medium":["https:\/\/ajupe.com.uy\/web\/wp-content\/uploads\/2016\/04\/p-3131-J_de_Juicio_4e73b462f2594.jpg",300,214,true],"medium_large":["https:\/\/ajupe.com.uy\/web\/wp-content\/uploads\/2016\/04\/p-3131-J_de_Juicio_4e73b462f2594.jpg",134,200,false],"large":["https:\/\/ajupe.com.uy\/web\/wp-content\/uploads\/2016\/04\/p-3131-J_de_Juicio_4e73b462f2594.jpg",134,200,false],"1536x1536":["https:\/\/ajupe.com.uy\/web\/wp-content\/uploads\/2016\/04\/p-3131-J_de_Juicio_4e73b462f2594.jpg",134,200,false],"2048x2048":["https:\/\/ajupe.com.uy\/web\/wp-content\/uploads\/2016\/04\/p-3131-J_de_Juicio_4e73b462f2594.jpg",134,200,false],"woocommerce_archive_thumbnail":["https:\/\/ajupe.com.uy\/web\/wp-content\/uploads\/2016\/04\/p-3131-J_de_Juicio_4e73b462f2594.jpg",134,200,false],"woocommerce_thumbnail":["https:\/\/ajupe.com.uy\/web\/wp-content\/uploads\/2016\/04\/p-3131-J_de_Juicio_4e73b462f2594.jpg",134,200,false],"woocommerce_single":["https:\/\/ajupe.com.uy\/web\/wp-content\/uploads\/2016\/04\/p-3131-J_de_Juicio_4e73b462f2594.jpg",134,200,false],"woocommerce_gallery_thumbnail":["https:\/\/ajupe.com.uy\/web\/wp-content\/uploads\/2016\/04\/p-3131-J_de_Juicio_4e73b462f2594-100x100.jpg",100,100,true]},"post_excerpt_stackable_v2":"<p>Cuando encontraron el yate de Wendell Jaffe a la deriva, todo indicaba que se hab\u00eda tirado por la borda.<\/p>\n","category_list_v2":"","author_info_v2":{"name":"","url":""},"comments_num_v2":"0 comentarios","_links":{"self":[{"href":"https:\/\/ajupe.com.uy\/web\/wp-json\/wp\/v2\/product\/3131","targetHints":{"allow":["GET"]}}],"collection":[{"href":"https:\/\/ajupe.com.uy\/web\/wp-json\/wp\/v2\/product"}],"about":[{"href":"https:\/\/ajupe.com.uy\/web\/wp-json\/wp\/v2\/types\/product"}],"wp:featuredmedia":[{"embeddable":true,"href":"https:\/\/ajupe.com.uy\/web\/wp-json\/wp\/v2\/media\/3132"}],"wp:attachment":[{"href":"https:\/\/ajupe.com.uy\/web\/wp-json\/wp\/v2\/media?parent=3131"}],"wp:term":[{"taxonomy":"product_brand","embeddable":true,"href":"https:\/\/ajupe.com.uy\/web\/wp-json\/wp\/v2\/product_brand?post=3131"},{"taxonomy":"product_cat","embeddable":true,"href":"https:\/\/ajupe.com.uy\/web\/wp-json\/wp\/v2\/product_cat?post=3131"},{"taxonomy":"product_tag","embeddable":true,"href":"https:\/\/ajupe.com.uy\/web\/wp-json\/wp\/v2\/product_tag?post=3131"}],"curies":[{"name":"wp","href":"https:\/\/api.w.org\/{rel}","templated":true}]}}