{"id":3137,"date":"2011-09-16T21:17:18","date_gmt":"2011-09-17T00:17:18","guid":{"rendered":"http:\/\/ajupe.com.uy\/web\/?post_type=product&#038;p=3137"},"modified":"2011-09-19T21:54:52","modified_gmt":"2011-09-20T00:54:52","slug":"el-codigo-da-vinci","status":"publish","type":"product","link":"https:\/\/ajupe.com.uy\/web\/biblioteca\/el-codigo-da-vinci\/","title":{"rendered":"El Codigo Da Vinci"},"content":{"rendered":"<p style=\"font-family: Arial,Helvetica,sans-serif; font-size: small; margin-bottom: 5px; margin-top: 0px;\">Antes de morir asesinado, Jacques Sauni\u00e9re, el \u00faltimo Gran Maestre de una sociedad secreta que se remonta a la fundaci\u00f3n de los Templarios, transmite a su nieta Sophie una misteriosa clave. Sauni\u00e9re y sus predecesores, entre los que se encontraban hombres como Isaac Newton o Leonardo Da Vinci, han conservado durante siglos un conocimiento que puede cambiar completamente la historia de la humanidad.<\/p>\n<p style=\"font-family: Arial,Helvetica,sans-serif; font-size: small; margin-bottom: 5px; margin-top: 0px;\">Ahora Sophie, con la ayuda del experto en simbolog\u00eda Robert Langdon, comienza la b\u00fasqueda de ese secreto, en una trepidante carrera que les lleva de una clave a otra, descifrando mensajes ocultos en los m\u00e1s famosos cuadros del genial pintor y en las paredes de antiguas catedrales.<\/p>\n<p style=\"font-family: Arial,Helvetica,sans-serif; font-size: small; margin-bottom: 5px; margin-top: 0px;\">Un rompecabezas que deber\u00e1n resolver pronto, ya que no est\u00e1n solos en el juego: una poderosa e influyente organizaci\u00f3n cat\u00f3lica est\u00e1 dispuesta a emplear todos los medios para evitar que el secreto salga a la luz.<\/p>\n<p style=\"font-family: Arial,Helvetica,sans-serif; font-size: small; margin-bottom: 5px; margin-top: 0px;\">Un apasionante juego de claves escondidas, sorprendentes revelaciones, acertijos ingeniosos, verdades, mentiras, realidades hist\u00f3ricas, mitos, s\u00edmbolos, ritos, misterios y suposiciones en una trama llena de giros inesperados, narrada con un ritmo imparable que conduce al lector hasta el secreto m\u00e1s celosamente guardado del inicio de nuestra era.<\/p>\n","protected":false},"excerpt":{"rendered":"<p>El libro narra los intentos de Robert Langdon, Profesor de Iconograf\u00eda Religiosa de la Universidad Harvard, para resolver el misterioso asesinato de Jacques Sauni\u00e8re ocurrido en el Museo del Louvre en Par\u00eds.<\/p>\n","protected":false},"featured_media":3138,"template":"","meta":[],"product_brand":[382],"product_cat":[29,30],"product_tag":[],"class_list":{"0":"post-3137","1":"product","2":"type-product","3":"status-publish","4":"has-post-thumbnail","6":"product_brand-dan-brown","7":"product_cat-novela","8":"product_cat-suspenso","10":"first","11":"instock","12":"purchasable","13":"product-type-simple"},"featured_image_urls_v2":{"full":["https:\/\/ajupe.com.uy\/web\/wp-content\/uploads\/2016\/04\/p-3137-El_Codigo_Da_Vin_4e73bcde54397.jpg",182,277,false],"thumbnail":["https:\/\/ajupe.com.uy\/web\/wp-content\/uploads\/2016\/04\/p-3137-El_Codigo_Da_Vin_4e73bcde54397.jpg",150,150,true],"medium":["https:\/\/ajupe.com.uy\/web\/wp-content\/uploads\/2016\/04\/p-3137-El_Codigo_Da_Vin_4e73bcde54397.jpg",300,214,true],"medium_large":["https:\/\/ajupe.com.uy\/web\/wp-content\/uploads\/2016\/04\/p-3137-El_Codigo_Da_Vin_4e73bcde54397.jpg",182,277,false],"large":["https:\/\/ajupe.com.uy\/web\/wp-content\/uploads\/2016\/04\/p-3137-El_Codigo_Da_Vin_4e73bcde54397.jpg",182,277,false],"1536x1536":["https:\/\/ajupe.com.uy\/web\/wp-content\/uploads\/2016\/04\/p-3137-El_Codigo_Da_Vin_4e73bcde54397.jpg",182,277,false],"2048x2048":["https:\/\/ajupe.com.uy\/web\/wp-content\/uploads\/2016\/04\/p-3137-El_Codigo_Da_Vin_4e73bcde54397.jpg",182,277,false],"woocommerce_archive_thumbnail":["https:\/\/ajupe.com.uy\/web\/wp-content\/uploads\/2016\/04\/p-3137-El_Codigo_Da_Vin_4e73bcde54397.jpg",182,277,false],"woocommerce_thumbnail":["https:\/\/ajupe.com.uy\/web\/wp-content\/uploads\/2016\/04\/p-3137-El_Codigo_Da_Vin_4e73bcde54397.jpg",182,277,false],"woocommerce_single":["https:\/\/ajupe.com.uy\/web\/wp-content\/uploads\/2016\/04\/p-3137-El_Codigo_Da_Vin_4e73bcde54397.jpg",182,277,false],"woocommerce_gallery_thumbnail":["https:\/\/ajupe.com.uy\/web\/wp-content\/uploads\/2016\/04\/p-3137-El_Codigo_Da_Vin_4e73bcde54397-100x100.jpg",100,100,true]},"post_excerpt_stackable_v2":"<p>El libro narra los intentos de Robert Langdon, Profesor de Iconograf\u00eda Religiosa de la Universidad Harvard, para resolver el misterioso asesinato de Jacques Sauni\u00e8re ocurrido en el Museo del Louvre en Par\u00eds.<\/p>\n","category_list_v2":"","author_info_v2":{"name":"","url":""},"comments_num_v2":"0 comentarios","_links":{"self":[{"href":"https:\/\/ajupe.com.uy\/web\/wp-json\/wp\/v2\/product\/3137","targetHints":{"allow":["GET"]}}],"collection":[{"href":"https:\/\/ajupe.com.uy\/web\/wp-json\/wp\/v2\/product"}],"about":[{"href":"https:\/\/ajupe.com.uy\/web\/wp-json\/wp\/v2\/types\/product"}],"wp:featuredmedia":[{"embeddable":true,"href":"https:\/\/ajupe.com.uy\/web\/wp-json\/wp\/v2\/media\/3138"}],"wp:attachment":[{"href":"https:\/\/ajupe.com.uy\/web\/wp-json\/wp\/v2\/media?parent=3137"}],"wp:term":[{"taxonomy":"product_brand","embeddable":true,"href":"https:\/\/ajupe.com.uy\/web\/wp-json\/wp\/v2\/product_brand?post=3137"},{"taxonomy":"product_cat","embeddable":true,"href":"https:\/\/ajupe.com.uy\/web\/wp-json\/wp\/v2\/product_cat?post=3137"},{"taxonomy":"product_tag","embeddable":true,"href":"https:\/\/ajupe.com.uy\/web\/wp-json\/wp\/v2\/product_tag?post=3137"}],"curies":[{"name":"wp","href":"https:\/\/api.w.org\/{rel}","templated":true}]}}