{"id":3140,"date":"2011-09-16T21:18:14","date_gmt":"2011-09-17T00:18:14","guid":{"rendered":"http:\/\/ajupe.com.uy\/web\/?post_type=product&#038;p=3140"},"modified":"2011-09-27T18:35:31","modified_gmt":"2011-09-27T21:35:31","slug":"un-raton-en-el-pasillo-colecc-tomo-2","status":"publish","type":"product","link":"https:\/\/ajupe.com.uy\/web\/biblioteca\/un-raton-en-el-pasillo-colecc-tomo-2\/","title":{"rendered":"UN RATON EN EL PASILLO (COLECC. TOMO 2)"},"content":{"rendered":"<p>Delacroix, el perturbado que incendi\u00f3 una casa con todos sus moradores dentro, ha conseguido amaestrar al extra\u00f1o rat\u00f3n que se pasea por el pasillo de la muerte. S\u00f3lo acepta comida de los carceleros, provoca reacciones agresivas e inesperadas y nunca entra en las celdas. Es un animalillo misterioso, demasiado misterioso.<\/p>\n","protected":false},"excerpt":{"rendered":"<p>La historia es narrada por Paul Edgecombe, un ex funcionario de prisiones encargado del Bloque E de la prisi\u00f3n de Could Mountain, el bloque de los condenados a muerte. La historia se divide en seis libros: el primero se titula Las gemelas asesinadas, el s<\/p>\n","protected":false},"featured_media":3141,"template":"","meta":[],"product_brand":[115],"product_cat":[30],"product_tag":[],"class_list":{"0":"post-3140","1":"product","2":"type-product","3":"status-publish","4":"has-post-thumbnail","6":"product_brand-stephen-king","7":"product_cat-suspenso","9":"first","10":"instock","11":"purchasable","12":"product-type-simple"},"featured_image_urls_v2":{"full":["https:\/\/ajupe.com.uy\/web\/wp-content\/uploads\/2016\/04\/p-3140-UN_RATON_EN_EL_P_4e73bd16de956.jpg",263,400,false],"thumbnail":["https:\/\/ajupe.com.uy\/web\/wp-content\/uploads\/2016\/04\/p-3140-UN_RATON_EN_EL_P_4e73bd16de956.jpg",150,150,true],"medium":["https:\/\/ajupe.com.uy\/web\/wp-content\/uploads\/2016\/04\/p-3140-UN_RATON_EN_EL_P_4e73bd16de956.jpg",300,214,true],"medium_large":["https:\/\/ajupe.com.uy\/web\/wp-content\/uploads\/2016\/04\/p-3140-UN_RATON_EN_EL_P_4e73bd16de956.jpg",263,400,false],"large":["https:\/\/ajupe.com.uy\/web\/wp-content\/uploads\/2016\/04\/p-3140-UN_RATON_EN_EL_P_4e73bd16de956.jpg",263,400,false],"1536x1536":["https:\/\/ajupe.com.uy\/web\/wp-content\/uploads\/2016\/04\/p-3140-UN_RATON_EN_EL_P_4e73bd16de956.jpg",263,400,false],"2048x2048":["https:\/\/ajupe.com.uy\/web\/wp-content\/uploads\/2016\/04\/p-3140-UN_RATON_EN_EL_P_4e73bd16de956.jpg",263,400,false],"woocommerce_archive_thumbnail":["https:\/\/ajupe.com.uy\/web\/wp-content\/uploads\/2016\/04\/p-3140-UN_RATON_EN_EL_P_4e73bd16de956-263x300.jpg",263,300,true],"woocommerce_thumbnail":["https:\/\/ajupe.com.uy\/web\/wp-content\/uploads\/2016\/04\/p-3140-UN_RATON_EN_EL_P_4e73bd16de956-263x300.jpg",263,300,true],"woocommerce_single":["https:\/\/ajupe.com.uy\/web\/wp-content\/uploads\/2016\/04\/p-3140-UN_RATON_EN_EL_P_4e73bd16de956.jpg",263,400,false],"woocommerce_gallery_thumbnail":["https:\/\/ajupe.com.uy\/web\/wp-content\/uploads\/2016\/04\/p-3140-UN_RATON_EN_EL_P_4e73bd16de956-100x100.jpg",100,100,true]},"post_excerpt_stackable_v2":"<p>La historia es narrada por Paul Edgecombe, un ex funcionario de prisiones encargado del Bloque E de la prisi\u00f3n de Could Mountain, el bloque de los condenados a muerte. La historia se divide en seis libros: el primero se titula Las gemelas asesinadas, el s<\/p>\n","category_list_v2":"","author_info_v2":{"name":"","url":""},"comments_num_v2":"0 comentarios","_links":{"self":[{"href":"https:\/\/ajupe.com.uy\/web\/wp-json\/wp\/v2\/product\/3140","targetHints":{"allow":["GET"]}}],"collection":[{"href":"https:\/\/ajupe.com.uy\/web\/wp-json\/wp\/v2\/product"}],"about":[{"href":"https:\/\/ajupe.com.uy\/web\/wp-json\/wp\/v2\/types\/product"}],"wp:featuredmedia":[{"embeddable":true,"href":"https:\/\/ajupe.com.uy\/web\/wp-json\/wp\/v2\/media\/3141"}],"wp:attachment":[{"href":"https:\/\/ajupe.com.uy\/web\/wp-json\/wp\/v2\/media?parent=3140"}],"wp:term":[{"taxonomy":"product_brand","embeddable":true,"href":"https:\/\/ajupe.com.uy\/web\/wp-json\/wp\/v2\/product_brand?post=3140"},{"taxonomy":"product_cat","embeddable":true,"href":"https:\/\/ajupe.com.uy\/web\/wp-json\/wp\/v2\/product_cat?post=3140"},{"taxonomy":"product_tag","embeddable":true,"href":"https:\/\/ajupe.com.uy\/web\/wp-json\/wp\/v2\/product_tag?post=3140"}],"curies":[{"name":"wp","href":"https:\/\/api.w.org\/{rel}","templated":true}]}}