{"id":3158,"date":"2011-09-16T21:54:37","date_gmt":"2011-09-17T00:54:37","guid":{"rendered":"http:\/\/ajupe.com.uy\/web\/?post_type=product&#038;p=3158"},"modified":"2011-09-27T21:00:43","modified_gmt":"2011-09-28T00:00:43","slug":"el-se-or-digweed-y-el-se-or-lumb","status":"publish","type":"product","link":"https:\/\/ajupe.com.uy\/web\/biblioteca\/el-se-or-digweed-y-el-se-or-lumb\/","title":{"rendered":"EL SE\u00d1OR DIGWEED Y EL SE\u00d1OR LUMB"},"content":{"rendered":"<p>Los se\u00f1ores Digweed y Lumb son dos viejos solitarios que comparten pac\u00edficamente la vecindad y una curiosa pasi\u00f3n por sus hobbies. Pero un d\u00eda, presa de una profunda depresi\u00f3n, Digweed decide suicidarse y dejarle a su amigo el seguro de vida. Poco despu\u00e9s, la muerte vuelve a presentarse cuando un empleado del se\u00f1or Lumb es envenenado. El caso desborda a los detectives a cargo pero seduce la inteligencia de una joven y el inter\u00e9s de su padre, que se dedican afanosamente a resolverlo. \u00abEl se\u00f1or Digweed y el se\u00f1or Lumb\u00bb es un ejemplar puro y exquisito de la novela policial al estilo ingl\u00e9s: hace posible que el lector goce cada detalle puesto al servicio de una imaginaci\u00f3n resuelta y prodigiosa.<\/p>\n","protected":false},"excerpt":{"rendered":"<p>Los se\u00f1ores Digweed y Lumb son dos viejos solitarios que comparten pac\u00edficamente la vecindad y una curiosa pasi\u00f3n por sus hobbies.<\/p>\n","protected":false},"featured_media":3159,"template":"","meta":[],"product_brand":[633],"product_cat":[40,30],"product_tag":[],"class_list":{"0":"post-3158","1":"product","2":"type-product","3":"status-publish","4":"has-post-thumbnail","6":"product_brand-eden-phillpotts","7":"product_cat-policial","8":"product_cat-suspenso","10":"first","11":"instock","12":"purchasable","13":"product-type-simple"},"featured_image_urls_v2":{"full":["https:\/\/ajupe.com.uy\/web\/wp-content\/uploads\/2016\/04\/p-3158-EL_SE__OR_DIGWEE_4e73c59d96151.jpg",150,247,false],"thumbnail":["https:\/\/ajupe.com.uy\/web\/wp-content\/uploads\/2016\/04\/p-3158-EL_SE__OR_DIGWEE_4e73c59d96151.jpg",150,150,true],"medium":["https:\/\/ajupe.com.uy\/web\/wp-content\/uploads\/2016\/04\/p-3158-EL_SE__OR_DIGWEE_4e73c59d96151.jpg",300,214,true],"medium_large":["https:\/\/ajupe.com.uy\/web\/wp-content\/uploads\/2016\/04\/p-3158-EL_SE__OR_DIGWEE_4e73c59d96151.jpg",150,247,false],"large":["https:\/\/ajupe.com.uy\/web\/wp-content\/uploads\/2016\/04\/p-3158-EL_SE__OR_DIGWEE_4e73c59d96151.jpg",150,247,false],"1536x1536":["https:\/\/ajupe.com.uy\/web\/wp-content\/uploads\/2016\/04\/p-3158-EL_SE__OR_DIGWEE_4e73c59d96151.jpg",150,247,false],"2048x2048":["https:\/\/ajupe.com.uy\/web\/wp-content\/uploads\/2016\/04\/p-3158-EL_SE__OR_DIGWEE_4e73c59d96151.jpg",150,247,false],"woocommerce_archive_thumbnail":["https:\/\/ajupe.com.uy\/web\/wp-content\/uploads\/2016\/04\/p-3158-EL_SE__OR_DIGWEE_4e73c59d96151.jpg",150,247,false],"woocommerce_thumbnail":["https:\/\/ajupe.com.uy\/web\/wp-content\/uploads\/2016\/04\/p-3158-EL_SE__OR_DIGWEE_4e73c59d96151.jpg",150,247,false],"woocommerce_single":["https:\/\/ajupe.com.uy\/web\/wp-content\/uploads\/2016\/04\/p-3158-EL_SE__OR_DIGWEE_4e73c59d96151.jpg",150,247,false],"woocommerce_gallery_thumbnail":["https:\/\/ajupe.com.uy\/web\/wp-content\/uploads\/2016\/04\/p-3158-EL_SE__OR_DIGWEE_4e73c59d96151-100x100.jpg",100,100,true]},"post_excerpt_stackable_v2":"<p>Los se\u00f1ores Digweed y Lumb son dos viejos solitarios que comparten pac\u00edficamente la vecindad y una curiosa pasi\u00f3n por sus hobbies.<\/p>\n","category_list_v2":"","author_info_v2":{"name":"","url":""},"comments_num_v2":"0 comentarios","_links":{"self":[{"href":"https:\/\/ajupe.com.uy\/web\/wp-json\/wp\/v2\/product\/3158","targetHints":{"allow":["GET"]}}],"collection":[{"href":"https:\/\/ajupe.com.uy\/web\/wp-json\/wp\/v2\/product"}],"about":[{"href":"https:\/\/ajupe.com.uy\/web\/wp-json\/wp\/v2\/types\/product"}],"wp:featuredmedia":[{"embeddable":true,"href":"https:\/\/ajupe.com.uy\/web\/wp-json\/wp\/v2\/media\/3159"}],"wp:attachment":[{"href":"https:\/\/ajupe.com.uy\/web\/wp-json\/wp\/v2\/media?parent=3158"}],"wp:term":[{"taxonomy":"product_brand","embeddable":true,"href":"https:\/\/ajupe.com.uy\/web\/wp-json\/wp\/v2\/product_brand?post=3158"},{"taxonomy":"product_cat","embeddable":true,"href":"https:\/\/ajupe.com.uy\/web\/wp-json\/wp\/v2\/product_cat?post=3158"},{"taxonomy":"product_tag","embeddable":true,"href":"https:\/\/ajupe.com.uy\/web\/wp-json\/wp\/v2\/product_tag?post=3158"}],"curies":[{"name":"wp","href":"https:\/\/api.w.org\/{rel}","templated":true}]}}