{"id":3215,"date":"2011-09-16T23:54:39","date_gmt":"2011-09-17T02:54:39","guid":{"rendered":"http:\/\/ajupe.com.uy\/web\/?post_type=product&#038;p=3215"},"modified":"2011-09-16T23:54:39","modified_gmt":"2011-09-17T02:54:39","slug":"almanaque-1990","status":"publish","type":"product","link":"https:\/\/ajupe.com.uy\/web\/biblioteca\/almanaque-1990\/","title":{"rendered":"Almanaque 1990"},"content":{"rendered":"<p>Publicaci\u00f3n que edita anualmente el BANCO DE SEGUROS DEL ESTADO desde 1914 y con la que pretende suministrar un bagaje de conocimientos \u00fatiles al com\u00fan de la gente y, de modo especial, a quienes desarrollan la riqueza agropecuaria de la Rep\u00fablica.<\/p>\n","protected":false},"excerpt":{"rendered":"<p>Publicaci\u00f3n que edita anualmente el BANCO DE SEGUROS DEL ESTADO desde 1914 y con la que pretende suministrar un bagaje de conocimientos \u00fatiles al com\u00fan de la gente y, de modo especial, a quienes desarrollan la riqueza agropecuaria de la Rep\u00fablica.<\/p>\n","protected":false},"featured_media":3216,"template":"","meta":[],"product_brand":[351],"product_cat":[45],"product_tag":[],"class_list":{"0":"post-3215","1":"product","2":"type-product","3":"status-publish","4":"has-post-thumbnail","6":"product_brand-b-s-e","7":"product_cat-uruguayo","9":"first","10":"instock","11":"purchasable","12":"product-type-simple"},"featured_image_urls_v2":{"full":["https:\/\/ajupe.com.uy\/web\/wp-content\/uploads\/2016\/04\/p-3215-Almanaque_1990_4e73e1bf2bd38.jpg",200,299,false],"thumbnail":["https:\/\/ajupe.com.uy\/web\/wp-content\/uploads\/2016\/04\/p-3215-Almanaque_1990_4e73e1bf2bd38.jpg",150,150,true],"medium":["https:\/\/ajupe.com.uy\/web\/wp-content\/uploads\/2016\/04\/p-3215-Almanaque_1990_4e73e1bf2bd38.jpg",300,214,true],"medium_large":["https:\/\/ajupe.com.uy\/web\/wp-content\/uploads\/2016\/04\/p-3215-Almanaque_1990_4e73e1bf2bd38.jpg",200,299,false],"large":["https:\/\/ajupe.com.uy\/web\/wp-content\/uploads\/2016\/04\/p-3215-Almanaque_1990_4e73e1bf2bd38.jpg",200,299,false],"1536x1536":["https:\/\/ajupe.com.uy\/web\/wp-content\/uploads\/2016\/04\/p-3215-Almanaque_1990_4e73e1bf2bd38.jpg",200,299,false],"2048x2048":["https:\/\/ajupe.com.uy\/web\/wp-content\/uploads\/2016\/04\/p-3215-Almanaque_1990_4e73e1bf2bd38.jpg",200,299,false],"woocommerce_archive_thumbnail":["https:\/\/ajupe.com.uy\/web\/wp-content\/uploads\/2016\/04\/p-3215-Almanaque_1990_4e73e1bf2bd38.jpg",200,299,false],"woocommerce_thumbnail":["https:\/\/ajupe.com.uy\/web\/wp-content\/uploads\/2016\/04\/p-3215-Almanaque_1990_4e73e1bf2bd38.jpg",200,299,false],"woocommerce_single":["https:\/\/ajupe.com.uy\/web\/wp-content\/uploads\/2016\/04\/p-3215-Almanaque_1990_4e73e1bf2bd38.jpg",200,299,false],"woocommerce_gallery_thumbnail":["https:\/\/ajupe.com.uy\/web\/wp-content\/uploads\/2016\/04\/p-3215-Almanaque_1990_4e73e1bf2bd38-100x100.jpg",100,100,true]},"post_excerpt_stackable_v2":"<p>Publicaci\u00f3n que edita anualmente el BANCO DE SEGUROS DEL ESTADO desde 1914 y con la que pretende suministrar un bagaje de conocimientos \u00fatiles al com\u00fan de la gente y, de modo especial, a quienes desarrollan la riqueza agropecuaria de la Rep\u00fablica.<\/p>\n","category_list_v2":"","author_info_v2":{"name":"","url":""},"comments_num_v2":"0 comentarios","_links":{"self":[{"href":"https:\/\/ajupe.com.uy\/web\/wp-json\/wp\/v2\/product\/3215","targetHints":{"allow":["GET"]}}],"collection":[{"href":"https:\/\/ajupe.com.uy\/web\/wp-json\/wp\/v2\/product"}],"about":[{"href":"https:\/\/ajupe.com.uy\/web\/wp-json\/wp\/v2\/types\/product"}],"wp:featuredmedia":[{"embeddable":true,"href":"https:\/\/ajupe.com.uy\/web\/wp-json\/wp\/v2\/media\/3216"}],"wp:attachment":[{"href":"https:\/\/ajupe.com.uy\/web\/wp-json\/wp\/v2\/media?parent=3215"}],"wp:term":[{"taxonomy":"product_brand","embeddable":true,"href":"https:\/\/ajupe.com.uy\/web\/wp-json\/wp\/v2\/product_brand?post=3215"},{"taxonomy":"product_cat","embeddable":true,"href":"https:\/\/ajupe.com.uy\/web\/wp-json\/wp\/v2\/product_cat?post=3215"},{"taxonomy":"product_tag","embeddable":true,"href":"https:\/\/ajupe.com.uy\/web\/wp-json\/wp\/v2\/product_tag?post=3215"}],"curies":[{"name":"wp","href":"https:\/\/api.w.org\/{rel}","templated":true}]}}