{"id":3248,"date":"2011-09-17T00:25:00","date_gmt":"2011-09-17T03:25:00","guid":{"rendered":"http:\/\/ajupe.com.uy\/web\/?post_type=product&#038;p=3248"},"modified":"2011-09-27T17:57:42","modified_gmt":"2011-09-27T20:57:42","slug":"almanaque-1987","status":"publish","type":"product","link":"https:\/\/ajupe.com.uy\/web\/biblioteca\/almanaque-1987\/","title":{"rendered":"Almanaque 1987"},"content":{"rendered":"<p>Publicaci\u00f3n que edita anualmente el BANCO DE SEGUROS DEL ESTADO desde 1914 y con la que pretende suministrar un bagaje de conocimientos \u00fatiles al com\u00fan de la gente y, de modo especial, a quienes desarrollan la riqueza agropecuaria de la Rep\u00fablica.<\/p>\n","protected":false},"excerpt":{"rendered":"<p>Publicaci\u00f3n que edita anualmente el BANCO DE SEGUROS DEL ESTADO desde 1914 y con la que pretende suministrar un bagaje de conocimientos \u00fatiles al com\u00fan de la gente y, de modo especial, a quienes desarrollan la riqueza agropecuaria de la Rep\u00fablica.<\/p>\n","protected":false},"featured_media":3249,"template":"","meta":[],"product_brand":[351],"product_cat":[45],"product_tag":[],"class_list":{"0":"post-3248","1":"product","2":"type-product","3":"status-publish","4":"has-post-thumbnail","6":"product_brand-b-s-e","7":"product_cat-uruguayo","9":"first","10":"instock","11":"purchasable","12":"product-type-simple"},"featured_image_urls_v2":{"full":["https:\/\/ajupe.com.uy\/web\/wp-content\/uploads\/2016\/04\/p-3248-Almanaque_1987_4e73e8dcd0865.jpg",200,300,false],"thumbnail":["https:\/\/ajupe.com.uy\/web\/wp-content\/uploads\/2016\/04\/p-3248-Almanaque_1987_4e73e8dcd0865.jpg",150,150,true],"medium":["https:\/\/ajupe.com.uy\/web\/wp-content\/uploads\/2016\/04\/p-3248-Almanaque_1987_4e73e8dcd0865.jpg",300,214,true],"medium_large":["https:\/\/ajupe.com.uy\/web\/wp-content\/uploads\/2016\/04\/p-3248-Almanaque_1987_4e73e8dcd0865.jpg",200,300,false],"large":["https:\/\/ajupe.com.uy\/web\/wp-content\/uploads\/2016\/04\/p-3248-Almanaque_1987_4e73e8dcd0865.jpg",200,300,false],"1536x1536":["https:\/\/ajupe.com.uy\/web\/wp-content\/uploads\/2016\/04\/p-3248-Almanaque_1987_4e73e8dcd0865.jpg",200,300,false],"2048x2048":["https:\/\/ajupe.com.uy\/web\/wp-content\/uploads\/2016\/04\/p-3248-Almanaque_1987_4e73e8dcd0865.jpg",200,300,false],"woocommerce_archive_thumbnail":["https:\/\/ajupe.com.uy\/web\/wp-content\/uploads\/2016\/04\/p-3248-Almanaque_1987_4e73e8dcd0865.jpg",200,300,false],"woocommerce_thumbnail":["https:\/\/ajupe.com.uy\/web\/wp-content\/uploads\/2016\/04\/p-3248-Almanaque_1987_4e73e8dcd0865.jpg",200,300,false],"woocommerce_single":["https:\/\/ajupe.com.uy\/web\/wp-content\/uploads\/2016\/04\/p-3248-Almanaque_1987_4e73e8dcd0865.jpg",200,300,false],"woocommerce_gallery_thumbnail":["https:\/\/ajupe.com.uy\/web\/wp-content\/uploads\/2016\/04\/p-3248-Almanaque_1987_4e73e8dcd0865-100x100.jpg",100,100,true]},"post_excerpt_stackable_v2":"<p>Publicaci\u00f3n que edita anualmente el BANCO DE SEGUROS DEL ESTADO desde 1914 y con la que pretende suministrar un bagaje de conocimientos \u00fatiles al com\u00fan de la gente y, de modo especial, a quienes desarrollan la riqueza agropecuaria de la Rep\u00fablica.<\/p>\n","category_list_v2":"","author_info_v2":{"name":"","url":""},"comments_num_v2":"0 comentarios","_links":{"self":[{"href":"https:\/\/ajupe.com.uy\/web\/wp-json\/wp\/v2\/product\/3248","targetHints":{"allow":["GET"]}}],"collection":[{"href":"https:\/\/ajupe.com.uy\/web\/wp-json\/wp\/v2\/product"}],"about":[{"href":"https:\/\/ajupe.com.uy\/web\/wp-json\/wp\/v2\/types\/product"}],"wp:featuredmedia":[{"embeddable":true,"href":"https:\/\/ajupe.com.uy\/web\/wp-json\/wp\/v2\/media\/3249"}],"wp:attachment":[{"href":"https:\/\/ajupe.com.uy\/web\/wp-json\/wp\/v2\/media?parent=3248"}],"wp:term":[{"taxonomy":"product_brand","embeddable":true,"href":"https:\/\/ajupe.com.uy\/web\/wp-json\/wp\/v2\/product_brand?post=3248"},{"taxonomy":"product_cat","embeddable":true,"href":"https:\/\/ajupe.com.uy\/web\/wp-json\/wp\/v2\/product_cat?post=3248"},{"taxonomy":"product_tag","embeddable":true,"href":"https:\/\/ajupe.com.uy\/web\/wp-json\/wp\/v2\/product_tag?post=3248"}],"curies":[{"name":"wp","href":"https:\/\/api.w.org\/{rel}","templated":true}]}}