{"id":3290,"date":"2011-09-17T16:27:53","date_gmt":"2011-09-17T19:27:53","guid":{"rendered":"http:\/\/ajupe.com.uy\/web\/?post_type=product&#038;p=3290"},"modified":"2011-09-20T20:35:03","modified_gmt":"2011-09-20T23:35:03","slug":"isadora-duncan","status":"publish","type":"product","link":"https:\/\/ajupe.com.uy\/web\/biblioteca\/isadora-duncan\/","title":{"rendered":"ISADORA DUNCAN"},"content":{"rendered":"<p>Bailar el movimiento del Universo.\u00bb La danza moderna fue creada por una mujer, la legendaria Isadora Duncan. Fue la primera que os\u00f3 moverse de manera completamente nueva, muy femenina y libre, al son de las grandes obras maestras de la m\u00fasica cl\u00e1sica. Jean Cocteau dijo de ella, lleno de admiraci\u00f3n: \u00abNada es nada junto a su fuego, a su \u00edmpetu\u00bb. Isadora Duncan siempre se empe\u00f1aba en provocar. Se atrevi\u00f3 a mostrarse en un escenario casi desnuda. nada menos que Estados Unidos, donde imperaba el&#8230;<\/p>\n","protected":false},"excerpt":{"rendered":"<p>Bailar el movimiento del Universo.\u00bb La danza moderna fue creada por una mujer, la legendaria Isadora Duncan. Fue la primera que os\u00f3 moverse de manera completamente nueva, muy femenina y libre, al son de las grandes obras maestras de la m\u00fasica cl\u00e1sica. Jean Cocteau dijo de ella, lleno de admiraci\u00f3n: \u00abNada es nada junto a [&hellip;]<\/p>\n","protected":false},"featured_media":3291,"template":"","meta":[],"product_brand":[740],"product_cat":[44],"product_tag":[],"class_list":{"0":"post-3290","1":"product","2":"type-product","3":"status-publish","4":"has-post-thumbnail","6":"product_brand-jochen-schmidt","7":"product_cat-biografico","9":"first","10":"instock","11":"purchasable","12":"product-type-simple"},"featured_image_urls_v2":{"full":["https:\/\/ajupe.com.uy\/web\/wp-content\/uploads\/2016\/04\/p-3290-ISADORA_DUNCAN_4e74ca8972436.jpg",620,400,false],"thumbnail":["https:\/\/ajupe.com.uy\/web\/wp-content\/uploads\/2016\/04\/p-3290-ISADORA_DUNCAN_4e74ca8972436.jpg",150,150,true],"medium":["https:\/\/ajupe.com.uy\/web\/wp-content\/uploads\/2016\/04\/p-3290-ISADORA_DUNCAN_4e74ca8972436.jpg",300,214,true],"medium_large":["https:\/\/ajupe.com.uy\/web\/wp-content\/uploads\/2016\/04\/p-3290-ISADORA_DUNCAN_4e74ca8972436.jpg",620,400,false],"large":["https:\/\/ajupe.com.uy\/web\/wp-content\/uploads\/2016\/04\/p-3290-ISADORA_DUNCAN_4e74ca8972436.jpg",620,400,false],"1536x1536":["https:\/\/ajupe.com.uy\/web\/wp-content\/uploads\/2016\/04\/p-3290-ISADORA_DUNCAN_4e74ca8972436.jpg",620,400,false],"2048x2048":["https:\/\/ajupe.com.uy\/web\/wp-content\/uploads\/2016\/04\/p-3290-ISADORA_DUNCAN_4e74ca8972436.jpg",620,400,false],"woocommerce_archive_thumbnail":["https:\/\/ajupe.com.uy\/web\/wp-content\/uploads\/2016\/04\/p-3290-ISADORA_DUNCAN_4e74ca8972436-300x400.jpg",300,400,true],"woocommerce_thumbnail":["https:\/\/ajupe.com.uy\/web\/wp-content\/uploads\/2016\/04\/p-3290-ISADORA_DUNCAN_4e74ca8972436-300x300.jpg",300,300,true],"woocommerce_single":["https:\/\/ajupe.com.uy\/web\/wp-content\/uploads\/2016\/04\/p-3290-ISADORA_DUNCAN_4e74ca8972436-300x194.jpg",300,194,true],"woocommerce_gallery_thumbnail":["https:\/\/ajupe.com.uy\/web\/wp-content\/uploads\/2016\/04\/p-3290-ISADORA_DUNCAN_4e74ca8972436-100x100.jpg",100,100,true]},"post_excerpt_stackable_v2":"<p>Bailar el movimiento del Universo.\u00bb La danza moderna fue creada por una mujer, la legendaria Isadora Duncan. Fue la primera que os\u00f3 moverse de manera completamente nueva, muy femenina y libre, al son de las grandes obras maestras de la m\u00fasica cl\u00e1sica. Jean Cocteau dijo de ella, lleno de admiraci\u00f3n: \u00abNada es nada junto a su fuego, a su \u00edmpetu\u00bb. Isadora Duncan siempre se empe\u00f1aba en provocar. Se atrevi\u00f3 a mostrarse en un escenario casi desnuda. nada menos que Estados Unidos, donde imperaba el&#8230;<\/p>\n","category_list_v2":"","author_info_v2":{"name":"","url":""},"comments_num_v2":"0 comentarios","_links":{"self":[{"href":"https:\/\/ajupe.com.uy\/web\/wp-json\/wp\/v2\/product\/3290","targetHints":{"allow":["GET"]}}],"collection":[{"href":"https:\/\/ajupe.com.uy\/web\/wp-json\/wp\/v2\/product"}],"about":[{"href":"https:\/\/ajupe.com.uy\/web\/wp-json\/wp\/v2\/types\/product"}],"wp:featuredmedia":[{"embeddable":true,"href":"https:\/\/ajupe.com.uy\/web\/wp-json\/wp\/v2\/media\/3291"}],"wp:attachment":[{"href":"https:\/\/ajupe.com.uy\/web\/wp-json\/wp\/v2\/media?parent=3290"}],"wp:term":[{"taxonomy":"product_brand","embeddable":true,"href":"https:\/\/ajupe.com.uy\/web\/wp-json\/wp\/v2\/product_brand?post=3290"},{"taxonomy":"product_cat","embeddable":true,"href":"https:\/\/ajupe.com.uy\/web\/wp-json\/wp\/v2\/product_cat?post=3290"},{"taxonomy":"product_tag","embeddable":true,"href":"https:\/\/ajupe.com.uy\/web\/wp-json\/wp\/v2\/product_tag?post=3290"}],"curies":[{"name":"wp","href":"https:\/\/api.w.org\/{rel}","templated":true}]}}