{"id":3305,"date":"2011-09-19T10:04:43","date_gmt":"2011-09-19T13:04:43","guid":{"rendered":"http:\/\/ajupe.com.uy\/web\/?post_type=product&#038;p=3305"},"modified":"2011-09-19T10:04:43","modified_gmt":"2011-09-19T13:04:43","slug":"el-fuego-interno","status":"publish","type":"product","link":"https:\/\/ajupe.com.uy\/web\/biblioteca\/el-fuego-interno\/","title":{"rendered":"El Fuego Interno"},"content":{"rendered":"<p style=\"text-align: justify;\">Esta s\u00e9ptima obra de Carlos Castaneda trata sobre la perplejidad que sienten los brujos al darse cabal cuenta del alcance de la conciencia de Ser y del asombroso misterio que es la percepci\u00f3n. En ella narra experiencias que tuvieron lugar en estados de conciencia acrecentada y que nos introducen en la maestr\u00eda del estar Conscientes del Ser. \u201cLa tercera atenci\u00f3n se alcanza as\u00ed, cuando el resplandor de la conciencia se convierte en el fuego interno, un fuego que no enciende s\u00f3lo una banda de emanaciones sino que enciende a la vez todas las emanaciones del \u00c1guila que est\u00e1n en el interior del capullo luminoso del hombre.<\/p>\n","protected":false},"excerpt":{"rendered":"<p>Esta s\u00e9ptima obra de Carlos Castaneda trata sobre la perplejidad que sienten los brujos al darse cabal cuenta del alcance de la conciencia de Ser y del asombroso misterio que es la percepci\u00f3n.<\/p>\n","protected":false},"featured_media":3306,"template":"","meta":[],"product_brand":[73],"product_cat":[32],"product_tag":[],"class_list":{"0":"post-3305","1":"product","2":"type-product","3":"status-publish","4":"has-post-thumbnail","6":"product_brand-carlos-castaneda","7":"product_cat-autoayuda","9":"first","10":"instock","11":"purchasable","12":"product-type-simple"},"featured_image_urls_v2":{"full":["https:\/\/ajupe.com.uy\/web\/wp-content\/uploads\/2016\/04\/p-3305-El_Fuego_Interno_4e7713bb58b10.jpg",380,480,false],"thumbnail":["https:\/\/ajupe.com.uy\/web\/wp-content\/uploads\/2016\/04\/p-3305-El_Fuego_Interno_4e7713bb58b10.jpg",150,150,true],"medium":["https:\/\/ajupe.com.uy\/web\/wp-content\/uploads\/2016\/04\/p-3305-El_Fuego_Interno_4e7713bb58b10.jpg",300,214,true],"medium_large":["https:\/\/ajupe.com.uy\/web\/wp-content\/uploads\/2016\/04\/p-3305-El_Fuego_Interno_4e7713bb58b10.jpg",380,480,false],"large":["https:\/\/ajupe.com.uy\/web\/wp-content\/uploads\/2016\/04\/p-3305-El_Fuego_Interno_4e7713bb58b10.jpg",380,480,false],"1536x1536":["https:\/\/ajupe.com.uy\/web\/wp-content\/uploads\/2016\/04\/p-3305-El_Fuego_Interno_4e7713bb58b10.jpg",380,480,false],"2048x2048":["https:\/\/ajupe.com.uy\/web\/wp-content\/uploads\/2016\/04\/p-3305-El_Fuego_Interno_4e7713bb58b10.jpg",380,480,false],"woocommerce_archive_thumbnail":["https:\/\/ajupe.com.uy\/web\/wp-content\/uploads\/2016\/04\/p-3305-El_Fuego_Interno_4e7713bb58b10-300x450.jpg",300,450,true],"woocommerce_thumbnail":["https:\/\/ajupe.com.uy\/web\/wp-content\/uploads\/2016\/04\/p-3305-El_Fuego_Interno_4e7713bb58b10-300x300.jpg",300,300,true],"woocommerce_single":["https:\/\/ajupe.com.uy\/web\/wp-content\/uploads\/2016\/04\/p-3305-El_Fuego_Interno_4e7713bb58b10-300x379.jpg",300,379,true],"woocommerce_gallery_thumbnail":["https:\/\/ajupe.com.uy\/web\/wp-content\/uploads\/2016\/04\/p-3305-El_Fuego_Interno_4e7713bb58b10-100x100.jpg",100,100,true]},"post_excerpt_stackable_v2":"<p>Esta s\u00e9ptima obra de Carlos Castaneda trata sobre la perplejidad que sienten los brujos al darse cabal cuenta del alcance de la conciencia de Ser y del asombroso misterio que es la percepci\u00f3n.<\/p>\n","category_list_v2":"","author_info_v2":{"name":"","url":""},"comments_num_v2":"0 comentarios","_links":{"self":[{"href":"https:\/\/ajupe.com.uy\/web\/wp-json\/wp\/v2\/product\/3305","targetHints":{"allow":["GET"]}}],"collection":[{"href":"https:\/\/ajupe.com.uy\/web\/wp-json\/wp\/v2\/product"}],"about":[{"href":"https:\/\/ajupe.com.uy\/web\/wp-json\/wp\/v2\/types\/product"}],"wp:featuredmedia":[{"embeddable":true,"href":"https:\/\/ajupe.com.uy\/web\/wp-json\/wp\/v2\/media\/3306"}],"wp:attachment":[{"href":"https:\/\/ajupe.com.uy\/web\/wp-json\/wp\/v2\/media?parent=3305"}],"wp:term":[{"taxonomy":"product_brand","embeddable":true,"href":"https:\/\/ajupe.com.uy\/web\/wp-json\/wp\/v2\/product_brand?post=3305"},{"taxonomy":"product_cat","embeddable":true,"href":"https:\/\/ajupe.com.uy\/web\/wp-json\/wp\/v2\/product_cat?post=3305"},{"taxonomy":"product_tag","embeddable":true,"href":"https:\/\/ajupe.com.uy\/web\/wp-json\/wp\/v2\/product_tag?post=3305"}],"curies":[{"name":"wp","href":"https:\/\/api.w.org\/{rel}","templated":true}]}}