{"id":3314,"date":"2011-09-19T20:53:17","date_gmt":"2011-09-19T23:53:17","guid":{"rendered":"http:\/\/ajupe.com.uy\/web\/?post_type=product&#038;p=3314"},"modified":"2011-10-27T17:24:09","modified_gmt":"2011-10-27T20:24:09","slug":"el-intermediario","status":"publish","type":"product","link":"https:\/\/ajupe.com.uy\/web\/biblioteca\/el-intermediario\/","title":{"rendered":"El Intermediario"},"content":{"rendered":"<p>Joel Backman es liberado, gracias a un indulto presidencial, tras seis  a\u00f1os de confinamiento por uso indebido de una informaci\u00f3n altamente  confidencial. Backman hab\u00eda obtenido un programa capaz de poner en  peligro el sistema de vigilancia por sat\u00e9lite m\u00e1s sofisticado del mundo  cuando dirig\u00eda un poderoso bufete de abogados. Entonces, en vez de  informar sobre el descubrimiento a las autoridades de su pa\u00eds, decidi\u00f3  hacer el negocio de su vida vendiendo dicha informaci\u00f3n, pero las cosas  salieron mal y fue condenado a veinte a\u00f1os de c\u00e1rcel.<\/p>\n","protected":false},"excerpt":{"rendered":"<p>Joel Backman es liberado, gracias a un indulto presidencial, tras seis a\u00f1os de confinamiento por uso indebido de una informaci\u00f3n altamente confidencial. Backman hab\u00eda obtenido un programa capaz de poner en peligro el sistema de vigilancia por sat\u00e9lite m\u00e1s sofisticado del mundo cuando dirig\u00eda un poderoso bufete de abogados. Entonces, en vez de informar sobre [&hellip;]<\/p>\n","protected":false},"featured_media":3315,"template":"","meta":[],"product_brand":[77],"product_cat":[30],"product_tag":[],"class_list":{"0":"post-3314","1":"product","2":"type-product","3":"status-publish","4":"has-post-thumbnail","6":"product_brand-john-grisham","7":"product_cat-suspenso","9":"first","10":"instock","11":"purchasable","12":"product-type-simple"},"featured_image_urls_v2":{"full":["https:\/\/ajupe.com.uy\/web\/wp-content\/uploads\/2016\/04\/p-3314-El_Intermediario_4e77abbd085b6.jpg",328,500,false],"thumbnail":["https:\/\/ajupe.com.uy\/web\/wp-content\/uploads\/2016\/04\/p-3314-El_Intermediario_4e77abbd085b6.jpg",150,150,true],"medium":["https:\/\/ajupe.com.uy\/web\/wp-content\/uploads\/2016\/04\/p-3314-El_Intermediario_4e77abbd085b6.jpg",300,214,true],"medium_large":["https:\/\/ajupe.com.uy\/web\/wp-content\/uploads\/2016\/04\/p-3314-El_Intermediario_4e77abbd085b6.jpg",328,500,false],"large":["https:\/\/ajupe.com.uy\/web\/wp-content\/uploads\/2016\/04\/p-3314-El_Intermediario_4e77abbd085b6.jpg",328,500,false],"1536x1536":["https:\/\/ajupe.com.uy\/web\/wp-content\/uploads\/2016\/04\/p-3314-El_Intermediario_4e77abbd085b6.jpg",328,500,false],"2048x2048":["https:\/\/ajupe.com.uy\/web\/wp-content\/uploads\/2016\/04\/p-3314-El_Intermediario_4e77abbd085b6.jpg",328,500,false],"woocommerce_archive_thumbnail":["https:\/\/ajupe.com.uy\/web\/wp-content\/uploads\/2016\/04\/p-3314-El_Intermediario_4e77abbd085b6-300x450.jpg",300,450,true],"woocommerce_thumbnail":["https:\/\/ajupe.com.uy\/web\/wp-content\/uploads\/2016\/04\/p-3314-El_Intermediario_4e77abbd085b6-300x300.jpg",300,300,true],"woocommerce_single":["https:\/\/ajupe.com.uy\/web\/wp-content\/uploads\/2016\/04\/p-3314-El_Intermediario_4e77abbd085b6-300x457.jpg",300,457,true],"woocommerce_gallery_thumbnail":["https:\/\/ajupe.com.uy\/web\/wp-content\/uploads\/2016\/04\/p-3314-El_Intermediario_4e77abbd085b6-100x100.jpg",100,100,true]},"post_excerpt_stackable_v2":"<p>Joel Backman es liberado, gracias a un indulto presidencial, tras seis a\u00f1os de confinamiento por uso indebido de una informaci\u00f3n altamente confidencial. Backman hab\u00eda obtenido un programa capaz de poner en peligro el sistema de vigilancia por sat\u00e9lite m\u00e1s sofisticado del mundo cuando dirig\u00eda un poderoso bufete de abogados. Entonces, en vez de informar sobre el descubrimiento a las autoridades de su pa\u00eds, decidi\u00f3 hacer el negocio de su vida vendiendo dicha informaci\u00f3n, pero las cosas salieron mal y fue condenado a veinte a\u00f1os de c\u00e1rcel.<\/p>\n","category_list_v2":"","author_info_v2":{"name":"","url":""},"comments_num_v2":"0 comentarios","_links":{"self":[{"href":"https:\/\/ajupe.com.uy\/web\/wp-json\/wp\/v2\/product\/3314","targetHints":{"allow":["GET"]}}],"collection":[{"href":"https:\/\/ajupe.com.uy\/web\/wp-json\/wp\/v2\/product"}],"about":[{"href":"https:\/\/ajupe.com.uy\/web\/wp-json\/wp\/v2\/types\/product"}],"wp:featuredmedia":[{"embeddable":true,"href":"https:\/\/ajupe.com.uy\/web\/wp-json\/wp\/v2\/media\/3315"}],"wp:attachment":[{"href":"https:\/\/ajupe.com.uy\/web\/wp-json\/wp\/v2\/media?parent=3314"}],"wp:term":[{"taxonomy":"product_brand","embeddable":true,"href":"https:\/\/ajupe.com.uy\/web\/wp-json\/wp\/v2\/product_brand?post=3314"},{"taxonomy":"product_cat","embeddable":true,"href":"https:\/\/ajupe.com.uy\/web\/wp-json\/wp\/v2\/product_cat?post=3314"},{"taxonomy":"product_tag","embeddable":true,"href":"https:\/\/ajupe.com.uy\/web\/wp-json\/wp\/v2\/product_tag?post=3314"}],"curies":[{"name":"wp","href":"https:\/\/api.w.org\/{rel}","templated":true}]}}