{"id":3317,"date":"2011-09-19T21:12:10","date_gmt":"2011-09-20T00:12:10","guid":{"rendered":"http:\/\/ajupe.com.uy\/web\/?post_type=product&#038;p=3317"},"modified":"2011-09-19T21:12:10","modified_gmt":"2011-09-20T00:12:10","slug":"los-hombres-son-de-marte-las-mujeres-de-venus","status":"publish","type":"product","link":"https:\/\/ajupe.com.uy\/web\/biblioteca\/los-hombres-son-de-marte-las-mujeres-de-venus\/","title":{"rendered":"Los hombres son de Marte, las mujeres de Venus"},"content":{"rendered":"<p>Hombres y mujeres parecen proceder de distintos planetas. Son  biol\u00f3gicamente similares, usan las mismas palabras, comparten el mismo  espacio geogr\u00e1fico; pero sus c\u00f3digos de comportamiento, su idioma (lo  que quieren expresar con sus palabras), sus valores existenciales&#8230; son  distintos. Esta obra es tanto una gu\u00eda para la comprensi\u00f3n de las  actitudes y palabras del sexo opuesto como una propuesta para minimizar  desde una perspectiva afectivamente positiva las consecuencias de los  desencuentros. Un libro, pues, absolutamente necesario para quienes,  viviendo en pareja o con deseos de hacerlo, quieren dar y obtener lo  m\u00e1ximo de su amor.<\/p>\n","protected":false},"excerpt":{"rendered":"<p>Hombres y mujeres parecen proceder de distintos planetas. Son biol\u00f3gicamente similares, usan las mismas palabras, comparten el mismo espacio geogr\u00e1fico; pero sus c\u00f3digos de comportamiento, su idioma (lo que quieren expresar con sus palabras), sus valores existenciales&#8230; son distintos. Esta obra es tanto una gu\u00eda para la comprensi\u00f3n de las actitudes y palabras del sexo [&hellip;]<\/p>\n","protected":false},"featured_media":3318,"template":"","meta":[],"product_brand":[304],"product_cat":[32,47],"product_tag":[],"class_list":{"0":"post-3317","1":"product","2":"type-product","3":"status-publish","4":"has-post-thumbnail","6":"product_brand-john-gray","7":"product_cat-autoayuda","8":"product_cat-ensayo","10":"first","11":"instock","12":"purchasable","13":"product-type-simple"},"featured_image_urls_v2":{"full":["https:\/\/ajupe.com.uy\/web\/wp-content\/uploads\/2016\/04\/p-3317-Los_hombres_son__4e77b02ab1f81.jpg",265,400,false],"thumbnail":["https:\/\/ajupe.com.uy\/web\/wp-content\/uploads\/2016\/04\/p-3317-Los_hombres_son__4e77b02ab1f81.jpg",99,150,false],"medium":["https:\/\/ajupe.com.uy\/web\/wp-content\/uploads\/2016\/04\/p-3317-Los_hombres_son__4e77b02ab1f81.jpg",199,300,false],"medium_large":["https:\/\/ajupe.com.uy\/web\/wp-content\/uploads\/2016\/04\/p-3317-Los_hombres_son__4e77b02ab1f81.jpg",265,400,false],"large":["https:\/\/ajupe.com.uy\/web\/wp-content\/uploads\/2016\/04\/p-3317-Los_hombres_son__4e77b02ab1f81.jpg",265,400,false],"1536x1536":["https:\/\/ajupe.com.uy\/web\/wp-content\/uploads\/2016\/04\/p-3317-Los_hombres_son__4e77b02ab1f81.jpg",265,400,false],"2048x2048":["https:\/\/ajupe.com.uy\/web\/wp-content\/uploads\/2016\/04\/p-3317-Los_hombres_son__4e77b02ab1f81.jpg",265,400,false],"woocommerce_archive_thumbnail":["https:\/\/ajupe.com.uy\/web\/wp-content\/uploads\/2016\/04\/p-3317-Los_hombres_son__4e77b02ab1f81.jpg",265,400,false],"woocommerce_thumbnail":["https:\/\/ajupe.com.uy\/web\/wp-content\/uploads\/2016\/04\/p-3317-Los_hombres_son__4e77b02ab1f81-265x300.jpg",265,300,true],"woocommerce_single":["https:\/\/ajupe.com.uy\/web\/wp-content\/uploads\/2016\/04\/p-3317-Los_hombres_son__4e77b02ab1f81.jpg",265,400,false],"woocommerce_gallery_thumbnail":["https:\/\/ajupe.com.uy\/web\/wp-content\/uploads\/2016\/04\/p-3317-Los_hombres_son__4e77b02ab1f81-100x100.jpg",100,100,true]},"post_excerpt_stackable_v2":"<p>Hombres y mujeres parecen proceder de distintos planetas. Son biol\u00f3gicamente similares, usan las mismas palabras, comparten el mismo espacio geogr\u00e1fico; pero sus c\u00f3digos de comportamiento, su idioma (lo que quieren expresar con sus palabras), sus valores existenciales&#8230; son distintos. Esta obra es tanto una gu\u00eda para la comprensi\u00f3n de las actitudes y palabras del sexo opuesto como una propuesta para minimizar desde una perspectiva afectivamente positiva las consecuencias de los desencuentros. Un libro, pues, absolutamente necesario para quienes, viviendo en pareja o con deseos de hacerlo, quieren dar y obtener lo m\u00e1ximo de su amor.<\/p>\n","category_list_v2":"","author_info_v2":{"name":"","url":""},"comments_num_v2":"0 comentarios","_links":{"self":[{"href":"https:\/\/ajupe.com.uy\/web\/wp-json\/wp\/v2\/product\/3317","targetHints":{"allow":["GET"]}}],"collection":[{"href":"https:\/\/ajupe.com.uy\/web\/wp-json\/wp\/v2\/product"}],"about":[{"href":"https:\/\/ajupe.com.uy\/web\/wp-json\/wp\/v2\/types\/product"}],"wp:featuredmedia":[{"embeddable":true,"href":"https:\/\/ajupe.com.uy\/web\/wp-json\/wp\/v2\/media\/3318"}],"wp:attachment":[{"href":"https:\/\/ajupe.com.uy\/web\/wp-json\/wp\/v2\/media?parent=3317"}],"wp:term":[{"taxonomy":"product_brand","embeddable":true,"href":"https:\/\/ajupe.com.uy\/web\/wp-json\/wp\/v2\/product_brand?post=3317"},{"taxonomy":"product_cat","embeddable":true,"href":"https:\/\/ajupe.com.uy\/web\/wp-json\/wp\/v2\/product_cat?post=3317"},{"taxonomy":"product_tag","embeddable":true,"href":"https:\/\/ajupe.com.uy\/web\/wp-json\/wp\/v2\/product_tag?post=3317"}],"curies":[{"name":"wp","href":"https:\/\/api.w.org\/{rel}","templated":true}]}}