{"id":3323,"date":"2011-09-19T21:39:52","date_gmt":"2011-09-20T00:39:52","guid":{"rendered":"http:\/\/ajupe.com.uy\/web\/?post_type=product&#038;p=3323"},"modified":"2011-09-19T21:39:52","modified_gmt":"2011-09-20T00:39:52","slug":"marea-incierta-2","status":"publish","type":"product","link":"https:\/\/ajupe.com.uy\/web\/biblioteca\/marea-incierta-2\/","title":{"rendered":"Marea incierta"},"content":{"rendered":"<p>El Maude Idris fondea en el T\u00e1mesis cargado con todo tipo de materias  preciadas, como \u00e9bano y marfil, procedentes de \u00c1frica. Esa misma tarde,  el capit\u00e1n Clement Louvain deja a cargo de unos marineros armados, la  vigilancia del barco y su carga pero, al d\u00eda siguiente, se encuentra con  que el marfil ha sido robado y uno de los marineros asesinado. En su  deseo de esclarecer el asunto y recuperar lo sustra\u00eddo, Louvain  encargar\u00e1 a William Monk la investigaci\u00f3n del caso.<\/p>\n","protected":false},"excerpt":{"rendered":"<p>El Maude Idris fondea en el T\u00e1mesis cargado con todo tipo de materias preciadas, como \u00e9bano y marfil, procedentes de \u00c1frica. Esa misma tarde, el capit\u00e1n Clement Louvain deja a cargo de unos marineros armados, la vigilancia del barco y su carga pero, al d\u00eda siguiente, se encuentra con que el marfil ha sido robado [&hellip;]<\/p>\n","protected":false},"featured_media":3324,"template":"","meta":[],"product_brand":[313],"product_cat":[40],"product_tag":[],"class_list":{"0":"post-3323","1":"product","2":"type-product","3":"status-publish","4":"has-post-thumbnail","6":"product_brand-anne-perry","7":"product_cat-policial","9":"first","10":"instock","11":"purchasable","12":"product-type-simple"},"featured_image_urls_v2":{"full":["https:\/\/ajupe.com.uy\/web\/wp-content\/uploads\/2016\/04\/p-3323-Marea_incierta_4e77b6a8c7dae.jpg",168,259,false],"thumbnail":["https:\/\/ajupe.com.uy\/web\/wp-content\/uploads\/2016\/04\/p-3323-Marea_incierta_4e77b6a8c7dae.jpg",150,150,true],"medium":["https:\/\/ajupe.com.uy\/web\/wp-content\/uploads\/2016\/04\/p-3323-Marea_incierta_4e77b6a8c7dae.jpg",300,214,true],"medium_large":["https:\/\/ajupe.com.uy\/web\/wp-content\/uploads\/2016\/04\/p-3323-Marea_incierta_4e77b6a8c7dae.jpg",168,259,false],"large":["https:\/\/ajupe.com.uy\/web\/wp-content\/uploads\/2016\/04\/p-3323-Marea_incierta_4e77b6a8c7dae.jpg",168,259,false],"1536x1536":["https:\/\/ajupe.com.uy\/web\/wp-content\/uploads\/2016\/04\/p-3323-Marea_incierta_4e77b6a8c7dae.jpg",168,259,false],"2048x2048":["https:\/\/ajupe.com.uy\/web\/wp-content\/uploads\/2016\/04\/p-3323-Marea_incierta_4e77b6a8c7dae.jpg",168,259,false],"woocommerce_archive_thumbnail":["https:\/\/ajupe.com.uy\/web\/wp-content\/uploads\/2016\/04\/p-3323-Marea_incierta_4e77b6a8c7dae.jpg",168,259,false],"woocommerce_thumbnail":["https:\/\/ajupe.com.uy\/web\/wp-content\/uploads\/2016\/04\/p-3323-Marea_incierta_4e77b6a8c7dae.jpg",168,259,false],"woocommerce_single":["https:\/\/ajupe.com.uy\/web\/wp-content\/uploads\/2016\/04\/p-3323-Marea_incierta_4e77b6a8c7dae.jpg",168,259,false],"woocommerce_gallery_thumbnail":["https:\/\/ajupe.com.uy\/web\/wp-content\/uploads\/2016\/04\/p-3323-Marea_incierta_4e77b6a8c7dae-100x100.jpg",100,100,true]},"post_excerpt_stackable_v2":"<p>El Maude Idris fondea en el T\u00e1mesis cargado con todo tipo de materias preciadas, como \u00e9bano y marfil, procedentes de \u00c1frica. Esa misma tarde, el capit\u00e1n Clement Louvain deja a cargo de unos marineros armados, la vigilancia del barco y su carga pero, al d\u00eda siguiente, se encuentra con que el marfil ha sido robado y uno de los marineros asesinado. En su deseo de esclarecer el asunto y recuperar lo sustra\u00eddo, Louvain encargar\u00e1 a William Monk la investigaci\u00f3n del caso.<\/p>\n","category_list_v2":"","author_info_v2":{"name":"","url":""},"comments_num_v2":"0 comentarios","_links":{"self":[{"href":"https:\/\/ajupe.com.uy\/web\/wp-json\/wp\/v2\/product\/3323","targetHints":{"allow":["GET"]}}],"collection":[{"href":"https:\/\/ajupe.com.uy\/web\/wp-json\/wp\/v2\/product"}],"about":[{"href":"https:\/\/ajupe.com.uy\/web\/wp-json\/wp\/v2\/types\/product"}],"wp:featuredmedia":[{"embeddable":true,"href":"https:\/\/ajupe.com.uy\/web\/wp-json\/wp\/v2\/media\/3324"}],"wp:attachment":[{"href":"https:\/\/ajupe.com.uy\/web\/wp-json\/wp\/v2\/media?parent=3323"}],"wp:term":[{"taxonomy":"product_brand","embeddable":true,"href":"https:\/\/ajupe.com.uy\/web\/wp-json\/wp\/v2\/product_brand?post=3323"},{"taxonomy":"product_cat","embeddable":true,"href":"https:\/\/ajupe.com.uy\/web\/wp-json\/wp\/v2\/product_cat?post=3323"},{"taxonomy":"product_tag","embeddable":true,"href":"https:\/\/ajupe.com.uy\/web\/wp-json\/wp\/v2\/product_tag?post=3323"}],"curies":[{"name":"wp","href":"https:\/\/api.w.org\/{rel}","templated":true}]}}