{"id":3341,"date":"2011-09-20T10:22:17","date_gmt":"2011-09-20T13:22:17","guid":{"rendered":"http:\/\/ajupe.com.uy\/web\/?post_type=product&#038;p=3341"},"modified":"2011-09-20T10:22:17","modified_gmt":"2011-09-20T13:22:17","slug":"baudolino","status":"publish","type":"product","link":"https:\/\/ajupe.com.uy\/web\/biblioteca\/baudolino\/","title":{"rendered":"Baudolino"},"content":{"rendered":"<p>En una zona del bajo Piamonte donde a\u00f1os despu\u00e9s se fundar\u00eda la ciudad de Alessandria, el fantasioso y embustero Baudolina conquista a Federico Barbarroja y se convierte en su hijo adoptivo. Baudolino inventa historias que se transforman en Historia y, empujado por la imaginaci\u00f3n de su ahijado, Federico emprende una cruzada por restituir al Preste Juan las m\u00e1s prestigiosa reliquia de la cristiandad, el Santo Grial. Federico muere en el intento, y ser\u00e1 Baudolino quien contin\u00fae el viaje hacia tierras lejanas, desafiando monstruos y enamorando a la m\u00e1s singular de las hijas de Eva. Aventura picaresca, novela hist\u00f3rica, relato de un delito imposible, teatro de invenciones ling\u00fc\u00edsticas hilarantes, esta obra es una celebarci\u00f3n del mito y la utop\u00eda.<\/p>\n","protected":false},"excerpt":{"rendered":"<p>En una zona del bajo Piamonte donde a\u00f1os despu\u00e9s se fundar\u00eda la ciudad de Alessandria, el fantasioso y embustero Baudolina conquista a Federico Barbarroja y se convierte en su hijo adoptivo.<\/p>\n","protected":false},"featured_media":3342,"template":"","meta":[],"product_brand":[215],"product_cat":[31,29],"product_tag":[],"class_list":{"0":"post-3341","1":"product","2":"type-product","3":"status-publish","4":"has-post-thumbnail","6":"product_brand-umberto-eco","7":"product_cat-historico","8":"product_cat-novela","10":"first","11":"instock","12":"purchasable","13":"product-type-simple"},"featured_image_urls_v2":{"full":["https:\/\/ajupe.com.uy\/web\/wp-content\/uploads\/2016\/04\/p-3341-Baudolino_4e786959b4f22.jpg",294,475,false],"thumbnail":["https:\/\/ajupe.com.uy\/web\/wp-content\/uploads\/2016\/04\/p-3341-Baudolino_4e786959b4f22.jpg",150,150,true],"medium":["https:\/\/ajupe.com.uy\/web\/wp-content\/uploads\/2016\/04\/p-3341-Baudolino_4e786959b4f22.jpg",300,214,true],"medium_large":["https:\/\/ajupe.com.uy\/web\/wp-content\/uploads\/2016\/04\/p-3341-Baudolino_4e786959b4f22.jpg",294,475,false],"large":["https:\/\/ajupe.com.uy\/web\/wp-content\/uploads\/2016\/04\/p-3341-Baudolino_4e786959b4f22.jpg",294,475,false],"1536x1536":["https:\/\/ajupe.com.uy\/web\/wp-content\/uploads\/2016\/04\/p-3341-Baudolino_4e786959b4f22.jpg",294,475,false],"2048x2048":["https:\/\/ajupe.com.uy\/web\/wp-content\/uploads\/2016\/04\/p-3341-Baudolino_4e786959b4f22.jpg",294,475,false],"woocommerce_archive_thumbnail":["https:\/\/ajupe.com.uy\/web\/wp-content\/uploads\/2016\/04\/p-3341-Baudolino_4e786959b4f22-294x450.jpg",294,450,true],"woocommerce_thumbnail":["https:\/\/ajupe.com.uy\/web\/wp-content\/uploads\/2016\/04\/p-3341-Baudolino_4e786959b4f22-294x300.jpg",294,300,true],"woocommerce_single":["https:\/\/ajupe.com.uy\/web\/wp-content\/uploads\/2016\/04\/p-3341-Baudolino_4e786959b4f22.jpg",294,475,false],"woocommerce_gallery_thumbnail":["https:\/\/ajupe.com.uy\/web\/wp-content\/uploads\/2016\/04\/p-3341-Baudolino_4e786959b4f22-100x100.jpg",100,100,true]},"post_excerpt_stackable_v2":"<p>En una zona del bajo Piamonte donde a\u00f1os despu\u00e9s se fundar\u00eda la ciudad de Alessandria, el fantasioso y embustero Baudolina conquista a Federico Barbarroja y se convierte en su hijo adoptivo.<\/p>\n","category_list_v2":"","author_info_v2":{"name":"","url":""},"comments_num_v2":"0 comentarios","_links":{"self":[{"href":"https:\/\/ajupe.com.uy\/web\/wp-json\/wp\/v2\/product\/3341","targetHints":{"allow":["GET"]}}],"collection":[{"href":"https:\/\/ajupe.com.uy\/web\/wp-json\/wp\/v2\/product"}],"about":[{"href":"https:\/\/ajupe.com.uy\/web\/wp-json\/wp\/v2\/types\/product"}],"wp:featuredmedia":[{"embeddable":true,"href":"https:\/\/ajupe.com.uy\/web\/wp-json\/wp\/v2\/media\/3342"}],"wp:attachment":[{"href":"https:\/\/ajupe.com.uy\/web\/wp-json\/wp\/v2\/media?parent=3341"}],"wp:term":[{"taxonomy":"product_brand","embeddable":true,"href":"https:\/\/ajupe.com.uy\/web\/wp-json\/wp\/v2\/product_brand?post=3341"},{"taxonomy":"product_cat","embeddable":true,"href":"https:\/\/ajupe.com.uy\/web\/wp-json\/wp\/v2\/product_cat?post=3341"},{"taxonomy":"product_tag","embeddable":true,"href":"https:\/\/ajupe.com.uy\/web\/wp-json\/wp\/v2\/product_tag?post=3341"}],"curies":[{"name":"wp","href":"https:\/\/api.w.org\/{rel}","templated":true}]}}