{"id":3362,"date":"2011-09-20T19:30:50","date_gmt":"2011-09-20T22:30:50","guid":{"rendered":"http:\/\/ajupe.com.uy\/web\/?post_type=product&#038;p=3362"},"modified":"2011-09-20T19:30:50","modified_gmt":"2011-09-20T22:30:50","slug":"entre-tu-y-yo","status":"publish","type":"product","link":"https:\/\/ajupe.com.uy\/web\/biblioteca\/entre-tu-y-yo\/","title":{"rendered":"Entre tu y yo"},"content":{"rendered":"<p align=\"justify\"><em> Entre t\u00fa y yo, <\/em> adopta una actitud                      valiente al examinar, sin tapujos, las situaciones que                      conducen a la incomunicaci\u00f3n y a los desencuentros en las                      relaciones amorosas, iluminando el camino de la esperanza,                      del fortalecimiento de la autoestima y de la reflexi\u00f3n                      imprescindibles para el reencuentro.<\/p>\n<p align=\"justify\">El                      doctor Walter Dresel, de una larga y prestigiosa experiencia                      m\u00e9dica y de una natural inclinaci\u00f3n al conocimiento profundo                      de la conducta humana, se\u00f1ala el camino hacia el di\u00e1logo                      interior y la aceptaci\u00f3n de nuestros propios errores con la                      finalidad de que cada uno pueda reconocer d\u00f3nde se                      encuentran y cu\u00e1les son los verdaderos problemas que le                      impiden llevar adelante un v\u00ednculo afectivo exitoso.<\/p>\n","protected":false},"excerpt":{"rendered":"<p>Entre t\u00fa y yo, adopta una actitud valiente al examinar, sin tapujos, las situaciones que conducen a la incomunicaci\u00f3n y a los desencuentros en las relaciones amorosas, iluminando el camino de la esperanza, del fortalecimiento de la autoestima y de la reflexi\u00f3n imprescindibles para el reencuentro. El doctor Walter Dresel, de una larga y prestigiosa [&hellip;]<\/p>\n","protected":false},"featured_media":3363,"template":"","meta":[],"product_brand":[353],"product_cat":[32],"product_tag":[],"class_list":{"0":"post-3362","1":"product","2":"type-product","3":"status-publish","4":"has-post-thumbnail","6":"product_brand-walter-dresel","7":"product_cat-autoayuda","9":"first","10":"instock","11":"purchasable","12":"product-type-simple"},"featured_image_urls_v2":{"full":["https:\/\/ajupe.com.uy\/web\/wp-content\/uploads\/2016\/04\/p-3362-Entre_tu_y_yo_4e78e9ea2e13a.jpg",160,225,false],"thumbnail":["https:\/\/ajupe.com.uy\/web\/wp-content\/uploads\/2016\/04\/p-3362-Entre_tu_y_yo_4e78e9ea2e13a.jpg",150,150,true],"medium":["https:\/\/ajupe.com.uy\/web\/wp-content\/uploads\/2016\/04\/p-3362-Entre_tu_y_yo_4e78e9ea2e13a.jpg",300,214,true],"medium_large":["https:\/\/ajupe.com.uy\/web\/wp-content\/uploads\/2016\/04\/p-3362-Entre_tu_y_yo_4e78e9ea2e13a.jpg",160,225,false],"large":["https:\/\/ajupe.com.uy\/web\/wp-content\/uploads\/2016\/04\/p-3362-Entre_tu_y_yo_4e78e9ea2e13a.jpg",160,225,false],"1536x1536":["https:\/\/ajupe.com.uy\/web\/wp-content\/uploads\/2016\/04\/p-3362-Entre_tu_y_yo_4e78e9ea2e13a.jpg",160,225,false],"2048x2048":["https:\/\/ajupe.com.uy\/web\/wp-content\/uploads\/2016\/04\/p-3362-Entre_tu_y_yo_4e78e9ea2e13a.jpg",160,225,false],"woocommerce_archive_thumbnail":["https:\/\/ajupe.com.uy\/web\/wp-content\/uploads\/2016\/04\/p-3362-Entre_tu_y_yo_4e78e9ea2e13a.jpg",160,225,false],"woocommerce_thumbnail":["https:\/\/ajupe.com.uy\/web\/wp-content\/uploads\/2016\/04\/p-3362-Entre_tu_y_yo_4e78e9ea2e13a.jpg",160,225,false],"woocommerce_single":["https:\/\/ajupe.com.uy\/web\/wp-content\/uploads\/2016\/04\/p-3362-Entre_tu_y_yo_4e78e9ea2e13a.jpg",160,225,false],"woocommerce_gallery_thumbnail":["https:\/\/ajupe.com.uy\/web\/wp-content\/uploads\/2016\/04\/p-3362-Entre_tu_y_yo_4e78e9ea2e13a-100x100.jpg",100,100,true]},"post_excerpt_stackable_v2":"<p>Entre t\u00fa y yo, adopta una actitud valiente al examinar, sin tapujos, las situaciones que conducen a la incomunicaci\u00f3n y a los desencuentros en las relaciones amorosas, iluminando el camino de la esperanza, del fortalecimiento de la autoestima y de la reflexi\u00f3n imprescindibles para el reencuentro. El doctor Walter Dresel, de una larga y prestigiosa experiencia m\u00e9dica y de una natural inclinaci\u00f3n al conocimiento profundo de la conducta humana, se\u00f1ala el camino hacia el di\u00e1logo interior y la aceptaci\u00f3n de nuestros propios errores con la finalidad de que cada uno pueda reconocer d\u00f3nde se encuentran y cu\u00e1les son los verdaderos&hellip;<\/p>\n","category_list_v2":"","author_info_v2":{"name":"","url":""},"comments_num_v2":"0 comentarios","_links":{"self":[{"href":"https:\/\/ajupe.com.uy\/web\/wp-json\/wp\/v2\/product\/3362","targetHints":{"allow":["GET"]}}],"collection":[{"href":"https:\/\/ajupe.com.uy\/web\/wp-json\/wp\/v2\/product"}],"about":[{"href":"https:\/\/ajupe.com.uy\/web\/wp-json\/wp\/v2\/types\/product"}],"wp:featuredmedia":[{"embeddable":true,"href":"https:\/\/ajupe.com.uy\/web\/wp-json\/wp\/v2\/media\/3363"}],"wp:attachment":[{"href":"https:\/\/ajupe.com.uy\/web\/wp-json\/wp\/v2\/media?parent=3362"}],"wp:term":[{"taxonomy":"product_brand","embeddable":true,"href":"https:\/\/ajupe.com.uy\/web\/wp-json\/wp\/v2\/product_brand?post=3362"},{"taxonomy":"product_cat","embeddable":true,"href":"https:\/\/ajupe.com.uy\/web\/wp-json\/wp\/v2\/product_cat?post=3362"},{"taxonomy":"product_tag","embeddable":true,"href":"https:\/\/ajupe.com.uy\/web\/wp-json\/wp\/v2\/product_tag?post=3362"}],"curies":[{"name":"wp","href":"https:\/\/api.w.org\/{rel}","templated":true}]}}