{"id":3365,"date":"2011-09-20T19:34:51","date_gmt":"2011-09-20T22:34:51","guid":{"rendered":"http:\/\/ajupe.com.uy\/web\/?post_type=product&#038;p=3365"},"modified":"2011-09-22T18:00:49","modified_gmt":"2011-09-22T21:00:49","slug":"la-estrella-robada","status":"publish","type":"product","link":"https:\/\/ajupe.com.uy\/web\/biblioteca\/la-estrella-robada\/","title":{"rendered":"La estrella robada"},"content":{"rendered":"<p>Mary Higgins Clark presenta un nuevo y apasionante caso de dos de sus  personajes m\u00e1s logrados: la detective aficionada Alvirah y su marido  Willy, que en esta novela se ven envueltos en un misterio que exigir\u00e1  toda su capacidad deductiva y sentido com\u00fan. En efecto, una joven  soltera abandona su beb\u00e9 en el portal de una iglesia de Manhattan ,en el  mismo momento en que dentro un hombre est\u00e1 robando un valiosos c\u00e1liz  adornado con un diamante en forma de estrella.<\/p>\n","protected":false},"excerpt":{"rendered":"<p>Mary Higgins Clark presenta un nuevo y apasionante caso de dos de sus personajes m\u00e1s logrados: la detective aficionada Alvirah y su marido Willy, que en esta novela se ven envueltos en un misterio que exigir\u00e1 toda su capacidad deductiva y sentido com\u00fan. En efecto, una joven soltera abandona su beb\u00e9 en el portal de [&hellip;]<\/p>\n","protected":false},"featured_media":3366,"template":"","meta":[],"product_brand":[52],"product_cat":[30,48],"product_tag":[],"class_list":{"0":"post-3365","1":"product","2":"type-product","3":"status-publish","4":"has-post-thumbnail","6":"product_brand-mary-higgins-clark","7":"product_cat-suspenso","8":"product_cat-thrillers","10":"first","11":"instock","12":"purchasable","13":"product-type-simple"},"featured_image_urls_v2":{"full":["https:\/\/ajupe.com.uy\/web\/wp-content\/uploads\/2016\/04\/p-3365-La_estrella_roba_4e78eadb6cdec.png",261,391,false],"thumbnail":["https:\/\/ajupe.com.uy\/web\/wp-content\/uploads\/2016\/04\/p-3365-La_estrella_roba_4e78eadb6cdec.png",150,150,true],"medium":["https:\/\/ajupe.com.uy\/web\/wp-content\/uploads\/2016\/04\/p-3365-La_estrella_roba_4e78eadb6cdec.png",300,214,true],"medium_large":["https:\/\/ajupe.com.uy\/web\/wp-content\/uploads\/2016\/04\/p-3365-La_estrella_roba_4e78eadb6cdec.png",261,391,false],"large":["https:\/\/ajupe.com.uy\/web\/wp-content\/uploads\/2016\/04\/p-3365-La_estrella_roba_4e78eadb6cdec.png",261,391,false],"1536x1536":["https:\/\/ajupe.com.uy\/web\/wp-content\/uploads\/2016\/04\/p-3365-La_estrella_roba_4e78eadb6cdec.png",261,391,false],"2048x2048":["https:\/\/ajupe.com.uy\/web\/wp-content\/uploads\/2016\/04\/p-3365-La_estrella_roba_4e78eadb6cdec.png",261,391,false],"woocommerce_archive_thumbnail":["https:\/\/ajupe.com.uy\/web\/wp-content\/uploads\/2016\/04\/p-3365-La_estrella_roba_4e78eadb6cdec-261x300.png",261,300,true],"woocommerce_thumbnail":["https:\/\/ajupe.com.uy\/web\/wp-content\/uploads\/2016\/04\/p-3365-La_estrella_roba_4e78eadb6cdec-261x300.png",261,300,true],"woocommerce_single":["https:\/\/ajupe.com.uy\/web\/wp-content\/uploads\/2016\/04\/p-3365-La_estrella_roba_4e78eadb6cdec.png",261,391,false],"woocommerce_gallery_thumbnail":["https:\/\/ajupe.com.uy\/web\/wp-content\/uploads\/2016\/04\/p-3365-La_estrella_roba_4e78eadb6cdec-100x100.png",100,100,true]},"post_excerpt_stackable_v2":"<p>Mary Higgins Clark presenta un nuevo y apasionante caso de dos de sus personajes m\u00e1s logrados: la detective aficionada Alvirah y su marido Willy, que en esta novela se ven envueltos en un misterio que exigir\u00e1 toda su capacidad deductiva y sentido com\u00fan. En efecto, una joven soltera abandona su beb\u00e9 en el portal de una iglesia de Manhattan ,en el mismo momento en que dentro un hombre est\u00e1 robando un valiosos c\u00e1liz adornado con un diamante en forma de estrella.<\/p>\n","category_list_v2":"","author_info_v2":{"name":"","url":""},"comments_num_v2":"0 comentarios","_links":{"self":[{"href":"https:\/\/ajupe.com.uy\/web\/wp-json\/wp\/v2\/product\/3365","targetHints":{"allow":["GET"]}}],"collection":[{"href":"https:\/\/ajupe.com.uy\/web\/wp-json\/wp\/v2\/product"}],"about":[{"href":"https:\/\/ajupe.com.uy\/web\/wp-json\/wp\/v2\/types\/product"}],"wp:featuredmedia":[{"embeddable":true,"href":"https:\/\/ajupe.com.uy\/web\/wp-json\/wp\/v2\/media\/3366"}],"wp:attachment":[{"href":"https:\/\/ajupe.com.uy\/web\/wp-json\/wp\/v2\/media?parent=3365"}],"wp:term":[{"taxonomy":"product_brand","embeddable":true,"href":"https:\/\/ajupe.com.uy\/web\/wp-json\/wp\/v2\/product_brand?post=3365"},{"taxonomy":"product_cat","embeddable":true,"href":"https:\/\/ajupe.com.uy\/web\/wp-json\/wp\/v2\/product_cat?post=3365"},{"taxonomy":"product_tag","embeddable":true,"href":"https:\/\/ajupe.com.uy\/web\/wp-json\/wp\/v2\/product_tag?post=3365"}],"curies":[{"name":"wp","href":"https:\/\/api.w.org\/{rel}","templated":true}]}}