{"id":3386,"date":"2011-09-20T21:08:25","date_gmt":"2011-09-21T00:08:25","guid":{"rendered":"http:\/\/ajupe.com.uy\/web\/?post_type=product&#038;p=3386"},"modified":"2011-09-28T20:21:12","modified_gmt":"2011-09-28T23:21:12","slug":"fuego","status":"publish","type":"product","link":"https:\/\/ajupe.com.uy\/web\/biblioteca\/fuego\/","title":{"rendered":"Fuego"},"content":{"rendered":"<p>Los hoteles se incendian en el Chicago de las muchas razas e infinitas  tramas. Nadie sabe por qu\u00e9. \u00bfAlgo huele a corrupci\u00f3n? Victoria  Warshawski, la elegante, la dura y original detective protagonista de  las novelas de Sara Paretsky, jam\u00e1s rehuye una causa noble, sobre todo  si se trata de evitar la explotaci\u00f3n de cualquier minor\u00eda \u00e9tnica y de  esa gran mayor\u00eda marginada que constituyen las mujeres.<\/p>\n","protected":false},"excerpt":{"rendered":"<p>Victoria Warshawski es una investigadora privada que procede de los barrios del sur de Chicago, donde la inmigraci\u00f3n, las drogas, los embarazos adolescentes y el absentismo escolar son una constante.<\/p>\n","protected":false},"featured_media":3387,"template":"","meta":[],"product_brand":[885],"product_cat":[48],"product_tag":[],"class_list":{"0":"post-3386","1":"product","2":"type-product","3":"status-publish","4":"has-post-thumbnail","6":"product_brand-sara-paretsky","7":"product_cat-thrillers","9":"first","10":"instock","11":"purchasable","12":"product-type-simple"},"featured_image_urls_v2":{"full":["https:\/\/ajupe.com.uy\/web\/wp-content\/uploads\/2016\/04\/p-3386-Marcas_de_Fuego_4e7900c911e80.jpg",180,279,false],"thumbnail":["https:\/\/ajupe.com.uy\/web\/wp-content\/uploads\/2016\/04\/p-3386-Marcas_de_Fuego_4e7900c911e80.jpg",150,150,true],"medium":["https:\/\/ajupe.com.uy\/web\/wp-content\/uploads\/2016\/04\/p-3386-Marcas_de_Fuego_4e7900c911e80.jpg",300,214,true],"medium_large":["https:\/\/ajupe.com.uy\/web\/wp-content\/uploads\/2016\/04\/p-3386-Marcas_de_Fuego_4e7900c911e80.jpg",180,279,false],"large":["https:\/\/ajupe.com.uy\/web\/wp-content\/uploads\/2016\/04\/p-3386-Marcas_de_Fuego_4e7900c911e80.jpg",180,279,false],"1536x1536":["https:\/\/ajupe.com.uy\/web\/wp-content\/uploads\/2016\/04\/p-3386-Marcas_de_Fuego_4e7900c911e80.jpg",180,279,false],"2048x2048":["https:\/\/ajupe.com.uy\/web\/wp-content\/uploads\/2016\/04\/p-3386-Marcas_de_Fuego_4e7900c911e80.jpg",180,279,false],"woocommerce_archive_thumbnail":["https:\/\/ajupe.com.uy\/web\/wp-content\/uploads\/2016\/04\/p-3386-Marcas_de_Fuego_4e7900c911e80.jpg",180,279,false],"woocommerce_thumbnail":["https:\/\/ajupe.com.uy\/web\/wp-content\/uploads\/2016\/04\/p-3386-Marcas_de_Fuego_4e7900c911e80.jpg",180,279,false],"woocommerce_single":["https:\/\/ajupe.com.uy\/web\/wp-content\/uploads\/2016\/04\/p-3386-Marcas_de_Fuego_4e7900c911e80.jpg",180,279,false],"woocommerce_gallery_thumbnail":["https:\/\/ajupe.com.uy\/web\/wp-content\/uploads\/2016\/04\/p-3386-Marcas_de_Fuego_4e7900c911e80-100x100.jpg",100,100,true]},"post_excerpt_stackable_v2":"<p>Victoria Warshawski es una investigadora privada que procede de los barrios del sur de Chicago, donde la inmigraci\u00f3n, las drogas, los embarazos adolescentes y el absentismo escolar son una constante.<\/p>\n","category_list_v2":"","author_info_v2":{"name":"","url":""},"comments_num_v2":"0 comentarios","_links":{"self":[{"href":"https:\/\/ajupe.com.uy\/web\/wp-json\/wp\/v2\/product\/3386","targetHints":{"allow":["GET"]}}],"collection":[{"href":"https:\/\/ajupe.com.uy\/web\/wp-json\/wp\/v2\/product"}],"about":[{"href":"https:\/\/ajupe.com.uy\/web\/wp-json\/wp\/v2\/types\/product"}],"wp:featuredmedia":[{"embeddable":true,"href":"https:\/\/ajupe.com.uy\/web\/wp-json\/wp\/v2\/media\/3387"}],"wp:attachment":[{"href":"https:\/\/ajupe.com.uy\/web\/wp-json\/wp\/v2\/media?parent=3386"}],"wp:term":[{"taxonomy":"product_brand","embeddable":true,"href":"https:\/\/ajupe.com.uy\/web\/wp-json\/wp\/v2\/product_brand?post=3386"},{"taxonomy":"product_cat","embeddable":true,"href":"https:\/\/ajupe.com.uy\/web\/wp-json\/wp\/v2\/product_cat?post=3386"},{"taxonomy":"product_tag","embeddable":true,"href":"https:\/\/ajupe.com.uy\/web\/wp-json\/wp\/v2\/product_tag?post=3386"}],"curies":[{"name":"wp","href":"https:\/\/api.w.org\/{rel}","templated":true}]}}