{"id":3395,"date":"2011-09-21T19:34:43","date_gmt":"2011-09-21T22:34:43","guid":{"rendered":"http:\/\/ajupe.com.uy\/web\/?post_type=product&#038;p=3395"},"modified":"2011-09-27T17:35:49","modified_gmt":"2011-09-27T20:35:49","slug":"la-piedra-de-luz-ii-la-mujer-sabia","status":"publish","type":"product","link":"https:\/\/ajupe.com.uy\/web\/biblioteca\/la-piedra-de-luz-ii-la-mujer-sabia\/","title":{"rendered":"La Piedra de Luz II. La mujer sabia"},"content":{"rendered":"<p>Segunda entrega de la trilog\u00eda sobre los heroicos artesanos del antiguo  egipto, despu\u00e9s del gran \u00e9xito obtenido con la primera entrega.  Despu\u00e9s  de la muerte de Rams\u00e9s el Grande, la cofrad\u00eda de artesanos del Lugar de  Verdad est\u00e1 inquieta por los cambios que eso puede significar. Mientras  tanto, M\u00e9hy sigue actuando en la sombra para aniquilar a Nefer y  apoderarse de la famosa Piedra de Luz. Por su parte, Nefer el Silencioso  se ha convertido en el maestro de obras del Lugar de Verdad; Paneb el  Ardiente ha superado uno a uno los pelda\u00f1os necesarios para acceder al  estatuto de dibujantes; Clara, la esposa de Nefer, ha conseguido besar  tres veces en la cabeza a la cobra real, convirti\u00e9ndose as\u00ed en la mujer  sabia, protectora del Lugar de Verdad y de sus habitantes. Poseedora de  secretos sobrenaturales, es capaz de curar las enfermedades y de apartar  los maleficios en cuanto se presentan. Cuando se anuncia la tan  esperada llegada de Merenptah para dirigir los funerales de su padre,  Rams\u00e9s, el grado de agitaci\u00f3n es enorme. \u00bfPodr\u00e1 Nefer salir indemne de  todas las trampas que van poniendo en peligro su vida a pesar de la fiel  protecci\u00f3n de su esposa? Robos, muertes, inundaciones, sortilegios y  prevaricaciones, nada detendr\u00e1 a los h\u00e9roes de esta fabulosa novela en  la que los complots se suceden en un marco incomparable, un Egipto  legendario que el talento de Christian Jacq rescata de nuevo en todo su  esplendor.<\/p>\n","protected":false},"excerpt":{"rendered":"<p>Segunda entrega de la trilog\u00eda sobre los heroicos artesanos del antiguo egipto, despu\u00e9s del gran \u00e9xito obtenido con la primera entrega. Despu\u00e9s de la muerte de Rams\u00e9s el Grande, la cofrad\u00eda de artesanos del Lugar de Verdad est\u00e1 inquieta por los cambios que eso puede significar. Mientras tanto, M\u00e9hy sigue actuando en la sombra para [&hellip;]<\/p>\n","protected":false},"featured_media":3396,"template":"","meta":[],"product_brand":[222],"product_cat":[42,31],"product_tag":[],"class_list":{"0":"post-3395","1":"product","2":"type-product","3":"status-publish","4":"has-post-thumbnail","6":"product_brand-christian-jacq","7":"product_cat-aventura","8":"product_cat-historico","10":"first","11":"instock","12":"purchasable","13":"product-type-simple"},"featured_image_urls_v2":{"full":["https:\/\/ajupe.com.uy\/web\/wp-content\/uploads\/2016\/04\/p-3395-_La_Piedra_de_Lu_4e7a3c538267b.jpg",210,300,false],"thumbnail":["https:\/\/ajupe.com.uy\/web\/wp-content\/uploads\/2016\/04\/p-3395-_La_Piedra_de_Lu_4e7a3c538267b.jpg",150,150,true],"medium":["https:\/\/ajupe.com.uy\/web\/wp-content\/uploads\/2016\/04\/p-3395-_La_Piedra_de_Lu_4e7a3c538267b.jpg",300,214,true],"medium_large":["https:\/\/ajupe.com.uy\/web\/wp-content\/uploads\/2016\/04\/p-3395-_La_Piedra_de_Lu_4e7a3c538267b.jpg",210,300,false],"large":["https:\/\/ajupe.com.uy\/web\/wp-content\/uploads\/2016\/04\/p-3395-_La_Piedra_de_Lu_4e7a3c538267b.jpg",210,300,false],"1536x1536":["https:\/\/ajupe.com.uy\/web\/wp-content\/uploads\/2016\/04\/p-3395-_La_Piedra_de_Lu_4e7a3c538267b.jpg",210,300,false],"2048x2048":["https:\/\/ajupe.com.uy\/web\/wp-content\/uploads\/2016\/04\/p-3395-_La_Piedra_de_Lu_4e7a3c538267b.jpg",210,300,false],"woocommerce_archive_thumbnail":["https:\/\/ajupe.com.uy\/web\/wp-content\/uploads\/2016\/04\/p-3395-_La_Piedra_de_Lu_4e7a3c538267b.jpg",210,300,false],"woocommerce_thumbnail":["https:\/\/ajupe.com.uy\/web\/wp-content\/uploads\/2016\/04\/p-3395-_La_Piedra_de_Lu_4e7a3c538267b.jpg",210,300,false],"woocommerce_single":["https:\/\/ajupe.com.uy\/web\/wp-content\/uploads\/2016\/04\/p-3395-_La_Piedra_de_Lu_4e7a3c538267b.jpg",210,300,false],"woocommerce_gallery_thumbnail":["https:\/\/ajupe.com.uy\/web\/wp-content\/uploads\/2016\/04\/p-3395-_La_Piedra_de_Lu_4e7a3c538267b-100x100.jpg",100,100,true]},"post_excerpt_stackable_v2":"<p>Segunda entrega de la trilog\u00eda sobre los heroicos artesanos del antiguo egipto, despu\u00e9s del gran \u00e9xito obtenido con la primera entrega. Despu\u00e9s de la muerte de Rams\u00e9s el Grande, la cofrad\u00eda de artesanos del Lugar de Verdad est\u00e1 inquieta por los cambios que eso puede significar. Mientras tanto, M\u00e9hy sigue actuando en la sombra para aniquilar a Nefer y apoderarse de la famosa Piedra de Luz. Por su parte, Nefer el Silencioso se ha convertido en el maestro de obras del Lugar de Verdad; Paneb el Ardiente ha superado uno a uno los pelda\u00f1os necesarios para acceder al estatuto de&hellip;<\/p>\n","category_list_v2":"","author_info_v2":{"name":"","url":""},"comments_num_v2":"0 comentarios","_links":{"self":[{"href":"https:\/\/ajupe.com.uy\/web\/wp-json\/wp\/v2\/product\/3395","targetHints":{"allow":["GET"]}}],"collection":[{"href":"https:\/\/ajupe.com.uy\/web\/wp-json\/wp\/v2\/product"}],"about":[{"href":"https:\/\/ajupe.com.uy\/web\/wp-json\/wp\/v2\/types\/product"}],"wp:featuredmedia":[{"embeddable":true,"href":"https:\/\/ajupe.com.uy\/web\/wp-json\/wp\/v2\/media\/3396"}],"wp:attachment":[{"href":"https:\/\/ajupe.com.uy\/web\/wp-json\/wp\/v2\/media?parent=3395"}],"wp:term":[{"taxonomy":"product_brand","embeddable":true,"href":"https:\/\/ajupe.com.uy\/web\/wp-json\/wp\/v2\/product_brand?post=3395"},{"taxonomy":"product_cat","embeddable":true,"href":"https:\/\/ajupe.com.uy\/web\/wp-json\/wp\/v2\/product_cat?post=3395"},{"taxonomy":"product_tag","embeddable":true,"href":"https:\/\/ajupe.com.uy\/web\/wp-json\/wp\/v2\/product_tag?post=3395"}],"curies":[{"name":"wp","href":"https:\/\/api.w.org\/{rel}","templated":true}]}}