{"id":3425,"date":"2011-09-21T20:50:01","date_gmt":"2011-09-21T23:50:01","guid":{"rendered":"http:\/\/ajupe.com.uy\/web\/?post_type=product&#038;p=3425"},"modified":"2011-09-26T18:07:12","modified_gmt":"2011-09-26T21:07:12","slug":"la-romana","status":"publish","type":"product","link":"https:\/\/ajupe.com.uy\/web\/biblioteca\/la-romana\/","title":{"rendered":"La Romana"},"content":{"rendered":"<p>La parafernalia luminosa y el cinismo de la Roma de Mussolini es el  escenario de la que es, probablemente, la mejor y m\u00e1s conocida novela de  <strong>Moravia<\/strong>. En ella se narra la historia de Adriana, una  muchacha sencilla y pobre, muy hermosa, que trabaja posando desnuda como  modelo para un pintor, acepta regalos de los hombres y no sabe muy bien  cu\u00e1ndo abandon\u00f3 su sue\u00f1o de tener un hogar e hijos para convertirse en  prostituta. Tambi\u00e9n es la historia de Giacomo, estudiante universitario y  revolucionario fallido que rechaza la idea de estar enamorado de  Adriana; de la siniestra figura de Astarita, el oficial de la polic\u00eda  secreta obsesionado con la muchacha; y de Sonzogno, un burdo criminal  que trata a Adriana como su propiedad privada. Las relaciones entre  todos ellos conforman la que es, seg\u00fan algunos cr\u00edticos, una de las  escasas novelas del siglo XX que se encuentran a la altura de <strong>Dostoievski<\/strong>.<\/p>\n","protected":false},"excerpt":{"rendered":"<p>La parafernalia luminosa y el cinismo de la Roma de Mussolini es el escenario de la que es, probablemente, la mejor y m\u00e1s conocida novela de Moravia.<\/p>\n","protected":false},"featured_media":3426,"template":"","meta":[],"product_brand":[539],"product_cat":[46],"product_tag":[],"class_list":{"0":"post-3425","1":"product","2":"type-product","3":"status-publish","4":"has-post-thumbnail","6":"product_brand-alberto-moravia","7":"product_cat-poesia","9":"first","10":"instock","11":"purchasable","12":"product-type-simple"},"featured_image_urls_v2":{"full":["https:\/\/ajupe.com.uy\/web\/wp-content\/uploads\/2016\/04\/p-3425-La_Romana_4e7a4df9e51c9.jpg",175,175,false],"thumbnail":["https:\/\/ajupe.com.uy\/web\/wp-content\/uploads\/2016\/04\/p-3425-La_Romana_4e7a4df9e51c9.jpg",150,150,true],"medium":["https:\/\/ajupe.com.uy\/web\/wp-content\/uploads\/2016\/04\/p-3425-La_Romana_4e7a4df9e51c9.jpg",300,214,true],"medium_large":["https:\/\/ajupe.com.uy\/web\/wp-content\/uploads\/2016\/04\/p-3425-La_Romana_4e7a4df9e51c9.jpg",175,175,false],"large":["https:\/\/ajupe.com.uy\/web\/wp-content\/uploads\/2016\/04\/p-3425-La_Romana_4e7a4df9e51c9.jpg",175,175,false],"1536x1536":["https:\/\/ajupe.com.uy\/web\/wp-content\/uploads\/2016\/04\/p-3425-La_Romana_4e7a4df9e51c9.jpg",175,175,false],"2048x2048":["https:\/\/ajupe.com.uy\/web\/wp-content\/uploads\/2016\/04\/p-3425-La_Romana_4e7a4df9e51c9.jpg",175,175,false],"woocommerce_archive_thumbnail":["https:\/\/ajupe.com.uy\/web\/wp-content\/uploads\/2016\/04\/p-3425-La_Romana_4e7a4df9e51c9.jpg",175,175,false],"woocommerce_thumbnail":["https:\/\/ajupe.com.uy\/web\/wp-content\/uploads\/2016\/04\/p-3425-La_Romana_4e7a4df9e51c9.jpg",175,175,false],"woocommerce_single":["https:\/\/ajupe.com.uy\/web\/wp-content\/uploads\/2016\/04\/p-3425-La_Romana_4e7a4df9e51c9.jpg",175,175,false],"woocommerce_gallery_thumbnail":["https:\/\/ajupe.com.uy\/web\/wp-content\/uploads\/2016\/04\/p-3425-La_Romana_4e7a4df9e51c9-100x100.jpg",100,100,true]},"post_excerpt_stackable_v2":"<p>La parafernalia luminosa y el cinismo de la Roma de Mussolini es el escenario de la que es, probablemente, la mejor y m\u00e1s conocida novela de Moravia.<\/p>\n","category_list_v2":"","author_info_v2":{"name":"","url":""},"comments_num_v2":"0 comentarios","_links":{"self":[{"href":"https:\/\/ajupe.com.uy\/web\/wp-json\/wp\/v2\/product\/3425","targetHints":{"allow":["GET"]}}],"collection":[{"href":"https:\/\/ajupe.com.uy\/web\/wp-json\/wp\/v2\/product"}],"about":[{"href":"https:\/\/ajupe.com.uy\/web\/wp-json\/wp\/v2\/types\/product"}],"wp:featuredmedia":[{"embeddable":true,"href":"https:\/\/ajupe.com.uy\/web\/wp-json\/wp\/v2\/media\/3426"}],"wp:attachment":[{"href":"https:\/\/ajupe.com.uy\/web\/wp-json\/wp\/v2\/media?parent=3425"}],"wp:term":[{"taxonomy":"product_brand","embeddable":true,"href":"https:\/\/ajupe.com.uy\/web\/wp-json\/wp\/v2\/product_brand?post=3425"},{"taxonomy":"product_cat","embeddable":true,"href":"https:\/\/ajupe.com.uy\/web\/wp-json\/wp\/v2\/product_cat?post=3425"},{"taxonomy":"product_tag","embeddable":true,"href":"https:\/\/ajupe.com.uy\/web\/wp-json\/wp\/v2\/product_tag?post=3425"}],"curies":[{"name":"wp","href":"https:\/\/api.w.org\/{rel}","templated":true}]}}