{"id":3431,"date":"2011-09-21T20:59:31","date_gmt":"2011-09-21T23:59:31","guid":{"rendered":"http:\/\/ajupe.com.uy\/web\/?post_type=product&#038;p=3431"},"modified":"2011-09-26T18:06:24","modified_gmt":"2011-09-26T21:06:24","slug":"nazarin","status":"publish","type":"product","link":"https:\/\/ajupe.com.uy\/web\/biblioteca\/nazarin\/","title":{"rendered":"Nazarin"},"content":{"rendered":"<p>El protagonista de esta novela ha sido descrito como una mezcla de Don  Quijote y Jesucristo. Del primero tiene su idealismo, su nomadismo y su  incapacidad (o resistencia voluntaria) para adaptarse a la realidad; del  segundo, su misticismo, su pacifismo, su entrega al pr\u00f3jimo e incluso  un cierto mesianismo (una de las escenas m\u00e1s divertidas de la novela es  aquella en que Pedro Belmonte cree ver en Nazar\u00edn al obispo armenio  Esrou-Esdras redivivo). Adem\u00e1s, en su vagar por las afueras de Madrid lo  acompa\u00f1an \u00c1ndara y Beatriz (que tienen con \u00e9l una relaci\u00f3n  verdaderamente entra\u00f1able, muy bonita\u00a0y muy bien construida por Gald\u00f3s),  que tanto pueden ser la Marta y Mar\u00eda evang\u00e9licas, como nuevas  Sancho-Panzas andrajosas y malhabladas.<\/p>\n<p> La acci\u00f3n de la novela, bastante escasa, por cierto,\u00a0es la t\u00edpica de una  novela de viaje, o mejor, de vagabundeo (como es, precisamente, el <em>Quijote)<\/em>:  los personajes andan por los caminos, se encuentran con gente, hablan,  les pasan cosas. El hilo conductor es el protagonista, que con su  actitud y su personalidad m\u00edstica y desprendida provoca admiraci\u00f3n,  respeto, desprecio o burla en quienes lo conocen.<\/p>\n","protected":false},"excerpt":{"rendered":"<p>El protagonista de esta novela ha sido descrito como una mezcla de Don Quijote y Jesucristo. Del primero tiene su idealismo, su nomadismo y su incapacidad (o resistencia voluntaria) para adaptarse a la realidad; del segundo, su misticismo, su pacifismo, su entrega al pr\u00f3jimo e incluso un cierto mesianismo (una de las escenas m\u00e1s divertidas [&hellip;]<\/p>\n","protected":false},"featured_media":3432,"template":"","meta":[],"product_brand":[577],"product_cat":[46],"product_tag":[],"class_list":{"0":"post-3431","1":"product","2":"type-product","3":"status-publish","4":"has-post-thumbnail","6":"product_brand-benito-perez-galdos","7":"product_cat-poesia","9":"first","10":"instock","11":"purchasable","12":"product-type-simple"},"featured_image_urls_v2":{"full":["https:\/\/ajupe.com.uy\/web\/wp-content\/uploads\/2016\/04\/p-3431-Nazarin__4e7a5033f06fe.jpg",200,320,false],"thumbnail":["https:\/\/ajupe.com.uy\/web\/wp-content\/uploads\/2016\/04\/p-3431-Nazarin__4e7a5033f06fe.jpg",150,150,true],"medium":["https:\/\/ajupe.com.uy\/web\/wp-content\/uploads\/2016\/04\/p-3431-Nazarin__4e7a5033f06fe.jpg",300,214,true],"medium_large":["https:\/\/ajupe.com.uy\/web\/wp-content\/uploads\/2016\/04\/p-3431-Nazarin__4e7a5033f06fe.jpg",200,320,false],"large":["https:\/\/ajupe.com.uy\/web\/wp-content\/uploads\/2016\/04\/p-3431-Nazarin__4e7a5033f06fe.jpg",200,320,false],"1536x1536":["https:\/\/ajupe.com.uy\/web\/wp-content\/uploads\/2016\/04\/p-3431-Nazarin__4e7a5033f06fe.jpg",200,320,false],"2048x2048":["https:\/\/ajupe.com.uy\/web\/wp-content\/uploads\/2016\/04\/p-3431-Nazarin__4e7a5033f06fe.jpg",200,320,false],"woocommerce_archive_thumbnail":["https:\/\/ajupe.com.uy\/web\/wp-content\/uploads\/2016\/04\/p-3431-Nazarin__4e7a5033f06fe.jpg",200,320,false],"woocommerce_thumbnail":["https:\/\/ajupe.com.uy\/web\/wp-content\/uploads\/2016\/04\/p-3431-Nazarin__4e7a5033f06fe-200x300.jpg",200,300,true],"woocommerce_single":["https:\/\/ajupe.com.uy\/web\/wp-content\/uploads\/2016\/04\/p-3431-Nazarin__4e7a5033f06fe.jpg",200,320,false],"woocommerce_gallery_thumbnail":["https:\/\/ajupe.com.uy\/web\/wp-content\/uploads\/2016\/04\/p-3431-Nazarin__4e7a5033f06fe-100x100.jpg",100,100,true]},"post_excerpt_stackable_v2":"<p>El protagonista de esta novela ha sido descrito como una mezcla de Don Quijote y Jesucristo. Del primero tiene su idealismo, su nomadismo y su incapacidad (o resistencia voluntaria) para adaptarse a la realidad; del segundo, su misticismo, su pacifismo, su entrega al pr\u00f3jimo e incluso un cierto mesianismo (una de las escenas m\u00e1s divertidas de la novela es aquella en que Pedro Belmonte cree ver en Nazar\u00edn al obispo armenio Esrou-Esdras redivivo). Adem\u00e1s, en su vagar por las afueras de Madrid lo acompa\u00f1an \u00c1ndara y Beatriz (que tienen con \u00e9l una relaci\u00f3n verdaderamente entra\u00f1able, muy bonita\u00a0y muy bien construida&hellip;<\/p>\n","category_list_v2":"","author_info_v2":{"name":"","url":""},"comments_num_v2":"0 comentarios","_links":{"self":[{"href":"https:\/\/ajupe.com.uy\/web\/wp-json\/wp\/v2\/product\/3431","targetHints":{"allow":["GET"]}}],"collection":[{"href":"https:\/\/ajupe.com.uy\/web\/wp-json\/wp\/v2\/product"}],"about":[{"href":"https:\/\/ajupe.com.uy\/web\/wp-json\/wp\/v2\/types\/product"}],"wp:featuredmedia":[{"embeddable":true,"href":"https:\/\/ajupe.com.uy\/web\/wp-json\/wp\/v2\/media\/3432"}],"wp:attachment":[{"href":"https:\/\/ajupe.com.uy\/web\/wp-json\/wp\/v2\/media?parent=3431"}],"wp:term":[{"taxonomy":"product_brand","embeddable":true,"href":"https:\/\/ajupe.com.uy\/web\/wp-json\/wp\/v2\/product_brand?post=3431"},{"taxonomy":"product_cat","embeddable":true,"href":"https:\/\/ajupe.com.uy\/web\/wp-json\/wp\/v2\/product_cat?post=3431"},{"taxonomy":"product_tag","embeddable":true,"href":"https:\/\/ajupe.com.uy\/web\/wp-json\/wp\/v2\/product_tag?post=3431"}],"curies":[{"name":"wp","href":"https:\/\/api.w.org\/{rel}","templated":true}]}}