{"id":3443,"date":"2011-09-21T21:27:01","date_gmt":"2011-09-22T00:27:01","guid":{"rendered":"http:\/\/ajupe.com.uy\/web\/?post_type=product&#038;p=3443"},"modified":"2011-09-21T21:27:01","modified_gmt":"2011-09-22T00:27:01","slug":"el-camino-de-la-autodependencia","status":"publish","type":"product","link":"https:\/\/ajupe.com.uy\/web\/biblioteca\/el-camino-de-la-autodependencia\/","title":{"rendered":"EL CAMINO DE LA AUTODEPENDENCIA"},"content":{"rendered":"<p>Con un pensamiento luminoso y radical explica por qu\u00e9 la independencia no existe y la dependencia no nos permite formarnos como individuos. El camino de la autodependencia propone entonces un primer trayecto a conquistar, un punto de partida necesario que nos permitir\u00e1 ascender a la autorrealizaci\u00f3n, al \u00e9xito, a la elevaci\u00f3n, la felicidad, la cima o como cada uno decida llamar a aquello que constituye nuestro \u00fanico y m\u00e1s grande desaf\u00edo.<\/p>\n","protected":false},"excerpt":{"rendered":"<p>En este primer libro de los cuatro que constituyen la serie Hojas de Ruta, Jorge Bucay asume, una vez m\u00e1s, el rol de gu\u00eda por los intrincados recovecos de nuestro camino interior.<\/p>\n","protected":false},"featured_media":3444,"template":"","meta":[],"product_brand":[276],"product_cat":[32],"product_tag":[],"class_list":{"0":"post-3443","1":"product","2":"type-product","3":"status-publish","4":"has-post-thumbnail","6":"product_brand-jorge-bucay","7":"product_cat-autoayuda","9":"first","10":"instock","11":"purchasable","12":"product-type-simple"},"featured_image_urls_v2":{"full":["https:\/\/ajupe.com.uy\/web\/wp-content\/uploads\/2016\/04\/p-3443-EL_CAMINO_DE_LA__4e7a56a5b75c6.jpg",105,158,false],"thumbnail":["https:\/\/ajupe.com.uy\/web\/wp-content\/uploads\/2016\/04\/p-3443-EL_CAMINO_DE_LA__4e7a56a5b75c6.jpg",150,150,true],"medium":["https:\/\/ajupe.com.uy\/web\/wp-content\/uploads\/2016\/04\/p-3443-EL_CAMINO_DE_LA__4e7a56a5b75c6.jpg",300,214,true],"medium_large":["https:\/\/ajupe.com.uy\/web\/wp-content\/uploads\/2016\/04\/p-3443-EL_CAMINO_DE_LA__4e7a56a5b75c6.jpg",105,158,false],"large":["https:\/\/ajupe.com.uy\/web\/wp-content\/uploads\/2016\/04\/p-3443-EL_CAMINO_DE_LA__4e7a56a5b75c6.jpg",105,158,false],"1536x1536":["https:\/\/ajupe.com.uy\/web\/wp-content\/uploads\/2016\/04\/p-3443-EL_CAMINO_DE_LA__4e7a56a5b75c6.jpg",105,158,false],"2048x2048":["https:\/\/ajupe.com.uy\/web\/wp-content\/uploads\/2016\/04\/p-3443-EL_CAMINO_DE_LA__4e7a56a5b75c6.jpg",105,158,false],"woocommerce_archive_thumbnail":["https:\/\/ajupe.com.uy\/web\/wp-content\/uploads\/2016\/04\/p-3443-EL_CAMINO_DE_LA__4e7a56a5b75c6.jpg",105,158,false],"woocommerce_thumbnail":["https:\/\/ajupe.com.uy\/web\/wp-content\/uploads\/2016\/04\/p-3443-EL_CAMINO_DE_LA__4e7a56a5b75c6.jpg",105,158,false],"woocommerce_single":["https:\/\/ajupe.com.uy\/web\/wp-content\/uploads\/2016\/04\/p-3443-EL_CAMINO_DE_LA__4e7a56a5b75c6.jpg",105,158,false],"woocommerce_gallery_thumbnail":["https:\/\/ajupe.com.uy\/web\/wp-content\/uploads\/2016\/04\/p-3443-EL_CAMINO_DE_LA__4e7a56a5b75c6-100x100.jpg",100,100,true]},"post_excerpt_stackable_v2":"<p>En este primer libro de los cuatro que constituyen la serie Hojas de Ruta, Jorge Bucay asume, una vez m\u00e1s, el rol de gu\u00eda por los intrincados recovecos de nuestro camino interior.<\/p>\n","category_list_v2":"","author_info_v2":{"name":"","url":""},"comments_num_v2":"0 comentarios","_links":{"self":[{"href":"https:\/\/ajupe.com.uy\/web\/wp-json\/wp\/v2\/product\/3443","targetHints":{"allow":["GET"]}}],"collection":[{"href":"https:\/\/ajupe.com.uy\/web\/wp-json\/wp\/v2\/product"}],"about":[{"href":"https:\/\/ajupe.com.uy\/web\/wp-json\/wp\/v2\/types\/product"}],"wp:featuredmedia":[{"embeddable":true,"href":"https:\/\/ajupe.com.uy\/web\/wp-json\/wp\/v2\/media\/3444"}],"wp:attachment":[{"href":"https:\/\/ajupe.com.uy\/web\/wp-json\/wp\/v2\/media?parent=3443"}],"wp:term":[{"taxonomy":"product_brand","embeddable":true,"href":"https:\/\/ajupe.com.uy\/web\/wp-json\/wp\/v2\/product_brand?post=3443"},{"taxonomy":"product_cat","embeddable":true,"href":"https:\/\/ajupe.com.uy\/web\/wp-json\/wp\/v2\/product_cat?post=3443"},{"taxonomy":"product_tag","embeddable":true,"href":"https:\/\/ajupe.com.uy\/web\/wp-json\/wp\/v2\/product_tag?post=3443"}],"curies":[{"name":"wp","href":"https:\/\/api.w.org\/{rel}","templated":true}]}}