{"id":3446,"date":"2011-09-21T21:29:16","date_gmt":"2011-09-22T00:29:16","guid":{"rendered":"http:\/\/ajupe.com.uy\/web\/?post_type=product&#038;p=3446"},"modified":"2011-09-21T21:29:16","modified_gmt":"2011-09-22T00:29:16","slug":"el-camino-de-la-felicidad","status":"publish","type":"product","link":"https:\/\/ajupe.com.uy\/web\/biblioteca\/el-camino-de-la-felicidad\/","title":{"rendered":"EL CAMINO DE LA FELICIDAD"},"content":{"rendered":"<p>Leyendo este libro, poco a poco comprobamos que no era tan f\u00e1cil, que el texto no nos dice c\u00f3mo ser felices, sino que nos induce a encontrar el camino. Nos habla de la ilusi\u00f3n, la fantas\u00eda, el deseo, la acci\u00f3n y el desaf\u00edo de ser quien uno es. Por eso, la encrucijada real de este recorrido est\u00e1 en la curva donde la felicidad depende de una b\u00fasqueda personal e ntransferible, una postura de compromiso incondicional con la propia vida.<\/p>\n","protected":false},"excerpt":{"rendered":"<p>Con El camino de la felicidad se cierra la serie Hojas de Ruta. Despu\u00e9s de transitar por El camino de la autodependencia, El camino del encuentro y El camino de las l\u00e1grimas, nos encontramos en el tramo final. \u00bfQu\u00e9 es la felicidad? \u00bfSe es feliz o se est\u00e1 <\/p>\n","protected":false},"featured_media":3447,"template":"","meta":[],"product_brand":[276],"product_cat":[32],"product_tag":[],"class_list":{"0":"post-3446","1":"product","2":"type-product","3":"status-publish","4":"has-post-thumbnail","6":"product_brand-jorge-bucay","7":"product_cat-autoayuda","9":"first","10":"instock","11":"purchasable","12":"product-type-simple"},"featured_image_urls_v2":{"full":["https:\/\/ajupe.com.uy\/web\/wp-content\/uploads\/2016\/04\/p-3446-EL_CAMINO_DE_LA__4e7a572c938cc.jpg",105,158,false],"thumbnail":["https:\/\/ajupe.com.uy\/web\/wp-content\/uploads\/2016\/04\/p-3446-EL_CAMINO_DE_LA__4e7a572c938cc.jpg",150,150,true],"medium":["https:\/\/ajupe.com.uy\/web\/wp-content\/uploads\/2016\/04\/p-3446-EL_CAMINO_DE_LA__4e7a572c938cc.jpg",300,214,true],"medium_large":["https:\/\/ajupe.com.uy\/web\/wp-content\/uploads\/2016\/04\/p-3446-EL_CAMINO_DE_LA__4e7a572c938cc.jpg",105,158,false],"large":["https:\/\/ajupe.com.uy\/web\/wp-content\/uploads\/2016\/04\/p-3446-EL_CAMINO_DE_LA__4e7a572c938cc.jpg",105,158,false],"1536x1536":["https:\/\/ajupe.com.uy\/web\/wp-content\/uploads\/2016\/04\/p-3446-EL_CAMINO_DE_LA__4e7a572c938cc.jpg",105,158,false],"2048x2048":["https:\/\/ajupe.com.uy\/web\/wp-content\/uploads\/2016\/04\/p-3446-EL_CAMINO_DE_LA__4e7a572c938cc.jpg",105,158,false],"woocommerce_archive_thumbnail":["https:\/\/ajupe.com.uy\/web\/wp-content\/uploads\/2016\/04\/p-3446-EL_CAMINO_DE_LA__4e7a572c938cc.jpg",105,158,false],"woocommerce_thumbnail":["https:\/\/ajupe.com.uy\/web\/wp-content\/uploads\/2016\/04\/p-3446-EL_CAMINO_DE_LA__4e7a572c938cc.jpg",105,158,false],"woocommerce_single":["https:\/\/ajupe.com.uy\/web\/wp-content\/uploads\/2016\/04\/p-3446-EL_CAMINO_DE_LA__4e7a572c938cc.jpg",105,158,false],"woocommerce_gallery_thumbnail":["https:\/\/ajupe.com.uy\/web\/wp-content\/uploads\/2016\/04\/p-3446-EL_CAMINO_DE_LA__4e7a572c938cc-100x100.jpg",100,100,true]},"post_excerpt_stackable_v2":"<p>Con El camino de la felicidad se cierra la serie Hojas de Ruta. Despu\u00e9s de transitar por El camino de la autodependencia, El camino del encuentro y El camino de las l\u00e1grimas, nos encontramos en el tramo final. \u00bfQu\u00e9 es la felicidad? \u00bfSe es feliz o se est\u00e1 <\/p>\n","category_list_v2":"","author_info_v2":{"name":"","url":""},"comments_num_v2":"0 comentarios","_links":{"self":[{"href":"https:\/\/ajupe.com.uy\/web\/wp-json\/wp\/v2\/product\/3446","targetHints":{"allow":["GET"]}}],"collection":[{"href":"https:\/\/ajupe.com.uy\/web\/wp-json\/wp\/v2\/product"}],"about":[{"href":"https:\/\/ajupe.com.uy\/web\/wp-json\/wp\/v2\/types\/product"}],"wp:featuredmedia":[{"embeddable":true,"href":"https:\/\/ajupe.com.uy\/web\/wp-json\/wp\/v2\/media\/3447"}],"wp:attachment":[{"href":"https:\/\/ajupe.com.uy\/web\/wp-json\/wp\/v2\/media?parent=3446"}],"wp:term":[{"taxonomy":"product_brand","embeddable":true,"href":"https:\/\/ajupe.com.uy\/web\/wp-json\/wp\/v2\/product_brand?post=3446"},{"taxonomy":"product_cat","embeddable":true,"href":"https:\/\/ajupe.com.uy\/web\/wp-json\/wp\/v2\/product_cat?post=3446"},{"taxonomy":"product_tag","embeddable":true,"href":"https:\/\/ajupe.com.uy\/web\/wp-json\/wp\/v2\/product_tag?post=3446"}],"curies":[{"name":"wp","href":"https:\/\/api.w.org\/{rel}","templated":true}]}}