{"id":3449,"date":"2011-09-21T21:40:33","date_gmt":"2011-09-22T00:40:33","guid":{"rendered":"http:\/\/ajupe.com.uy\/web\/?post_type=product&#038;p=3449"},"modified":"2011-10-27T16:52:16","modified_gmt":"2011-10-27T19:52:16","slug":"el-camino-de-las-l-grimas","status":"publish","type":"product","link":"https:\/\/ajupe.com.uy\/web\/biblioteca\/el-camino-de-las-l-grimas\/","title":{"rendered":"EL CAMINO DE LAS L\u00c1GRIMAS"},"content":{"rendered":"<p>Por supuesto que seguir el camino de las l\u00e1grimas nos pone en un clima diferente del que alguno de ustedes puede haber encontrado recorriendo el camino de la autodependencia o el del encuentro. Pero este camino es el que nos ense\u00f1a a aceptar el v\u00ednculo vital que existe entre las p\u00e9rdidas y las adquisiciones. Este camino se\u00f1ala que debemos renunciar a lo que ya no est\u00e1, y que eso es madurar. Asumiremos al recorrerlo que las p\u00e9rdidas tienden a ser problem\u00e1ticas y dolorosas pero s\u00f3lo a trav\u00e9s de ellas nos convertimos en seres humanos plenamente desarrollados.<\/p>\n","protected":false},"excerpt":{"rendered":"<p>Las p\u00e9rdidas forman parte de nuestra vida, son constantes universales e insoslayables. Y las llamamos p\u00e9rdidasnecesarias porque crecemos a trav\u00e9s de ellas. De hecho, somos quienessomos gracias a todo lo perdido y a c\u00f3mo nos hemos conducido frente aesas p\u00e9<\/p>\n","protected":false},"featured_media":3450,"template":"","meta":[],"product_brand":[276],"product_cat":[32],"product_tag":[],"class_list":{"0":"post-3449","1":"product","2":"type-product","3":"status-publish","4":"has-post-thumbnail","6":"product_brand-jorge-bucay","7":"product_cat-autoayuda","9":"first","10":"instock","11":"purchasable","12":"product-type-simple"},"featured_image_urls_v2":{"full":["https:\/\/ajupe.com.uy\/web\/wp-content\/uploads\/2016\/04\/p-3449-EL_CAMINO_DE_LAS_4e7a59d164bab.jpg",255,375,false],"thumbnail":["https:\/\/ajupe.com.uy\/web\/wp-content\/uploads\/2016\/04\/p-3449-EL_CAMINO_DE_LAS_4e7a59d164bab.jpg",150,150,true],"medium":["https:\/\/ajupe.com.uy\/web\/wp-content\/uploads\/2016\/04\/p-3449-EL_CAMINO_DE_LAS_4e7a59d164bab.jpg",300,214,true],"medium_large":["https:\/\/ajupe.com.uy\/web\/wp-content\/uploads\/2016\/04\/p-3449-EL_CAMINO_DE_LAS_4e7a59d164bab.jpg",255,375,false],"large":["https:\/\/ajupe.com.uy\/web\/wp-content\/uploads\/2016\/04\/p-3449-EL_CAMINO_DE_LAS_4e7a59d164bab.jpg",255,375,false],"1536x1536":["https:\/\/ajupe.com.uy\/web\/wp-content\/uploads\/2016\/04\/p-3449-EL_CAMINO_DE_LAS_4e7a59d164bab.jpg",255,375,false],"2048x2048":["https:\/\/ajupe.com.uy\/web\/wp-content\/uploads\/2016\/04\/p-3449-EL_CAMINO_DE_LAS_4e7a59d164bab.jpg",255,375,false],"woocommerce_archive_thumbnail":["https:\/\/ajupe.com.uy\/web\/wp-content\/uploads\/2016\/04\/p-3449-EL_CAMINO_DE_LAS_4e7a59d164bab-255x300.jpg",255,300,true],"woocommerce_thumbnail":["https:\/\/ajupe.com.uy\/web\/wp-content\/uploads\/2016\/04\/p-3449-EL_CAMINO_DE_LAS_4e7a59d164bab-255x300.jpg",255,300,true],"woocommerce_single":["https:\/\/ajupe.com.uy\/web\/wp-content\/uploads\/2016\/04\/p-3449-EL_CAMINO_DE_LAS_4e7a59d164bab.jpg",255,375,false],"woocommerce_gallery_thumbnail":["https:\/\/ajupe.com.uy\/web\/wp-content\/uploads\/2016\/04\/p-3449-EL_CAMINO_DE_LAS_4e7a59d164bab-100x100.jpg",100,100,true]},"post_excerpt_stackable_v2":"<p>Las p\u00e9rdidas forman parte de nuestra vida, son constantes universales e insoslayables. Y las llamamos p\u00e9rdidasnecesarias porque crecemos a trav\u00e9s de ellas. De hecho, somos quienessomos gracias a todo lo perdido y a c\u00f3mo nos hemos conducido frente aesas p\u00e9<\/p>\n","category_list_v2":"","author_info_v2":{"name":"","url":""},"comments_num_v2":"0 comentarios","_links":{"self":[{"href":"https:\/\/ajupe.com.uy\/web\/wp-json\/wp\/v2\/product\/3449","targetHints":{"allow":["GET"]}}],"collection":[{"href":"https:\/\/ajupe.com.uy\/web\/wp-json\/wp\/v2\/product"}],"about":[{"href":"https:\/\/ajupe.com.uy\/web\/wp-json\/wp\/v2\/types\/product"}],"wp:featuredmedia":[{"embeddable":true,"href":"https:\/\/ajupe.com.uy\/web\/wp-json\/wp\/v2\/media\/3450"}],"wp:attachment":[{"href":"https:\/\/ajupe.com.uy\/web\/wp-json\/wp\/v2\/media?parent=3449"}],"wp:term":[{"taxonomy":"product_brand","embeddable":true,"href":"https:\/\/ajupe.com.uy\/web\/wp-json\/wp\/v2\/product_brand?post=3449"},{"taxonomy":"product_cat","embeddable":true,"href":"https:\/\/ajupe.com.uy\/web\/wp-json\/wp\/v2\/product_cat?post=3449"},{"taxonomy":"product_tag","embeddable":true,"href":"https:\/\/ajupe.com.uy\/web\/wp-json\/wp\/v2\/product_tag?post=3449"}],"curies":[{"name":"wp","href":"https:\/\/api.w.org\/{rel}","templated":true}]}}