{"id":3452,"date":"2011-09-21T21:43:18","date_gmt":"2011-09-22T00:43:18","guid":{"rendered":"http:\/\/ajupe.com.uy\/web\/?post_type=product&#038;p=3452"},"modified":"2011-09-21T21:43:18","modified_gmt":"2011-09-22T00:43:18","slug":"el-camino-del-encuentro","status":"publish","type":"product","link":"https:\/\/ajupe.com.uy\/web\/biblioteca\/el-camino-del-encuentro\/","title":{"rendered":"EL CAMINO DEL ENCUENTRO"},"content":{"rendered":"<p>Habr\u00e1 que animarse a recorrerlo hasta el final si queremos ir m\u00e1s all\u00e1 del encuentro con uno mismo. Convivencia, acuerdos, atracci\u00f3n, sexo, confianza, contacto son algunos de los hitos de este trayecto a trav\u00e9s del cual, l\u00facido y provocativo, el autor desarrolla los distintos conceptos de naturaleza humana. Bucay, como siempre, nos invita a entrar en el universo de sus ideas, oblig\u00e1ndonos a repensar las propias y desafiando nuestro desacuerdo. La conquista del segundo tramo de esa ruta culmina con el encuentro definitivo de nuestra capacidad de amar al otro.<\/p>\n","protected":false},"excerpt":{"rendered":"<p>En este segundo libro de los cuatro que constituyen la serie Hojas de Ruta, Jorge Bucay nos muestra un camino pol\u00e9mico, audaz, seguramente arriesgado: el descubrimiento del otro, del amor y del sexo.<\/p>\n","protected":false},"featured_media":3453,"template":"","meta":[],"product_brand":[276],"product_cat":[32],"product_tag":[],"class_list":{"0":"post-3452","1":"product","2":"type-product","3":"status-publish","4":"has-post-thumbnail","6":"product_brand-jorge-bucay","7":"product_cat-autoayuda","9":"first","10":"instock","11":"purchasable","12":"product-type-simple"},"featured_image_urls_v2":{"full":["https:\/\/ajupe.com.uy\/web\/wp-content\/uploads\/2016\/04\/p-3452-EL_CAMINO_DEL_EN_4e7a5a7656e08.jpg",105,158,false],"thumbnail":["https:\/\/ajupe.com.uy\/web\/wp-content\/uploads\/2016\/04\/p-3452-EL_CAMINO_DEL_EN_4e7a5a7656e08.jpg",150,150,true],"medium":["https:\/\/ajupe.com.uy\/web\/wp-content\/uploads\/2016\/04\/p-3452-EL_CAMINO_DEL_EN_4e7a5a7656e08.jpg",300,214,true],"medium_large":["https:\/\/ajupe.com.uy\/web\/wp-content\/uploads\/2016\/04\/p-3452-EL_CAMINO_DEL_EN_4e7a5a7656e08.jpg",105,158,false],"large":["https:\/\/ajupe.com.uy\/web\/wp-content\/uploads\/2016\/04\/p-3452-EL_CAMINO_DEL_EN_4e7a5a7656e08.jpg",105,158,false],"1536x1536":["https:\/\/ajupe.com.uy\/web\/wp-content\/uploads\/2016\/04\/p-3452-EL_CAMINO_DEL_EN_4e7a5a7656e08.jpg",105,158,false],"2048x2048":["https:\/\/ajupe.com.uy\/web\/wp-content\/uploads\/2016\/04\/p-3452-EL_CAMINO_DEL_EN_4e7a5a7656e08.jpg",105,158,false],"woocommerce_archive_thumbnail":["https:\/\/ajupe.com.uy\/web\/wp-content\/uploads\/2016\/04\/p-3452-EL_CAMINO_DEL_EN_4e7a5a7656e08.jpg",105,158,false],"woocommerce_thumbnail":["https:\/\/ajupe.com.uy\/web\/wp-content\/uploads\/2016\/04\/p-3452-EL_CAMINO_DEL_EN_4e7a5a7656e08.jpg",105,158,false],"woocommerce_single":["https:\/\/ajupe.com.uy\/web\/wp-content\/uploads\/2016\/04\/p-3452-EL_CAMINO_DEL_EN_4e7a5a7656e08.jpg",105,158,false],"woocommerce_gallery_thumbnail":["https:\/\/ajupe.com.uy\/web\/wp-content\/uploads\/2016\/04\/p-3452-EL_CAMINO_DEL_EN_4e7a5a7656e08-100x100.jpg",100,100,true]},"post_excerpt_stackable_v2":"<p>En este segundo libro de los cuatro que constituyen la serie Hojas de Ruta, Jorge Bucay nos muestra un camino pol\u00e9mico, audaz, seguramente arriesgado: el descubrimiento del otro, del amor y del sexo.<\/p>\n","category_list_v2":"","author_info_v2":{"name":"","url":""},"comments_num_v2":"0 comentarios","_links":{"self":[{"href":"https:\/\/ajupe.com.uy\/web\/wp-json\/wp\/v2\/product\/3452","targetHints":{"allow":["GET"]}}],"collection":[{"href":"https:\/\/ajupe.com.uy\/web\/wp-json\/wp\/v2\/product"}],"about":[{"href":"https:\/\/ajupe.com.uy\/web\/wp-json\/wp\/v2\/types\/product"}],"wp:featuredmedia":[{"embeddable":true,"href":"https:\/\/ajupe.com.uy\/web\/wp-json\/wp\/v2\/media\/3453"}],"wp:attachment":[{"href":"https:\/\/ajupe.com.uy\/web\/wp-json\/wp\/v2\/media?parent=3452"}],"wp:term":[{"taxonomy":"product_brand","embeddable":true,"href":"https:\/\/ajupe.com.uy\/web\/wp-json\/wp\/v2\/product_brand?post=3452"},{"taxonomy":"product_cat","embeddable":true,"href":"https:\/\/ajupe.com.uy\/web\/wp-json\/wp\/v2\/product_cat?post=3452"},{"taxonomy":"product_tag","embeddable":true,"href":"https:\/\/ajupe.com.uy\/web\/wp-json\/wp\/v2\/product_tag?post=3452"}],"curies":[{"name":"wp","href":"https:\/\/api.w.org\/{rel}","templated":true}]}}