{"id":3455,"date":"2011-09-21T21:49:55","date_gmt":"2011-09-22T00:49:55","guid":{"rendered":"http:\/\/ajupe.com.uy\/web\/?post_type=product&#038;p=3455"},"modified":"2011-09-21T21:49:55","modified_gmt":"2011-09-22T00:49:55","slug":"angulo-de-impacto","status":"publish","type":"product","link":"https:\/\/ajupe.com.uy\/web\/biblioteca\/angulo-de-impacto\/","title":{"rendered":"ANGULO DE IMPACTO"},"content":{"rendered":"<p>Dana Svenssen es una joven y brillante abogada que trabaja para el estudio m\u00e1s prestigioso de Filadelfia. Una ma\u00f1ana, camino a una reuni\u00f3n de trabajo con un cliente, su vida estalla literalmente en un segundo. El helic\u00f3ptero que transporta a su cliente choca en el aire con un avi\u00f3n privado, exactamente sobre el parque de diversiones donde las dos hijas de Dana est\u00e1n pasando el d\u00eda con sus compa\u00f1eros de colegio. Dana corre desesperadamente hacia el lugar del accidente para rescatar a sus hijas, atrapadas en un carro de la monta\u00f1a rusa. Es entonces cuando descubre que el tr\u00e1gico accidente no es un accidente&#8230; Aunque Dana est\u00e1 decidida a demostrar la causa del choque, es una tarea casi imposible. De pronto, la lanza al centro de una conspiraci\u00f3n multimillonaria y decididamente mortal. Considerada como la John Grisham femenina, Bonnie MacDougal ha escrito un thriller impactante, basado en un hecho real. Una novela que no da respiro.<\/p>\n","protected":false},"excerpt":{"rendered":"<p>Dana Svenssen es una joven y brillante abogada que trabaja para el estudio m\u00e1s prestigioso de Filadelfia. Una ma\u00f1ana, camino a una reuni\u00f3n de trabajo con un cliente, su vida estalla literalmente en un segundo.<\/p>\n","protected":false},"featured_media":3456,"template":"","meta":[],"product_brand":[582],"product_cat":[29,30],"product_tag":[],"class_list":{"0":"post-3455","1":"product","2":"type-product","3":"status-publish","4":"has-post-thumbnail","6":"product_brand-bonnie-mac-dougal","7":"product_cat-novela","8":"product_cat-suspenso","10":"first","11":"instock","12":"purchasable","13":"product-type-simple"},"featured_image_urls_v2":{"full":["https:\/\/ajupe.com.uy\/web\/wp-content\/uploads\/2016\/04\/p-3455-ANGULO_DE_IMPACT_4e7a5c037f9b5.jpg",78,120,false],"thumbnail":["https:\/\/ajupe.com.uy\/web\/wp-content\/uploads\/2016\/04\/p-3455-ANGULO_DE_IMPACT_4e7a5c037f9b5.jpg",150,150,true],"medium":["https:\/\/ajupe.com.uy\/web\/wp-content\/uploads\/2016\/04\/p-3455-ANGULO_DE_IMPACT_4e7a5c037f9b5.jpg",300,214,true],"medium_large":["https:\/\/ajupe.com.uy\/web\/wp-content\/uploads\/2016\/04\/p-3455-ANGULO_DE_IMPACT_4e7a5c037f9b5.jpg",78,120,false],"large":["https:\/\/ajupe.com.uy\/web\/wp-content\/uploads\/2016\/04\/p-3455-ANGULO_DE_IMPACT_4e7a5c037f9b5.jpg",78,120,false],"1536x1536":["https:\/\/ajupe.com.uy\/web\/wp-content\/uploads\/2016\/04\/p-3455-ANGULO_DE_IMPACT_4e7a5c037f9b5.jpg",78,120,false],"2048x2048":["https:\/\/ajupe.com.uy\/web\/wp-content\/uploads\/2016\/04\/p-3455-ANGULO_DE_IMPACT_4e7a5c037f9b5.jpg",78,120,false],"woocommerce_archive_thumbnail":["https:\/\/ajupe.com.uy\/web\/wp-content\/uploads\/2016\/04\/p-3455-ANGULO_DE_IMPACT_4e7a5c037f9b5.jpg",78,120,false],"woocommerce_thumbnail":["https:\/\/ajupe.com.uy\/web\/wp-content\/uploads\/2016\/04\/p-3455-ANGULO_DE_IMPACT_4e7a5c037f9b5.jpg",78,120,false],"woocommerce_single":["https:\/\/ajupe.com.uy\/web\/wp-content\/uploads\/2016\/04\/p-3455-ANGULO_DE_IMPACT_4e7a5c037f9b5.jpg",78,120,false],"woocommerce_gallery_thumbnail":["https:\/\/ajupe.com.uy\/web\/wp-content\/uploads\/2016\/04\/p-3455-ANGULO_DE_IMPACT_4e7a5c037f9b5-78x100.jpg",78,100,true]},"post_excerpt_stackable_v2":"<p>Dana Svenssen es una joven y brillante abogada que trabaja para el estudio m\u00e1s prestigioso de Filadelfia. Una ma\u00f1ana, camino a una reuni\u00f3n de trabajo con un cliente, su vida estalla literalmente en un segundo.<\/p>\n","category_list_v2":"","author_info_v2":{"name":"","url":""},"comments_num_v2":"0 comentarios","_links":{"self":[{"href":"https:\/\/ajupe.com.uy\/web\/wp-json\/wp\/v2\/product\/3455","targetHints":{"allow":["GET"]}}],"collection":[{"href":"https:\/\/ajupe.com.uy\/web\/wp-json\/wp\/v2\/product"}],"about":[{"href":"https:\/\/ajupe.com.uy\/web\/wp-json\/wp\/v2\/types\/product"}],"wp:featuredmedia":[{"embeddable":true,"href":"https:\/\/ajupe.com.uy\/web\/wp-json\/wp\/v2\/media\/3456"}],"wp:attachment":[{"href":"https:\/\/ajupe.com.uy\/web\/wp-json\/wp\/v2\/media?parent=3455"}],"wp:term":[{"taxonomy":"product_brand","embeddable":true,"href":"https:\/\/ajupe.com.uy\/web\/wp-json\/wp\/v2\/product_brand?post=3455"},{"taxonomy":"product_cat","embeddable":true,"href":"https:\/\/ajupe.com.uy\/web\/wp-json\/wp\/v2\/product_cat?post=3455"},{"taxonomy":"product_tag","embeddable":true,"href":"https:\/\/ajupe.com.uy\/web\/wp-json\/wp\/v2\/product_tag?post=3455"}],"curies":[{"name":"wp","href":"https:\/\/api.w.org\/{rel}","templated":true}]}}