{"id":3458,"date":"2011-09-21T21:56:57","date_gmt":"2011-09-22T00:56:57","guid":{"rendered":"http:\/\/ajupe.com.uy\/web\/?post_type=product&#038;p=3458"},"modified":"2011-09-21T21:56:57","modified_gmt":"2011-09-22T00:56:57","slug":"dialogos","status":"publish","type":"product","link":"https:\/\/ajupe.com.uy\/web\/biblioteca\/dialogos\/","title":{"rendered":"Dialogos"},"content":{"rendered":"<p>Los Di\u00e1logos de S\u00e9neca son pieza clave no s\u00f3lo para el conocimiento del  estoicismo romano a mediados del siglo I d.C., sino tambi\u00e9n para  adentrarnos en el complicado mundo de su autor. Literariamente, esta  serie de ensayos conserva muestras de g\u00e9neros que de otro modo apenas  estar\u00edan representados en lat\u00edn, confirmando as\u00ed la vitalidad de una  literatura que recrea el di\u00e1logo sobre modelos existentes e incorpora  elementos tomados a piezas tan populares como la diatriba.<br \/> A trav\u00e9s de estas p\u00e1ginas surgen ante nuestros ojos seres y situaciones  de un amplio per\u00edodo: reinados de Cal\u00edgula, de Claudio y de Ner\u00f3n,  per\u00edodo decisivo en la configuraci\u00f3n del sistema pol\u00edtico iniciado por  Augusto. La figura de S\u00e9neca ha pasado a la historia fundamentalmente  como la de un fil\u00f3sofo circunstancialmente entregado a la pol\u00edtica en  una etapa del reinado de Ner\u00f3n. Sin embargo, nada puede comprenderse de  dicho autor si no prestamos una atenci\u00f3n equivalente a sus intereses  pol\u00edticos, filos\u00f3ficos y literarios. Los Di\u00e1logos nos facilitan esa  labor.<\/p>\n","protected":false},"excerpt":{"rendered":"<p>Los Di\u00e1logos de S\u00e9neca son pieza clave no s\u00f3lo para el conocimiento del estoicismo romano a mediados del siglo I d.C., sino tambi\u00e9n para adentrarnos en el complicado mundo de su autor. Literariamente, esta serie de ensayos conserva muestras de g\u00e9neros que de otro modo apenas estar\u00edan representados en lat\u00edn, confirmando as\u00ed la vitalidad de [&hellip;]<\/p>\n","protected":false},"featured_media":3459,"template":"","meta":[],"product_brand":[786],"product_cat":[47],"product_tag":[],"class_list":{"0":"post-3458","1":"product","2":"type-product","3":"status-publish","4":"has-post-thumbnail","6":"product_brand-lucio-anneo-seneca","7":"product_cat-ensayo","9":"first","10":"instock","11":"purchasable","12":"product-type-simple"},"featured_image_urls_v2":{"full":["https:\/\/ajupe.com.uy\/web\/wp-content\/uploads\/2016\/04\/p-3458-Dialogos_4e7a5da975041.jpg",119,180,false],"thumbnail":["https:\/\/ajupe.com.uy\/web\/wp-content\/uploads\/2016\/04\/p-3458-Dialogos_4e7a5da975041.jpg",150,150,true],"medium":["https:\/\/ajupe.com.uy\/web\/wp-content\/uploads\/2016\/04\/p-3458-Dialogos_4e7a5da975041.jpg",300,214,true],"medium_large":["https:\/\/ajupe.com.uy\/web\/wp-content\/uploads\/2016\/04\/p-3458-Dialogos_4e7a5da975041.jpg",119,180,false],"large":["https:\/\/ajupe.com.uy\/web\/wp-content\/uploads\/2016\/04\/p-3458-Dialogos_4e7a5da975041.jpg",119,180,false],"1536x1536":["https:\/\/ajupe.com.uy\/web\/wp-content\/uploads\/2016\/04\/p-3458-Dialogos_4e7a5da975041.jpg",119,180,false],"2048x2048":["https:\/\/ajupe.com.uy\/web\/wp-content\/uploads\/2016\/04\/p-3458-Dialogos_4e7a5da975041.jpg",119,180,false],"woocommerce_archive_thumbnail":["https:\/\/ajupe.com.uy\/web\/wp-content\/uploads\/2016\/04\/p-3458-Dialogos_4e7a5da975041.jpg",119,180,false],"woocommerce_thumbnail":["https:\/\/ajupe.com.uy\/web\/wp-content\/uploads\/2016\/04\/p-3458-Dialogos_4e7a5da975041.jpg",119,180,false],"woocommerce_single":["https:\/\/ajupe.com.uy\/web\/wp-content\/uploads\/2016\/04\/p-3458-Dialogos_4e7a5da975041.jpg",119,180,false],"woocommerce_gallery_thumbnail":["https:\/\/ajupe.com.uy\/web\/wp-content\/uploads\/2016\/04\/p-3458-Dialogos_4e7a5da975041-100x100.jpg",100,100,true]},"post_excerpt_stackable_v2":"<p>Los Di\u00e1logos de S\u00e9neca son pieza clave no s\u00f3lo para el conocimiento del estoicismo romano a mediados del siglo I d.C., sino tambi\u00e9n para adentrarnos en el complicado mundo de su autor. Literariamente, esta serie de ensayos conserva muestras de g\u00e9neros que de otro modo apenas estar\u00edan representados en lat\u00edn, confirmando as\u00ed la vitalidad de una literatura que recrea el di\u00e1logo sobre modelos existentes e incorpora elementos tomados a piezas tan populares como la diatriba. A trav\u00e9s de estas p\u00e1ginas surgen ante nuestros ojos seres y situaciones de un amplio per\u00edodo: reinados de Cal\u00edgula, de Claudio y de Ner\u00f3n, per\u00edodo&hellip;<\/p>\n","category_list_v2":"","author_info_v2":{"name":"","url":""},"comments_num_v2":"0 comentarios","_links":{"self":[{"href":"https:\/\/ajupe.com.uy\/web\/wp-json\/wp\/v2\/product\/3458","targetHints":{"allow":["GET"]}}],"collection":[{"href":"https:\/\/ajupe.com.uy\/web\/wp-json\/wp\/v2\/product"}],"about":[{"href":"https:\/\/ajupe.com.uy\/web\/wp-json\/wp\/v2\/types\/product"}],"wp:featuredmedia":[{"embeddable":true,"href":"https:\/\/ajupe.com.uy\/web\/wp-json\/wp\/v2\/media\/3459"}],"wp:attachment":[{"href":"https:\/\/ajupe.com.uy\/web\/wp-json\/wp\/v2\/media?parent=3458"}],"wp:term":[{"taxonomy":"product_brand","embeddable":true,"href":"https:\/\/ajupe.com.uy\/web\/wp-json\/wp\/v2\/product_brand?post=3458"},{"taxonomy":"product_cat","embeddable":true,"href":"https:\/\/ajupe.com.uy\/web\/wp-json\/wp\/v2\/product_cat?post=3458"},{"taxonomy":"product_tag","embeddable":true,"href":"https:\/\/ajupe.com.uy\/web\/wp-json\/wp\/v2\/product_tag?post=3458"}],"curies":[{"name":"wp","href":"https:\/\/api.w.org\/{rel}","templated":true}]}}