{"id":3461,"date":"2011-09-21T22:01:37","date_gmt":"2011-09-22T01:01:37","guid":{"rendered":"http:\/\/ajupe.com.uy\/web\/?post_type=product&#038;p=3461"},"modified":"2011-09-28T18:38:25","modified_gmt":"2011-09-28T21:38:25","slug":"el-impostor-2","status":"publish","type":"product","link":"https:\/\/ajupe.com.uy\/web\/biblioteca\/el-impostor-2\/","title":{"rendered":"EL IMPOSTOR"},"content":{"rendered":"<p>En la mansi\u00f3n de los MacDowell todos aguardan la muerte inminente de Sally, matriarca de la familia. S\u00f3lo su hija adoptiva, la joven Carolyn Smith, parece sufrir ante la evidencia del fatal desenlace y procura hacer todo lo posible para ayudarla en esos dif\u00edciles momentos. Carolyn sabe que la \u00fanica persona capaz de devolver a su madre la paz necesaria para enfrentarse a la muerte es Alex MacDowell, su verdadero hijo. Pero Alex desapareci\u00f3 hace ya dieciocho a\u00f1os y nadie ha vuelto a saber nada de \u00e9l&#8230; hasta esta noche.  Conoce muy bien la fama de rebelde y consentido que ten\u00eda Alex MacDowell cuando huy\u00f3 hace casi veinte a\u00f1os y no espera un gran recibimiento. Pero ahora que ha vuelto, no piensa renunciar a nada: ni al amor de Sally ni, por supuesto, a la cuantiosa herencia que percibir\u00e1 cuando ella muera. Sin embargo, alguien va a entrometerse en sus planes: Carolyn. Alex casi hab\u00eda olvidado sus ojos, inteligentes, curiosos y demasiado atractivos como para resistirse a mirarlos, aunque sabe que al hacerlo corre el riesgo de poner al descubierto su verdadera identidad.  Carolyn observa aterrorizada al extra\u00f1o que dice ser Alex MacDowell. Es verdad que tiene su mismo rostro y su misma figura, que sus gestos son id\u00e9nticos a los de Alex y que sus maneras no han cambiado. Pero Carolyn sabe que se trata de un impostor. Porque ella es la \u00fanica testigo de la desaparici\u00f3n de Alex MacDowell aquella lejana noche, la \u00fanica que vio c\u00f3mo ca\u00eda en una playa solitaria, asesinado. Sin embargo, si es cierto que Alex muri\u00f3, \u00bfqui\u00e9n es entonces este extra\u00f1o que parece conocer todos sus secretos? \u00bfY por qu\u00e9 ha logrado que renazca en ella esa mezcla de atracci\u00f3n y odio que Alex siempre le provocaba?<\/p>\n","protected":false},"excerpt":{"rendered":"<p>En la mansi\u00f3n de los MacDowell todos aguardan la muerte inminente de Sally, matriarca de la familia. S\u00f3lo su hija adoptiva, la joven Carolyn Smith, parece sufrir ante la evidencia del fatal desenlace y procura hacer todo lo posible para ayudarla en esos d<\/p>\n","protected":false},"featured_media":3462,"template":"","meta":[],"product_brand":[561],"product_cat":[37,30],"product_tag":[],"class_list":{"0":"post-3461","1":"product","2":"type-product","3":"status-publish","4":"has-post-thumbnail","6":"product_brand-anne-stuart","7":"product_cat-ficcion","8":"product_cat-suspenso","10":"first","11":"instock","12":"purchasable","13":"product-type-simple"},"featured_image_urls_v2":{"full":["https:\/\/ajupe.com.uy\/web\/wp-content\/uploads\/2016\/04\/p-3461-EL_IMPOSTOR_4e7a5ec1477fc.jpg",100,150,false],"thumbnail":["https:\/\/ajupe.com.uy\/web\/wp-content\/uploads\/2016\/04\/p-3461-EL_IMPOSTOR_4e7a5ec1477fc.jpg",150,150,true],"medium":["https:\/\/ajupe.com.uy\/web\/wp-content\/uploads\/2016\/04\/p-3461-EL_IMPOSTOR_4e7a5ec1477fc.jpg",300,214,true],"medium_large":["https:\/\/ajupe.com.uy\/web\/wp-content\/uploads\/2016\/04\/p-3461-EL_IMPOSTOR_4e7a5ec1477fc.jpg",100,150,false],"large":["https:\/\/ajupe.com.uy\/web\/wp-content\/uploads\/2016\/04\/p-3461-EL_IMPOSTOR_4e7a5ec1477fc.jpg",100,150,false],"1536x1536":["https:\/\/ajupe.com.uy\/web\/wp-content\/uploads\/2016\/04\/p-3461-EL_IMPOSTOR_4e7a5ec1477fc.jpg",100,150,false],"2048x2048":["https:\/\/ajupe.com.uy\/web\/wp-content\/uploads\/2016\/04\/p-3461-EL_IMPOSTOR_4e7a5ec1477fc.jpg",100,150,false],"woocommerce_archive_thumbnail":["https:\/\/ajupe.com.uy\/web\/wp-content\/uploads\/2016\/04\/p-3461-EL_IMPOSTOR_4e7a5ec1477fc.jpg",100,150,false],"woocommerce_thumbnail":["https:\/\/ajupe.com.uy\/web\/wp-content\/uploads\/2016\/04\/p-3461-EL_IMPOSTOR_4e7a5ec1477fc.jpg",100,150,false],"woocommerce_single":["https:\/\/ajupe.com.uy\/web\/wp-content\/uploads\/2016\/04\/p-3461-EL_IMPOSTOR_4e7a5ec1477fc.jpg",100,150,false],"woocommerce_gallery_thumbnail":["https:\/\/ajupe.com.uy\/web\/wp-content\/uploads\/2016\/04\/p-3461-EL_IMPOSTOR_4e7a5ec1477fc-100x100.jpg",100,100,true]},"post_excerpt_stackable_v2":"<p>En la mansi\u00f3n de los MacDowell todos aguardan la muerte inminente de Sally, matriarca de la familia. S\u00f3lo su hija adoptiva, la joven Carolyn Smith, parece sufrir ante la evidencia del fatal desenlace y procura hacer todo lo posible para ayudarla en esos d<\/p>\n","category_list_v2":"","author_info_v2":{"name":"","url":""},"comments_num_v2":"0 comentarios","_links":{"self":[{"href":"https:\/\/ajupe.com.uy\/web\/wp-json\/wp\/v2\/product\/3461","targetHints":{"allow":["GET"]}}],"collection":[{"href":"https:\/\/ajupe.com.uy\/web\/wp-json\/wp\/v2\/product"}],"about":[{"href":"https:\/\/ajupe.com.uy\/web\/wp-json\/wp\/v2\/types\/product"}],"wp:featuredmedia":[{"embeddable":true,"href":"https:\/\/ajupe.com.uy\/web\/wp-json\/wp\/v2\/media\/3462"}],"wp:attachment":[{"href":"https:\/\/ajupe.com.uy\/web\/wp-json\/wp\/v2\/media?parent=3461"}],"wp:term":[{"taxonomy":"product_brand","embeddable":true,"href":"https:\/\/ajupe.com.uy\/web\/wp-json\/wp\/v2\/product_brand?post=3461"},{"taxonomy":"product_cat","embeddable":true,"href":"https:\/\/ajupe.com.uy\/web\/wp-json\/wp\/v2\/product_cat?post=3461"},{"taxonomy":"product_tag","embeddable":true,"href":"https:\/\/ajupe.com.uy\/web\/wp-json\/wp\/v2\/product_tag?post=3461"}],"curies":[{"name":"wp","href":"https:\/\/api.w.org\/{rel}","templated":true}]}}