{"id":3467,"date":"2011-09-21T22:13:18","date_gmt":"2011-09-22T01:13:18","guid":{"rendered":"http:\/\/ajupe.com.uy\/web\/?post_type=product&#038;p=3467"},"modified":"2011-09-21T22:13:18","modified_gmt":"2011-09-22T01:13:18","slug":"asi-hablo-zaratustra","status":"publish","type":"product","link":"https:\/\/ajupe.com.uy\/web\/biblioteca\/asi-hablo-zaratustra\/","title":{"rendered":"Asi Hablo Zaratustra"},"content":{"rendered":"<p>Friedrich Nietzsche naci\u00f3 en 1844. A los veinticuatro a\u00f1os fue profesor  de Filolog\u00eda Cl\u00e1sica en la Universidad de Basilea hasta 1879, fecha en  que aparecieron sus trastornos mentales. <br \/> Ya en pleno delirio escribe La voluntad de poder\u00edo, y, enseguida, su  obra m\u00e1s significativa: As\u00ed hablaba Zaratustra, donde recoge en forma de  aforismo lo esencial de su filosof\u00eda, destinada a la creaci\u00f3n del  superhombre. Se ha dicho que As\u00ed hablaba Zaratustra puede considerarse  como la contrafigura de la Biblia, y constituye un libro de cabecera  para quienes buscan la Verdad, el Bien y el Mal.<\/p>\n","protected":false},"excerpt":{"rendered":"<p>Friedrich Nietzsche naci\u00f3 en 1844. A los veinticuatro a\u00f1os fue profesor de Filolog\u00eda Cl\u00e1sica en la Universidad de Basilea hasta 1879, fecha en que aparecieron sus trastornos mentales. Ya en pleno delirio escribe La voluntad de poder\u00edo, y, enseguida, su obra m\u00e1s significativa: As\u00ed hablaba Zaratustra, donde recoge en forma de aforismo lo esencial de [&hellip;]<\/p>\n","protected":false},"featured_media":3468,"template":"","meta":[],"product_brand":[658],"product_cat":[35],"product_tag":[],"class_list":{"0":"post-3467","1":"product","2":"type-product","3":"status-publish","4":"has-post-thumbnail","6":"product_brand-friedrich-nietzsche","7":"product_cat-filosofico","9":"first","10":"instock","11":"purchasable","12":"product-type-simple"},"featured_image_urls_v2":{"full":["https:\/\/ajupe.com.uy\/web\/wp-content\/uploads\/2016\/04\/p-3467-Asi_Hablo_Zaratu_4e7a617e1b7c1.jpg",179,283,false],"thumbnail":["https:\/\/ajupe.com.uy\/web\/wp-content\/uploads\/2016\/04\/p-3467-Asi_Hablo_Zaratu_4e7a617e1b7c1.jpg",150,150,true],"medium":["https:\/\/ajupe.com.uy\/web\/wp-content\/uploads\/2016\/04\/p-3467-Asi_Hablo_Zaratu_4e7a617e1b7c1.jpg",300,214,true],"medium_large":["https:\/\/ajupe.com.uy\/web\/wp-content\/uploads\/2016\/04\/p-3467-Asi_Hablo_Zaratu_4e7a617e1b7c1.jpg",179,283,false],"large":["https:\/\/ajupe.com.uy\/web\/wp-content\/uploads\/2016\/04\/p-3467-Asi_Hablo_Zaratu_4e7a617e1b7c1.jpg",179,283,false],"1536x1536":["https:\/\/ajupe.com.uy\/web\/wp-content\/uploads\/2016\/04\/p-3467-Asi_Hablo_Zaratu_4e7a617e1b7c1.jpg",179,283,false],"2048x2048":["https:\/\/ajupe.com.uy\/web\/wp-content\/uploads\/2016\/04\/p-3467-Asi_Hablo_Zaratu_4e7a617e1b7c1.jpg",179,283,false],"woocommerce_archive_thumbnail":["https:\/\/ajupe.com.uy\/web\/wp-content\/uploads\/2016\/04\/p-3467-Asi_Hablo_Zaratu_4e7a617e1b7c1.jpg",179,283,false],"woocommerce_thumbnail":["https:\/\/ajupe.com.uy\/web\/wp-content\/uploads\/2016\/04\/p-3467-Asi_Hablo_Zaratu_4e7a617e1b7c1.jpg",179,283,false],"woocommerce_single":["https:\/\/ajupe.com.uy\/web\/wp-content\/uploads\/2016\/04\/p-3467-Asi_Hablo_Zaratu_4e7a617e1b7c1.jpg",179,283,false],"woocommerce_gallery_thumbnail":["https:\/\/ajupe.com.uy\/web\/wp-content\/uploads\/2016\/04\/p-3467-Asi_Hablo_Zaratu_4e7a617e1b7c1-100x100.jpg",100,100,true]},"post_excerpt_stackable_v2":"<p>Friedrich Nietzsche naci\u00f3 en 1844. A los veinticuatro a\u00f1os fue profesor de Filolog\u00eda Cl\u00e1sica en la Universidad de Basilea hasta 1879, fecha en que aparecieron sus trastornos mentales. Ya en pleno delirio escribe La voluntad de poder\u00edo, y, enseguida, su obra m\u00e1s significativa: As\u00ed hablaba Zaratustra, donde recoge en forma de aforismo lo esencial de su filosof\u00eda, destinada a la creaci\u00f3n del superhombre. Se ha dicho que As\u00ed hablaba Zaratustra puede considerarse como la contrafigura de la Biblia, y constituye un libro de cabecera para quienes buscan la Verdad, el Bien y el Mal.<\/p>\n","category_list_v2":"","author_info_v2":{"name":"","url":""},"comments_num_v2":"0 comentarios","_links":{"self":[{"href":"https:\/\/ajupe.com.uy\/web\/wp-json\/wp\/v2\/product\/3467","targetHints":{"allow":["GET"]}}],"collection":[{"href":"https:\/\/ajupe.com.uy\/web\/wp-json\/wp\/v2\/product"}],"about":[{"href":"https:\/\/ajupe.com.uy\/web\/wp-json\/wp\/v2\/types\/product"}],"wp:featuredmedia":[{"embeddable":true,"href":"https:\/\/ajupe.com.uy\/web\/wp-json\/wp\/v2\/media\/3468"}],"wp:attachment":[{"href":"https:\/\/ajupe.com.uy\/web\/wp-json\/wp\/v2\/media?parent=3467"}],"wp:term":[{"taxonomy":"product_brand","embeddable":true,"href":"https:\/\/ajupe.com.uy\/web\/wp-json\/wp\/v2\/product_brand?post=3467"},{"taxonomy":"product_cat","embeddable":true,"href":"https:\/\/ajupe.com.uy\/web\/wp-json\/wp\/v2\/product_cat?post=3467"},{"taxonomy":"product_tag","embeddable":true,"href":"https:\/\/ajupe.com.uy\/web\/wp-json\/wp\/v2\/product_tag?post=3467"}],"curies":[{"name":"wp","href":"https:\/\/api.w.org\/{rel}","templated":true}]}}