{"id":3476,"date":"2011-09-21T22:23:02","date_gmt":"2011-09-22T01:23:02","guid":{"rendered":"http:\/\/ajupe.com.uy\/web\/?post_type=product&#038;p=3476"},"modified":"2012-06-27T20:51:08","modified_gmt":"2012-06-27T23:51:08","slug":"la-citacion","status":"publish","type":"product","link":"https:\/\/ajupe.com.uy\/web\/biblioteca\/la-citacion\/","title":{"rendered":"LA CITACION"},"content":{"rendered":"<p>El se\u00f1or Atlee, un hombre mayor y muy enfermo, vive solo en la casa familiar de Clanton, Mississippi. Hab\u00eda sido un juez temido y apreciado que hab\u00eda estado por encima de la ley y la pol\u00edtica local durante cuarenta a\u00f1os. Ahora casi se ha vuelto un recluso. Al ver de cerca su fn, el juez Atlee manda llamar a su hijo Ray, un profesor de Derecho en la Universidad de Virginia, para acordar los detalles de la herencia. Su hijo se encamina, reticente, hacia el sur, pero el encuentro familiar no tiene lugar. El juez muere demasiado pronto. Y con ello, deja tras de s\u00ed un secreto sorprendente que solo llega a conocer Ray. Y quiz\u00e1 alguien m\u00e1s.  \u00abUn narrador de paso frme con un dominio innegable de la trama, el ritmo y el tono.\u00bb The New York Times Book Review<\/p>\n","protected":false},"excerpt":{"rendered":"<p>Un juez muere y deja tras de s\u00ed un sorprendente secreto.<\/p>\n","protected":false},"featured_media":3477,"template":"","meta":[],"product_brand":[77],"product_cat":[30],"product_tag":[],"class_list":{"0":"post-3476","1":"product","2":"type-product","3":"status-publish","4":"has-post-thumbnail","6":"product_brand-john-grisham","7":"product_cat-suspenso","9":"first","10":"instock","11":"purchasable","12":"product-type-simple"},"featured_image_urls_v2":{"full":["https:\/\/ajupe.com.uy\/web\/wp-content\/uploads\/2016\/04\/p-3476-LA_CITACION_4e7a63c697afb.jpg",120,183,false],"thumbnail":["https:\/\/ajupe.com.uy\/web\/wp-content\/uploads\/2016\/04\/p-3476-LA_CITACION_4e7a63c697afb.jpg",150,150,true],"medium":["https:\/\/ajupe.com.uy\/web\/wp-content\/uploads\/2016\/04\/p-3476-LA_CITACION_4e7a63c697afb.jpg",300,214,true],"medium_large":["https:\/\/ajupe.com.uy\/web\/wp-content\/uploads\/2016\/04\/p-3476-LA_CITACION_4e7a63c697afb.jpg",120,183,false],"large":["https:\/\/ajupe.com.uy\/web\/wp-content\/uploads\/2016\/04\/p-3476-LA_CITACION_4e7a63c697afb.jpg",120,183,false],"1536x1536":["https:\/\/ajupe.com.uy\/web\/wp-content\/uploads\/2016\/04\/p-3476-LA_CITACION_4e7a63c697afb.jpg",120,183,false],"2048x2048":["https:\/\/ajupe.com.uy\/web\/wp-content\/uploads\/2016\/04\/p-3476-LA_CITACION_4e7a63c697afb.jpg",120,183,false],"woocommerce_archive_thumbnail":["https:\/\/ajupe.com.uy\/web\/wp-content\/uploads\/2016\/04\/p-3476-LA_CITACION_4e7a63c697afb.jpg",120,183,false],"woocommerce_thumbnail":["https:\/\/ajupe.com.uy\/web\/wp-content\/uploads\/2016\/04\/p-3476-LA_CITACION_4e7a63c697afb.jpg",120,183,false],"woocommerce_single":["https:\/\/ajupe.com.uy\/web\/wp-content\/uploads\/2016\/04\/p-3476-LA_CITACION_4e7a63c697afb.jpg",120,183,false],"woocommerce_gallery_thumbnail":["https:\/\/ajupe.com.uy\/web\/wp-content\/uploads\/2016\/04\/p-3476-LA_CITACION_4e7a63c697afb-100x100.jpg",100,100,true]},"post_excerpt_stackable_v2":"<p>Un juez muere y deja tras de s\u00ed un sorprendente secreto.<\/p>\n","category_list_v2":"","author_info_v2":{"name":"","url":""},"comments_num_v2":"0 comentarios","_links":{"self":[{"href":"https:\/\/ajupe.com.uy\/web\/wp-json\/wp\/v2\/product\/3476","targetHints":{"allow":["GET"]}}],"collection":[{"href":"https:\/\/ajupe.com.uy\/web\/wp-json\/wp\/v2\/product"}],"about":[{"href":"https:\/\/ajupe.com.uy\/web\/wp-json\/wp\/v2\/types\/product"}],"wp:featuredmedia":[{"embeddable":true,"href":"https:\/\/ajupe.com.uy\/web\/wp-json\/wp\/v2\/media\/3477"}],"wp:attachment":[{"href":"https:\/\/ajupe.com.uy\/web\/wp-json\/wp\/v2\/media?parent=3476"}],"wp:term":[{"taxonomy":"product_brand","embeddable":true,"href":"https:\/\/ajupe.com.uy\/web\/wp-json\/wp\/v2\/product_brand?post=3476"},{"taxonomy":"product_cat","embeddable":true,"href":"https:\/\/ajupe.com.uy\/web\/wp-json\/wp\/v2\/product_cat?post=3476"},{"taxonomy":"product_tag","embeddable":true,"href":"https:\/\/ajupe.com.uy\/web\/wp-json\/wp\/v2\/product_tag?post=3476"}],"curies":[{"name":"wp","href":"https:\/\/api.w.org\/{rel}","templated":true}]}}