{"id":3491,"date":"2011-09-22T20:04:11","date_gmt":"2011-09-22T23:04:11","guid":{"rendered":"http:\/\/ajupe.com.uy\/web\/?post_type=product&#038;p=3491"},"modified":"2011-09-22T20:04:11","modified_gmt":"2011-09-22T23:04:11","slug":"primer-ensayo-sobre-la-poblacion","status":"publish","type":"product","link":"https:\/\/ajupe.com.uy\/web\/biblioteca\/primer-ensayo-sobre-la-poblacion\/","title":{"rendered":"Primer Ensayo sobre la Poblaci\u00f3n"},"content":{"rendered":"<p>Ensayo sobre la poblaci\u00f3n es donde el autor expuso por primera vez las  l\u00edneas maestras de su teor\u00eda acerca de las oscuras perspectivas que crea  para el progreso humano la desfavorable relaci\u00f3n entre el incremento  demogr\u00e1fico y el aumento de la producci\u00f3n, sigue presentando para el  lector de hoy un inter\u00e9s, extraordinario.<\/p>\n","protected":false},"excerpt":{"rendered":"<p>Ensayo sobre la poblaci\u00f3n es donde el autor expuso por primera vez las l\u00edneas maestras de su teor\u00eda acerca de las oscuras perspectivas que crea para el progreso humano la desfavorable relaci\u00f3n entre el incremento demogr\u00e1fico y el aumento de la producci\u00f3n, sigue presentando para el lector de hoy un inter\u00e9s, extraordinario.<\/p>\n","protected":false},"featured_media":3492,"template":"","meta":[],"product_brand":[869],"product_cat":[47],"product_tag":[],"class_list":{"0":"post-3491","1":"product","2":"type-product","3":"status-publish","4":"has-post-thumbnail","6":"product_brand-robert-malthus","7":"product_cat-ensayo","9":"first","10":"instock","11":"purchasable","12":"product-type-simple"},"featured_image_urls_v2":{"full":["https:\/\/ajupe.com.uy\/web\/wp-content\/uploads\/2016\/04\/p-3491-Primer_Ensayo_so_4e7b94bb8c54a.jpg",93,141,false],"thumbnail":["https:\/\/ajupe.com.uy\/web\/wp-content\/uploads\/2016\/04\/p-3491-Primer_Ensayo_so_4e7b94bb8c54a.jpg",150,150,true],"medium":["https:\/\/ajupe.com.uy\/web\/wp-content\/uploads\/2016\/04\/p-3491-Primer_Ensayo_so_4e7b94bb8c54a.jpg",300,214,true],"medium_large":["https:\/\/ajupe.com.uy\/web\/wp-content\/uploads\/2016\/04\/p-3491-Primer_Ensayo_so_4e7b94bb8c54a.jpg",93,141,false],"large":["https:\/\/ajupe.com.uy\/web\/wp-content\/uploads\/2016\/04\/p-3491-Primer_Ensayo_so_4e7b94bb8c54a.jpg",93,141,false],"1536x1536":["https:\/\/ajupe.com.uy\/web\/wp-content\/uploads\/2016\/04\/p-3491-Primer_Ensayo_so_4e7b94bb8c54a.jpg",93,141,false],"2048x2048":["https:\/\/ajupe.com.uy\/web\/wp-content\/uploads\/2016\/04\/p-3491-Primer_Ensayo_so_4e7b94bb8c54a.jpg",93,141,false],"woocommerce_archive_thumbnail":["https:\/\/ajupe.com.uy\/web\/wp-content\/uploads\/2016\/04\/p-3491-Primer_Ensayo_so_4e7b94bb8c54a.jpg",93,141,false],"woocommerce_thumbnail":["https:\/\/ajupe.com.uy\/web\/wp-content\/uploads\/2016\/04\/p-3491-Primer_Ensayo_so_4e7b94bb8c54a.jpg",93,141,false],"woocommerce_single":["https:\/\/ajupe.com.uy\/web\/wp-content\/uploads\/2016\/04\/p-3491-Primer_Ensayo_so_4e7b94bb8c54a.jpg",93,141,false],"woocommerce_gallery_thumbnail":["https:\/\/ajupe.com.uy\/web\/wp-content\/uploads\/2016\/04\/p-3491-Primer_Ensayo_so_4e7b94bb8c54a-93x100.jpg",93,100,true]},"post_excerpt_stackable_v2":"<p>Ensayo sobre la poblaci\u00f3n es donde el autor expuso por primera vez las l\u00edneas maestras de su teor\u00eda acerca de las oscuras perspectivas que crea para el progreso humano la desfavorable relaci\u00f3n entre el incremento demogr\u00e1fico y el aumento de la producci\u00f3n, sigue presentando para el lector de hoy un inter\u00e9s, extraordinario.<\/p>\n","category_list_v2":"","author_info_v2":{"name":"","url":""},"comments_num_v2":"0 comentarios","_links":{"self":[{"href":"https:\/\/ajupe.com.uy\/web\/wp-json\/wp\/v2\/product\/3491","targetHints":{"allow":["GET"]}}],"collection":[{"href":"https:\/\/ajupe.com.uy\/web\/wp-json\/wp\/v2\/product"}],"about":[{"href":"https:\/\/ajupe.com.uy\/web\/wp-json\/wp\/v2\/types\/product"}],"wp:featuredmedia":[{"embeddable":true,"href":"https:\/\/ajupe.com.uy\/web\/wp-json\/wp\/v2\/media\/3492"}],"wp:attachment":[{"href":"https:\/\/ajupe.com.uy\/web\/wp-json\/wp\/v2\/media?parent=3491"}],"wp:term":[{"taxonomy":"product_brand","embeddable":true,"href":"https:\/\/ajupe.com.uy\/web\/wp-json\/wp\/v2\/product_brand?post=3491"},{"taxonomy":"product_cat","embeddable":true,"href":"https:\/\/ajupe.com.uy\/web\/wp-json\/wp\/v2\/product_cat?post=3491"},{"taxonomy":"product_tag","embeddable":true,"href":"https:\/\/ajupe.com.uy\/web\/wp-json\/wp\/v2\/product_tag?post=3491"}],"curies":[{"name":"wp","href":"https:\/\/api.w.org\/{rel}","templated":true}]}}