{"id":3494,"date":"2011-09-22T20:06:23","date_gmt":"2011-09-22T23:06:23","guid":{"rendered":"http:\/\/ajupe.com.uy\/web\/?post_type=product&#038;p=3494"},"modified":"2011-09-22T20:06:23","modified_gmt":"2011-09-22T23:06:23","slug":"luz-de-otros-tiempos","status":"publish","type":"product","link":"https:\/\/ajupe.com.uy\/web\/biblioteca\/luz-de-otros-tiempos\/","title":{"rendered":"LUZ DE OTROS TIEMPOS"},"content":{"rendered":"<p>Esta nueva tecnolog\u00eda supone la s\u00fabita abolici\u00f3n de la intimidad humana&#8230; para siempre. Mientras que los hombres y mujeres afrontan el trauma de la nueva situaci\u00f3n, esta misma tecnolog\u00eda demostrar\u00e1 ser capaz de mirar tambi\u00e9n en el pasado. Nada puede prepararnos para lo que vendr\u00e1 despu\u00e9s: el descubrimiento de lo que hay de verdad y mentira a lo largo de los miles de a\u00f1os de historia humana tal y como la conoc\u00edamos.<br \/>\nComo consecuencia de este saber, los gobiernos son derribados, las religiones caen, las bases de la sociedad humana tiemblan desde su propia ra\u00edz. Marca un cambio fundamental en la condici\u00f3n humana provocando la desesperaci\u00f3n, el caos, y quiz\u00e1s, tambi\u00e9n la oportunidad de trascender como raza.<br \/>\nLuz de otros d\u00edas es un tour de force, un evento para el pr\u00f3ximo milenio y una narraci\u00f3n que no olvidar\u00e1s.<\/p>\n","protected":false},"excerpt":{"rendered":"<p>Luz de otros d\u00edas cuenta la historia de lo que sucede cuando un brillante industrial aprovecha los beneficios de la f\u00edsica cu\u00e1ntica. As\u00ed consigue que cualquier persona pueda ver lo que hace otra desde cualquier sitio en cualquier situaci\u00f3n. Las esquinas y<\/p>\n","protected":false},"featured_media":3495,"template":"","meta":[],"product_brand":[571],"product_cat":[37,29],"product_tag":[],"class_list":{"0":"post-3494","1":"product","2":"type-product","3":"status-publish","4":"has-post-thumbnail","6":"product_brand-arthur-clarke-stephen-baxter","7":"product_cat-ficcion","8":"product_cat-novela","10":"first","11":"instock","12":"purchasable","13":"product-type-simple"},"featured_image_urls_v2":{"full":["https:\/\/ajupe.com.uy\/web\/wp-content\/uploads\/2016\/04\/p-3494-LUZ_DE_OTROS_TIE_4e7b953fae908.jpg",140,213,false],"thumbnail":["https:\/\/ajupe.com.uy\/web\/wp-content\/uploads\/2016\/04\/p-3494-LUZ_DE_OTROS_TIE_4e7b953fae908.jpg",150,150,true],"medium":["https:\/\/ajupe.com.uy\/web\/wp-content\/uploads\/2016\/04\/p-3494-LUZ_DE_OTROS_TIE_4e7b953fae908.jpg",300,214,true],"medium_large":["https:\/\/ajupe.com.uy\/web\/wp-content\/uploads\/2016\/04\/p-3494-LUZ_DE_OTROS_TIE_4e7b953fae908.jpg",140,213,false],"large":["https:\/\/ajupe.com.uy\/web\/wp-content\/uploads\/2016\/04\/p-3494-LUZ_DE_OTROS_TIE_4e7b953fae908.jpg",140,213,false],"1536x1536":["https:\/\/ajupe.com.uy\/web\/wp-content\/uploads\/2016\/04\/p-3494-LUZ_DE_OTROS_TIE_4e7b953fae908.jpg",140,213,false],"2048x2048":["https:\/\/ajupe.com.uy\/web\/wp-content\/uploads\/2016\/04\/p-3494-LUZ_DE_OTROS_TIE_4e7b953fae908.jpg",140,213,false],"woocommerce_archive_thumbnail":["https:\/\/ajupe.com.uy\/web\/wp-content\/uploads\/2016\/04\/p-3494-LUZ_DE_OTROS_TIE_4e7b953fae908.jpg",140,213,false],"woocommerce_thumbnail":["https:\/\/ajupe.com.uy\/web\/wp-content\/uploads\/2016\/04\/p-3494-LUZ_DE_OTROS_TIE_4e7b953fae908.jpg",140,213,false],"woocommerce_single":["https:\/\/ajupe.com.uy\/web\/wp-content\/uploads\/2016\/04\/p-3494-LUZ_DE_OTROS_TIE_4e7b953fae908.jpg",140,213,false],"woocommerce_gallery_thumbnail":["https:\/\/ajupe.com.uy\/web\/wp-content\/uploads\/2016\/04\/p-3494-LUZ_DE_OTROS_TIE_4e7b953fae908-100x100.jpg",100,100,true]},"post_excerpt_stackable_v2":"<p>Luz de otros d\u00edas cuenta la historia de lo que sucede cuando un brillante industrial aprovecha los beneficios de la f\u00edsica cu\u00e1ntica. As\u00ed consigue que cualquier persona pueda ver lo que hace otra desde cualquier sitio en cualquier situaci\u00f3n. Las esquinas y<\/p>\n","category_list_v2":"","author_info_v2":{"name":"","url":""},"comments_num_v2":"0 comentarios","_links":{"self":[{"href":"https:\/\/ajupe.com.uy\/web\/wp-json\/wp\/v2\/product\/3494","targetHints":{"allow":["GET"]}}],"collection":[{"href":"https:\/\/ajupe.com.uy\/web\/wp-json\/wp\/v2\/product"}],"about":[{"href":"https:\/\/ajupe.com.uy\/web\/wp-json\/wp\/v2\/types\/product"}],"wp:featuredmedia":[{"embeddable":true,"href":"https:\/\/ajupe.com.uy\/web\/wp-json\/wp\/v2\/media\/3495"}],"wp:attachment":[{"href":"https:\/\/ajupe.com.uy\/web\/wp-json\/wp\/v2\/media?parent=3494"}],"wp:term":[{"taxonomy":"product_brand","embeddable":true,"href":"https:\/\/ajupe.com.uy\/web\/wp-json\/wp\/v2\/product_brand?post=3494"},{"taxonomy":"product_cat","embeddable":true,"href":"https:\/\/ajupe.com.uy\/web\/wp-json\/wp\/v2\/product_cat?post=3494"},{"taxonomy":"product_tag","embeddable":true,"href":"https:\/\/ajupe.com.uy\/web\/wp-json\/wp\/v2\/product_tag?post=3494"}],"curies":[{"name":"wp","href":"https:\/\/api.w.org\/{rel}","templated":true}]}}