{"id":3551,"date":"2011-09-23T20:59:16","date_gmt":"2011-09-23T23:59:16","guid":{"rendered":"http:\/\/ajupe.com.uy\/web\/?post_type=product&#038;p=3551"},"modified":"2011-09-28T18:56:28","modified_gmt":"2011-09-28T21:56:28","slug":"el-guerrero-del-crepusculo","status":"publish","type":"product","link":"https:\/\/ajupe.com.uy\/web\/biblioteca\/el-guerrero-del-crepusculo\/","title":{"rendered":"EL GUERRERO DEL CREPUSCULO"},"content":{"rendered":"<p>La visita al consultorio de un neurocirujano, la comida en un restaurante que amenaza con convertirse en improvisada sala de operaciones, el desafortunado encuentro con dos hombres que, tras presentarse como polic\u00edas, amenazan con torturarle y la visita final a un prost\u00edbulo son los puntos cruciales en los que el protagonista se enfrenta a un presente de dif\u00edcil interpretaci\u00f3n, cuyo significado el lector s\u00f3lo desvelar\u00e1 en las \u00faltimas l\u00edneas.<\/p>\n","protected":false},"excerpt":{"rendered":"<p>Un vendedor de enciclopedias abandona el hospital tras una operaci\u00f3n a cerebro abierto. La vuelta a la rutina, un camino aparentemente sencillo, se convierte en una odisea cuyo sentido no puede comprender.<\/p>\n","protected":false},"featured_media":3552,"template":"","meta":[],"product_brand":[54],"product_cat":[45],"product_tag":[],"class_list":{"0":"post-3551","1":"product","2":"type-product","3":"status-publish","4":"has-post-thumbnail","6":"product_brand-hugo-burel","7":"product_cat-uruguayo","9":"first","10":"instock","11":"purchasable","12":"product-type-simple"},"featured_image_urls_v2":{"full":["https:\/\/ajupe.com.uy\/web\/wp-content\/uploads\/2016\/04\/p-3551-EL_GUERRERO_DEL__4e7cf324abcbc.jpg",170,245,false],"thumbnail":["https:\/\/ajupe.com.uy\/web\/wp-content\/uploads\/2016\/04\/p-3551-EL_GUERRERO_DEL__4e7cf324abcbc.jpg",150,150,true],"medium":["https:\/\/ajupe.com.uy\/web\/wp-content\/uploads\/2016\/04\/p-3551-EL_GUERRERO_DEL__4e7cf324abcbc.jpg",300,214,true],"medium_large":["https:\/\/ajupe.com.uy\/web\/wp-content\/uploads\/2016\/04\/p-3551-EL_GUERRERO_DEL__4e7cf324abcbc.jpg",170,245,false],"large":["https:\/\/ajupe.com.uy\/web\/wp-content\/uploads\/2016\/04\/p-3551-EL_GUERRERO_DEL__4e7cf324abcbc.jpg",170,245,false],"1536x1536":["https:\/\/ajupe.com.uy\/web\/wp-content\/uploads\/2016\/04\/p-3551-EL_GUERRERO_DEL__4e7cf324abcbc.jpg",170,245,false],"2048x2048":["https:\/\/ajupe.com.uy\/web\/wp-content\/uploads\/2016\/04\/p-3551-EL_GUERRERO_DEL__4e7cf324abcbc.jpg",170,245,false],"woocommerce_archive_thumbnail":["https:\/\/ajupe.com.uy\/web\/wp-content\/uploads\/2016\/04\/p-3551-EL_GUERRERO_DEL__4e7cf324abcbc.jpg",170,245,false],"woocommerce_thumbnail":["https:\/\/ajupe.com.uy\/web\/wp-content\/uploads\/2016\/04\/p-3551-EL_GUERRERO_DEL__4e7cf324abcbc.jpg",170,245,false],"woocommerce_single":["https:\/\/ajupe.com.uy\/web\/wp-content\/uploads\/2016\/04\/p-3551-EL_GUERRERO_DEL__4e7cf324abcbc.jpg",170,245,false],"woocommerce_gallery_thumbnail":["https:\/\/ajupe.com.uy\/web\/wp-content\/uploads\/2016\/04\/p-3551-EL_GUERRERO_DEL__4e7cf324abcbc-100x100.jpg",100,100,true]},"post_excerpt_stackable_v2":"<p>Un vendedor de enciclopedias abandona el hospital tras una operaci\u00f3n a cerebro abierto. La vuelta a la rutina, un camino aparentemente sencillo, se convierte en una odisea cuyo sentido no puede comprender.<\/p>\n","category_list_v2":"","author_info_v2":{"name":"","url":""},"comments_num_v2":"0 comentarios","_links":{"self":[{"href":"https:\/\/ajupe.com.uy\/web\/wp-json\/wp\/v2\/product\/3551","targetHints":{"allow":["GET"]}}],"collection":[{"href":"https:\/\/ajupe.com.uy\/web\/wp-json\/wp\/v2\/product"}],"about":[{"href":"https:\/\/ajupe.com.uy\/web\/wp-json\/wp\/v2\/types\/product"}],"wp:featuredmedia":[{"embeddable":true,"href":"https:\/\/ajupe.com.uy\/web\/wp-json\/wp\/v2\/media\/3552"}],"wp:attachment":[{"href":"https:\/\/ajupe.com.uy\/web\/wp-json\/wp\/v2\/media?parent=3551"}],"wp:term":[{"taxonomy":"product_brand","embeddable":true,"href":"https:\/\/ajupe.com.uy\/web\/wp-json\/wp\/v2\/product_brand?post=3551"},{"taxonomy":"product_cat","embeddable":true,"href":"https:\/\/ajupe.com.uy\/web\/wp-json\/wp\/v2\/product_cat?post=3551"},{"taxonomy":"product_tag","embeddable":true,"href":"https:\/\/ajupe.com.uy\/web\/wp-json\/wp\/v2\/product_tag?post=3551"}],"curies":[{"name":"wp","href":"https:\/\/api.w.org\/{rel}","templated":true}]}}