{"id":3560,"date":"2011-09-23T21:45:46","date_gmt":"2011-09-24T00:45:46","guid":{"rendered":"http:\/\/ajupe.com.uy\/web\/?post_type=product&#038;p=3560"},"modified":"2011-09-28T19:01:48","modified_gmt":"2011-09-28T22:01:48","slug":"velos-azules-tiendas-rojas","status":"publish","type":"product","link":"https:\/\/ajupe.com.uy\/web\/biblioteca\/velos-azules-tiendas-rojas\/","title":{"rendered":"VELOS AZULES, TIENDAS ROJAS"},"content":{"rendered":"<p>Un Viaje Por Las Regiones Desconocidas Del S\u00e1hara Central, Con 83 Figuras En 48 L\u00e1minas Y Un Mapa. Versi\u00f3n Espa\u00f1ola Por Francisco Payarols<\/p>\n","protected":false},"excerpt":{"rendered":"<p>Un Viaje Por Las Regiones Desconocidas Del S\u00e1hara Central, Con 83 Figuras En 48 L\u00e1minas Y Un Mapa. Versi\u00f3n Espa\u00f1ola Por Francisco Payarols<\/p>\n","protected":false},"featured_media":3561,"template":"","meta":[],"product_brand":[860],"product_cat":[42],"product_tag":[],"class_list":{"0":"post-3560","1":"product","2":"type-product","3":"status-publish","4":"has-post-thumbnail","6":"product_brand-rene-gardi","7":"product_cat-aventura","9":"first","10":"instock","11":"purchasable","12":"product-type-simple"},"featured_image_urls_v2":{"full":["https:\/\/ajupe.com.uy\/web\/wp-content\/uploads\/2016\/04\/p-3560-VELOS_AZULES__TI_4e7cfe0a82bd5.jpg",247,350,false],"thumbnail":["https:\/\/ajupe.com.uy\/web\/wp-content\/uploads\/2016\/04\/p-3560-VELOS_AZULES__TI_4e7cfe0a82bd5.jpg",150,150,true],"medium":["https:\/\/ajupe.com.uy\/web\/wp-content\/uploads\/2016\/04\/p-3560-VELOS_AZULES__TI_4e7cfe0a82bd5.jpg",300,214,true],"medium_large":["https:\/\/ajupe.com.uy\/web\/wp-content\/uploads\/2016\/04\/p-3560-VELOS_AZULES__TI_4e7cfe0a82bd5.jpg",247,350,false],"large":["https:\/\/ajupe.com.uy\/web\/wp-content\/uploads\/2016\/04\/p-3560-VELOS_AZULES__TI_4e7cfe0a82bd5.jpg",247,350,false],"1536x1536":["https:\/\/ajupe.com.uy\/web\/wp-content\/uploads\/2016\/04\/p-3560-VELOS_AZULES__TI_4e7cfe0a82bd5.jpg",247,350,false],"2048x2048":["https:\/\/ajupe.com.uy\/web\/wp-content\/uploads\/2016\/04\/p-3560-VELOS_AZULES__TI_4e7cfe0a82bd5.jpg",247,350,false],"woocommerce_archive_thumbnail":["https:\/\/ajupe.com.uy\/web\/wp-content\/uploads\/2016\/04\/p-3560-VELOS_AZULES__TI_4e7cfe0a82bd5-247x300.jpg",247,300,true],"woocommerce_thumbnail":["https:\/\/ajupe.com.uy\/web\/wp-content\/uploads\/2016\/04\/p-3560-VELOS_AZULES__TI_4e7cfe0a82bd5-247x300.jpg",247,300,true],"woocommerce_single":["https:\/\/ajupe.com.uy\/web\/wp-content\/uploads\/2016\/04\/p-3560-VELOS_AZULES__TI_4e7cfe0a82bd5.jpg",247,350,false],"woocommerce_gallery_thumbnail":["https:\/\/ajupe.com.uy\/web\/wp-content\/uploads\/2016\/04\/p-3560-VELOS_AZULES__TI_4e7cfe0a82bd5-100x100.jpg",100,100,true]},"post_excerpt_stackable_v2":"<p>Un Viaje Por Las Regiones Desconocidas Del S\u00e1hara Central, Con 83 Figuras En 48 L\u00e1minas Y Un Mapa. Versi\u00f3n Espa\u00f1ola Por Francisco Payarols<\/p>\n","category_list_v2":"","author_info_v2":{"name":"","url":""},"comments_num_v2":"0 comentarios","_links":{"self":[{"href":"https:\/\/ajupe.com.uy\/web\/wp-json\/wp\/v2\/product\/3560","targetHints":{"allow":["GET"]}}],"collection":[{"href":"https:\/\/ajupe.com.uy\/web\/wp-json\/wp\/v2\/product"}],"about":[{"href":"https:\/\/ajupe.com.uy\/web\/wp-json\/wp\/v2\/types\/product"}],"wp:featuredmedia":[{"embeddable":true,"href":"https:\/\/ajupe.com.uy\/web\/wp-json\/wp\/v2\/media\/3561"}],"wp:attachment":[{"href":"https:\/\/ajupe.com.uy\/web\/wp-json\/wp\/v2\/media?parent=3560"}],"wp:term":[{"taxonomy":"product_brand","embeddable":true,"href":"https:\/\/ajupe.com.uy\/web\/wp-json\/wp\/v2\/product_brand?post=3560"},{"taxonomy":"product_cat","embeddable":true,"href":"https:\/\/ajupe.com.uy\/web\/wp-json\/wp\/v2\/product_cat?post=3560"},{"taxonomy":"product_tag","embeddable":true,"href":"https:\/\/ajupe.com.uy\/web\/wp-json\/wp\/v2\/product_tag?post=3560"}],"curies":[{"name":"wp","href":"https:\/\/api.w.org\/{rel}","templated":true}]}}