{"id":3563,"date":"2011-09-23T21:51:18","date_gmt":"2011-09-24T00:51:18","guid":{"rendered":"http:\/\/ajupe.com.uy\/web\/?post_type=product&#038;p=3563"},"modified":"2011-09-28T18:06:39","modified_gmt":"2011-09-28T21:06:39","slug":"historia-viva","status":"publish","type":"product","link":"https:\/\/ajupe.com.uy\/web\/biblioteca\/historia-viva\/","title":{"rendered":"Historia Viva"},"content":{"rendered":"<p>Hillary Rodham Clinton es uno de los personajes m\u00e1s importantes de la  pol\u00edtica estadounidense. Ex primera dama y actual senadora por Nueva  York, nos cuenta en su biograf\u00eda los apasionantes ocho a\u00f1os que pas\u00f3 en  la Casa Blanca junto a Bill Clinton, sin ocultar los malos momentos,  como el caso Whitewater o el esc\u00e1ndalo de M\u00f3nica Lewinsky.<\/p>\n","protected":false},"excerpt":{"rendered":"<p>Hillary Rodham Clinton es uno de los personajes m\u00e1s importantes de la pol\u00edtica estadounidense. Ex primera dama y actual senadora por Nueva York, nos cuenta en su biograf\u00eda los apasionantes ocho a\u00f1os que pas\u00f3 en la Casa Blanca junto a Bill Clinton, sin ocultar los malos momentos, como el caso Whitewater o el esc\u00e1ndalo de [&hellip;]<\/p>\n","protected":false},"featured_media":3564,"template":"","meta":[],"product_brand":[689],"product_cat":[44],"product_tag":[],"class_list":{"0":"post-3563","1":"product","2":"type-product","3":"status-publish","4":"has-post-thumbnail","6":"product_brand-hillary-rodham-clinton","7":"product_cat-biografico","9":"first","10":"instock","11":"purchasable","12":"product-type-simple"},"featured_image_urls_v2":{"full":["https:\/\/ajupe.com.uy\/web\/wp-content\/uploads\/2016\/04\/p-3563-Historia_Viva_4e7cff565c220.jpg",176,282,false],"thumbnail":["https:\/\/ajupe.com.uy\/web\/wp-content\/uploads\/2016\/04\/p-3563-Historia_Viva_4e7cff565c220.jpg",150,150,true],"medium":["https:\/\/ajupe.com.uy\/web\/wp-content\/uploads\/2016\/04\/p-3563-Historia_Viva_4e7cff565c220.jpg",300,214,true],"medium_large":["https:\/\/ajupe.com.uy\/web\/wp-content\/uploads\/2016\/04\/p-3563-Historia_Viva_4e7cff565c220.jpg",176,282,false],"large":["https:\/\/ajupe.com.uy\/web\/wp-content\/uploads\/2016\/04\/p-3563-Historia_Viva_4e7cff565c220.jpg",176,282,false],"1536x1536":["https:\/\/ajupe.com.uy\/web\/wp-content\/uploads\/2016\/04\/p-3563-Historia_Viva_4e7cff565c220.jpg",176,282,false],"2048x2048":["https:\/\/ajupe.com.uy\/web\/wp-content\/uploads\/2016\/04\/p-3563-Historia_Viva_4e7cff565c220.jpg",176,282,false],"woocommerce_archive_thumbnail":["https:\/\/ajupe.com.uy\/web\/wp-content\/uploads\/2016\/04\/p-3563-Historia_Viva_4e7cff565c220.jpg",176,282,false],"woocommerce_thumbnail":["https:\/\/ajupe.com.uy\/web\/wp-content\/uploads\/2016\/04\/p-3563-Historia_Viva_4e7cff565c220.jpg",176,282,false],"woocommerce_single":["https:\/\/ajupe.com.uy\/web\/wp-content\/uploads\/2016\/04\/p-3563-Historia_Viva_4e7cff565c220.jpg",176,282,false],"woocommerce_gallery_thumbnail":["https:\/\/ajupe.com.uy\/web\/wp-content\/uploads\/2016\/04\/p-3563-Historia_Viva_4e7cff565c220-100x100.jpg",100,100,true]},"post_excerpt_stackable_v2":"<p>Hillary Rodham Clinton es uno de los personajes m\u00e1s importantes de la pol\u00edtica estadounidense. Ex primera dama y actual senadora por Nueva York, nos cuenta en su biograf\u00eda los apasionantes ocho a\u00f1os que pas\u00f3 en la Casa Blanca junto a Bill Clinton, sin ocultar los malos momentos, como el caso Whitewater o el esc\u00e1ndalo de M\u00f3nica Lewinsky.<\/p>\n","category_list_v2":"","author_info_v2":{"name":"","url":""},"comments_num_v2":"0 comentarios","_links":{"self":[{"href":"https:\/\/ajupe.com.uy\/web\/wp-json\/wp\/v2\/product\/3563","targetHints":{"allow":["GET"]}}],"collection":[{"href":"https:\/\/ajupe.com.uy\/web\/wp-json\/wp\/v2\/product"}],"about":[{"href":"https:\/\/ajupe.com.uy\/web\/wp-json\/wp\/v2\/types\/product"}],"wp:featuredmedia":[{"embeddable":true,"href":"https:\/\/ajupe.com.uy\/web\/wp-json\/wp\/v2\/media\/3564"}],"wp:attachment":[{"href":"https:\/\/ajupe.com.uy\/web\/wp-json\/wp\/v2\/media?parent=3563"}],"wp:term":[{"taxonomy":"product_brand","embeddable":true,"href":"https:\/\/ajupe.com.uy\/web\/wp-json\/wp\/v2\/product_brand?post=3563"},{"taxonomy":"product_cat","embeddable":true,"href":"https:\/\/ajupe.com.uy\/web\/wp-json\/wp\/v2\/product_cat?post=3563"},{"taxonomy":"product_tag","embeddable":true,"href":"https:\/\/ajupe.com.uy\/web\/wp-json\/wp\/v2\/product_tag?post=3563"}],"curies":[{"name":"wp","href":"https:\/\/api.w.org\/{rel}","templated":true}]}}