{"id":3569,"date":"2011-09-23T22:02:40","date_gmt":"2011-09-24T01:02:40","guid":{"rendered":"http:\/\/ajupe.com.uy\/web\/?post_type=product&#038;p=3569"},"modified":"2011-09-28T19:03:21","modified_gmt":"2011-09-28T22:03:21","slug":"las-columnas-de-hercules","status":"publish","type":"product","link":"https:\/\/ajupe.com.uy\/web\/biblioteca\/las-columnas-de-hercules\/","title":{"rendered":"LAS COLUMNAS DE HERCULES"},"content":{"rendered":"<p>El lector que se sumerja en este libro tal vez busque un viaje, pero lo que encontrar\u00e1 es un viajero. Un ser especial dotado de una fin\u00edsima capacidad de an\u00e1lisis, de una afilada iron\u00eda y de un gusto exquisito para ofrecer al lector las mejores an\u00e9cdotas, los personajes m\u00e1s jugosos y las historias que pueden invitarle a so\u00f1ar. Y a viajar.<\/p>\n","protected":false},"excerpt":{"rendered":"<p>Para escribir &#8216;Las Columnas de H\u00e9rcules&#8217;, cr\u00f3nica muy personal de un recorrido por los pa\u00edses que rodean el mar Mediterr\u00e1neo, ha utilizado cualquier medio de transporte que se haya cruzado en su camino&#8230; excepto el avi\u00f3n.<\/p>\n","protected":false},"featured_media":3570,"template":"","meta":[],"product_brand":[845],"product_cat":[42],"product_tag":[],"class_list":{"0":"post-3569","1":"product","2":"type-product","3":"status-publish","4":"has-post-thumbnail","6":"product_brand-paul-theroux","7":"product_cat-aventura","9":"first","10":"instock","11":"purchasable","12":"product-type-simple"},"featured_image_urls_v2":{"full":["https:\/\/ajupe.com.uy\/web\/wp-content\/uploads\/2016\/04\/p-3569-LAS_COLUMNAS_DE__4e7d02001ab01.jpg",146,226,false],"thumbnail":["https:\/\/ajupe.com.uy\/web\/wp-content\/uploads\/2016\/04\/p-3569-LAS_COLUMNAS_DE__4e7d02001ab01.jpg",150,150,true],"medium":["https:\/\/ajupe.com.uy\/web\/wp-content\/uploads\/2016\/04\/p-3569-LAS_COLUMNAS_DE__4e7d02001ab01.jpg",300,214,true],"medium_large":["https:\/\/ajupe.com.uy\/web\/wp-content\/uploads\/2016\/04\/p-3569-LAS_COLUMNAS_DE__4e7d02001ab01.jpg",146,226,false],"large":["https:\/\/ajupe.com.uy\/web\/wp-content\/uploads\/2016\/04\/p-3569-LAS_COLUMNAS_DE__4e7d02001ab01.jpg",146,226,false],"1536x1536":["https:\/\/ajupe.com.uy\/web\/wp-content\/uploads\/2016\/04\/p-3569-LAS_COLUMNAS_DE__4e7d02001ab01.jpg",146,226,false],"2048x2048":["https:\/\/ajupe.com.uy\/web\/wp-content\/uploads\/2016\/04\/p-3569-LAS_COLUMNAS_DE__4e7d02001ab01.jpg",146,226,false],"woocommerce_archive_thumbnail":["https:\/\/ajupe.com.uy\/web\/wp-content\/uploads\/2016\/04\/p-3569-LAS_COLUMNAS_DE__4e7d02001ab01.jpg",146,226,false],"woocommerce_thumbnail":["https:\/\/ajupe.com.uy\/web\/wp-content\/uploads\/2016\/04\/p-3569-LAS_COLUMNAS_DE__4e7d02001ab01.jpg",146,226,false],"woocommerce_single":["https:\/\/ajupe.com.uy\/web\/wp-content\/uploads\/2016\/04\/p-3569-LAS_COLUMNAS_DE__4e7d02001ab01.jpg",146,226,false],"woocommerce_gallery_thumbnail":["https:\/\/ajupe.com.uy\/web\/wp-content\/uploads\/2016\/04\/p-3569-LAS_COLUMNAS_DE__4e7d02001ab01-100x100.jpg",100,100,true]},"post_excerpt_stackable_v2":"<p>Para escribir &#8216;Las Columnas de H\u00e9rcules&#8217;, cr\u00f3nica muy personal de un recorrido por los pa\u00edses que rodean el mar Mediterr\u00e1neo, ha utilizado cualquier medio de transporte que se haya cruzado en su camino&#8230; excepto el avi\u00f3n.<\/p>\n","category_list_v2":"","author_info_v2":{"name":"","url":""},"comments_num_v2":"0 comentarios","_links":{"self":[{"href":"https:\/\/ajupe.com.uy\/web\/wp-json\/wp\/v2\/product\/3569","targetHints":{"allow":["GET"]}}],"collection":[{"href":"https:\/\/ajupe.com.uy\/web\/wp-json\/wp\/v2\/product"}],"about":[{"href":"https:\/\/ajupe.com.uy\/web\/wp-json\/wp\/v2\/types\/product"}],"wp:featuredmedia":[{"embeddable":true,"href":"https:\/\/ajupe.com.uy\/web\/wp-json\/wp\/v2\/media\/3570"}],"wp:attachment":[{"href":"https:\/\/ajupe.com.uy\/web\/wp-json\/wp\/v2\/media?parent=3569"}],"wp:term":[{"taxonomy":"product_brand","embeddable":true,"href":"https:\/\/ajupe.com.uy\/web\/wp-json\/wp\/v2\/product_brand?post=3569"},{"taxonomy":"product_cat","embeddable":true,"href":"https:\/\/ajupe.com.uy\/web\/wp-json\/wp\/v2\/product_cat?post=3569"},{"taxonomy":"product_tag","embeddable":true,"href":"https:\/\/ajupe.com.uy\/web\/wp-json\/wp\/v2\/product_tag?post=3569"}],"curies":[{"name":"wp","href":"https:\/\/api.w.org\/{rel}","templated":true}]}}