{"id":3575,"date":"2011-09-23T22:16:38","date_gmt":"2011-09-24T01:16:38","guid":{"rendered":"http:\/\/ajupe.com.uy\/web\/?post_type=product&#038;p=3575"},"modified":"2011-09-28T19:10:26","modified_gmt":"2011-09-28T22:10:26","slug":"al-llegar-la-noche","status":"publish","type":"product","link":"https:\/\/ajupe.com.uy\/web\/biblioteca\/al-llegar-la-noche\/","title":{"rendered":"AL LLEGAR LA NOCHE"},"content":{"rendered":"<p>Una abogada de prestigio de la noche a la ma\u00f1ana ve su futuro temblar cuando su marido que estaba camino de ser su ex marido aparece brutalmente asesinado. Su marido es juez y aunque puede haber un mont\u00f3n de personas que quieran matarlo, entre ellas ex convictos y alg\u00fan que otro abogado pendenciero, la polic\u00eda se vuelve inmediatamente hacia su esposa y la meten en la c\u00e1rcel sin ning\u00fan tipo de pudor. Un abogado que est\u00e1 profundamente enamorado de ella decide defenderla y vive con ella una historia de amor inexpugnable. Pero las apariencias enga\u00f1an&#8230;<\/p>\n","protected":false},"excerpt":{"rendered":"<p>En esta novela la maldad no tiene l\u00edmites y es que estamos ante un grupo de abogados que pretenden ganar como sea todos sus casos.<\/p>\n","protected":false},"featured_media":3576,"template":"","meta":[],"product_brand":[321],"product_cat":[30],"product_tag":[],"class_list":{"0":"post-3575","1":"product","2":"type-product","3":"status-publish","4":"has-post-thumbnail","6":"product_brand-phillip-margolin","7":"product_cat-suspenso","9":"first","10":"instock","11":"purchasable","12":"product-type-simple"},"featured_image_urls_v2":{"full":["https:\/\/ajupe.com.uy\/web\/wp-content\/uploads\/2016\/04\/p-3575-AL_LLEGAR_LA_NOC_4e7d05466fde3.jpg",338,500,false],"thumbnail":["https:\/\/ajupe.com.uy\/web\/wp-content\/uploads\/2016\/04\/p-3575-AL_LLEGAR_LA_NOC_4e7d05466fde3.jpg",150,150,true],"medium":["https:\/\/ajupe.com.uy\/web\/wp-content\/uploads\/2016\/04\/p-3575-AL_LLEGAR_LA_NOC_4e7d05466fde3.jpg",300,214,true],"medium_large":["https:\/\/ajupe.com.uy\/web\/wp-content\/uploads\/2016\/04\/p-3575-AL_LLEGAR_LA_NOC_4e7d05466fde3.jpg",338,500,false],"large":["https:\/\/ajupe.com.uy\/web\/wp-content\/uploads\/2016\/04\/p-3575-AL_LLEGAR_LA_NOC_4e7d05466fde3.jpg",338,500,false],"1536x1536":["https:\/\/ajupe.com.uy\/web\/wp-content\/uploads\/2016\/04\/p-3575-AL_LLEGAR_LA_NOC_4e7d05466fde3.jpg",338,500,false],"2048x2048":["https:\/\/ajupe.com.uy\/web\/wp-content\/uploads\/2016\/04\/p-3575-AL_LLEGAR_LA_NOC_4e7d05466fde3.jpg",338,500,false],"woocommerce_archive_thumbnail":["https:\/\/ajupe.com.uy\/web\/wp-content\/uploads\/2016\/04\/p-3575-AL_LLEGAR_LA_NOC_4e7d05466fde3-300x450.jpg",300,450,true],"woocommerce_thumbnail":["https:\/\/ajupe.com.uy\/web\/wp-content\/uploads\/2016\/04\/p-3575-AL_LLEGAR_LA_NOC_4e7d05466fde3-300x300.jpg",300,300,true],"woocommerce_single":["https:\/\/ajupe.com.uy\/web\/wp-content\/uploads\/2016\/04\/p-3575-AL_LLEGAR_LA_NOC_4e7d05466fde3-300x444.jpg",300,444,true],"woocommerce_gallery_thumbnail":["https:\/\/ajupe.com.uy\/web\/wp-content\/uploads\/2016\/04\/p-3575-AL_LLEGAR_LA_NOC_4e7d05466fde3-100x100.jpg",100,100,true]},"post_excerpt_stackable_v2":"<p>En esta novela la maldad no tiene l\u00edmites y es que estamos ante un grupo de abogados que pretenden ganar como sea todos sus casos.<\/p>\n","category_list_v2":"","author_info_v2":{"name":"","url":""},"comments_num_v2":"0 comentarios","_links":{"self":[{"href":"https:\/\/ajupe.com.uy\/web\/wp-json\/wp\/v2\/product\/3575","targetHints":{"allow":["GET"]}}],"collection":[{"href":"https:\/\/ajupe.com.uy\/web\/wp-json\/wp\/v2\/product"}],"about":[{"href":"https:\/\/ajupe.com.uy\/web\/wp-json\/wp\/v2\/types\/product"}],"wp:featuredmedia":[{"embeddable":true,"href":"https:\/\/ajupe.com.uy\/web\/wp-json\/wp\/v2\/media\/3576"}],"wp:attachment":[{"href":"https:\/\/ajupe.com.uy\/web\/wp-json\/wp\/v2\/media?parent=3575"}],"wp:term":[{"taxonomy":"product_brand","embeddable":true,"href":"https:\/\/ajupe.com.uy\/web\/wp-json\/wp\/v2\/product_brand?post=3575"},{"taxonomy":"product_cat","embeddable":true,"href":"https:\/\/ajupe.com.uy\/web\/wp-json\/wp\/v2\/product_cat?post=3575"},{"taxonomy":"product_tag","embeddable":true,"href":"https:\/\/ajupe.com.uy\/web\/wp-json\/wp\/v2\/product_tag?post=3575"}],"curies":[{"name":"wp","href":"https:\/\/api.w.org\/{rel}","templated":true}]}}