{"id":3602,"date":"2011-09-23T23:15:36","date_gmt":"2011-09-24T02:15:36","guid":{"rendered":"http:\/\/ajupe.com.uy\/web\/?post_type=product&#038;p=3602"},"modified":"2011-09-28T17:58:30","modified_gmt":"2011-09-28T20:58:30","slug":"el-rico-patrimonio-de-los-orientales","status":"publish","type":"product","link":"https:\/\/ajupe.com.uy\/web\/biblioteca\/el-rico-patrimonio-de-los-orientales\/","title":{"rendered":"El Rico Patrimonio de los Orientales"},"content":{"rendered":"<p><span>Los ensayos reunidos en este volumen suponen, en m\u00e1s  de un sentido un exigente intento de continuidad, s\u00edntesis y  culminaci\u00f3n de la obra que Daniel Vidart ha emprendido, desde el a\u00f1o  1946, fecha de su primer libro, en procura de las sucesivas y a veces  contradictorias identidades del pueblo que de oriental se transform\u00f3  -inmigraci\u00f3n y mestizaje mediante- en uruguayo. Reaparecen as\u00ed, a la luz  crepuscular del globalizado mundo de  la posmodernidad, los temas del  proceso dial\u00e9ctico operando entre el campo americano y la ciudad  cosmopolita, a los que se suma una denuncia de los fundamentalistas  indianistas y las mitolog\u00edas etnoc\u00e9ntricas que campean en la actualidad.  De tal modo se definen y reafirman los temas de las etnias originarias,  del criollismo, de los paisajes y los paisanos, del entra\u00f1ables  patrimonio nacional consolidado por el tiempo y expresado en el espacio,  de la historia y la metahistoria del Uruguay profundo. Pero el acento  descriptivo e interpretativo de los anteriores escritos, es decir, el   predominio de los juicios de realidad, ha convocado en esta coyuntura la  creciente comparecencia de los juicios de valor. En efecto, el momento  en que hoy vive nuestro pa\u00eds, inmerso en las aguas revueltas de una edad  perversa y catastr\u00f3fica, determina otro tipo de enfoques, otras  actitudes del alma. De tal modo, las realidades y las mentalidades  prohijadas por una crisis que va desde la orilla de la  conducta a la  del conflicto entre distintas concepciones del mundo, son juzgadas por  un ojo m\u00e1s cr\u00edtico, por una mirada m\u00e1s inconformista, por un reclamo m\u00e1s  perentorio de autenticidad y dignidad, tanto al nivel de la persona  como de la sociedad entera. De ah\u00ed surgen el t\u00edtulo y el capitulo final  de un alegato que nos remite a las viejas aspiraciones populares,  democr\u00e1ticas y libertarias, aun no consolidadas, del ideario artiguista. <\/span><\/p>\n","protected":false},"excerpt":{"rendered":"<p>Los ensayos reunidos en este volumen suponen, en m\u00e1s de un sentido un exigente intento de continuidad, s\u00edntesis y culminaci\u00f3n de la obra que Daniel Vidart ha emprendido, desde el a\u00f1o 1946, fecha de su primer libro, en procura de las sucesivas y a veces contradictorias identidades del pueblo que de oriental se transform\u00f3 -inmigraci\u00f3n [&hellip;]<\/p>\n","protected":false},"featured_media":3603,"template":"","meta":[],"product_brand":[184],"product_cat":[39],"product_tag":[],"class_list":{"0":"post-3602","1":"product","2":"type-product","3":"status-publish","4":"has-post-thumbnail","6":"product_brand-daniel-vidart","7":"product_cat-veridico","9":"first","10":"instock","11":"purchasable","12":"product-type-simple"},"featured_image_urls_v2":{"full":["https:\/\/ajupe.com.uy\/web\/wp-content\/uploads\/2016\/04\/p-3602-El_Rico_Patrimon_4e7d1318405fc.jpg",160,247,false],"thumbnail":["https:\/\/ajupe.com.uy\/web\/wp-content\/uploads\/2016\/04\/p-3602-El_Rico_Patrimon_4e7d1318405fc.jpg",150,150,true],"medium":["https:\/\/ajupe.com.uy\/web\/wp-content\/uploads\/2016\/04\/p-3602-El_Rico_Patrimon_4e7d1318405fc.jpg",300,214,true],"medium_large":["https:\/\/ajupe.com.uy\/web\/wp-content\/uploads\/2016\/04\/p-3602-El_Rico_Patrimon_4e7d1318405fc.jpg",160,247,false],"large":["https:\/\/ajupe.com.uy\/web\/wp-content\/uploads\/2016\/04\/p-3602-El_Rico_Patrimon_4e7d1318405fc.jpg",160,247,false],"1536x1536":["https:\/\/ajupe.com.uy\/web\/wp-content\/uploads\/2016\/04\/p-3602-El_Rico_Patrimon_4e7d1318405fc.jpg",160,247,false],"2048x2048":["https:\/\/ajupe.com.uy\/web\/wp-content\/uploads\/2016\/04\/p-3602-El_Rico_Patrimon_4e7d1318405fc.jpg",160,247,false],"woocommerce_archive_thumbnail":["https:\/\/ajupe.com.uy\/web\/wp-content\/uploads\/2016\/04\/p-3602-El_Rico_Patrimon_4e7d1318405fc.jpg",160,247,false],"woocommerce_thumbnail":["https:\/\/ajupe.com.uy\/web\/wp-content\/uploads\/2016\/04\/p-3602-El_Rico_Patrimon_4e7d1318405fc.jpg",160,247,false],"woocommerce_single":["https:\/\/ajupe.com.uy\/web\/wp-content\/uploads\/2016\/04\/p-3602-El_Rico_Patrimon_4e7d1318405fc.jpg",160,247,false],"woocommerce_gallery_thumbnail":["https:\/\/ajupe.com.uy\/web\/wp-content\/uploads\/2016\/04\/p-3602-El_Rico_Patrimon_4e7d1318405fc-100x100.jpg",100,100,true]},"post_excerpt_stackable_v2":"<p>Los ensayos reunidos en este volumen suponen, en m\u00e1s de un sentido un exigente intento de continuidad, s\u00edntesis y culminaci\u00f3n de la obra que Daniel Vidart ha emprendido, desde el a\u00f1o 1946, fecha de su primer libro, en procura de las sucesivas y a veces contradictorias identidades del pueblo que de oriental se transform\u00f3 -inmigraci\u00f3n y mestizaje mediante- en uruguayo. Reaparecen as\u00ed, a la luz crepuscular del globalizado mundo de la posmodernidad, los temas del proceso dial\u00e9ctico operando entre el campo americano y la ciudad cosmopolita, a los que se suma una denuncia de los fundamentalistas indianistas y las mitolog\u00edas&hellip;<\/p>\n","category_list_v2":"","author_info_v2":{"name":"","url":""},"comments_num_v2":"0 comentarios","_links":{"self":[{"href":"https:\/\/ajupe.com.uy\/web\/wp-json\/wp\/v2\/product\/3602","targetHints":{"allow":["GET"]}}],"collection":[{"href":"https:\/\/ajupe.com.uy\/web\/wp-json\/wp\/v2\/product"}],"about":[{"href":"https:\/\/ajupe.com.uy\/web\/wp-json\/wp\/v2\/types\/product"}],"wp:featuredmedia":[{"embeddable":true,"href":"https:\/\/ajupe.com.uy\/web\/wp-json\/wp\/v2\/media\/3603"}],"wp:attachment":[{"href":"https:\/\/ajupe.com.uy\/web\/wp-json\/wp\/v2\/media?parent=3602"}],"wp:term":[{"taxonomy":"product_brand","embeddable":true,"href":"https:\/\/ajupe.com.uy\/web\/wp-json\/wp\/v2\/product_brand?post=3602"},{"taxonomy":"product_cat","embeddable":true,"href":"https:\/\/ajupe.com.uy\/web\/wp-json\/wp\/v2\/product_cat?post=3602"},{"taxonomy":"product_tag","embeddable":true,"href":"https:\/\/ajupe.com.uy\/web\/wp-json\/wp\/v2\/product_tag?post=3602"}],"curies":[{"name":"wp","href":"https:\/\/api.w.org\/{rel}","templated":true}]}}