{"id":3611,"date":"2011-09-23T23:26:36","date_gmt":"2011-09-24T02:26:36","guid":{"rendered":"http:\/\/ajupe.com.uy\/web\/?post_type=product&#038;p=3611"},"modified":"2011-09-28T17:53:34","modified_gmt":"2011-09-28T20:53:34","slug":"la-soledad-del-mercenario","status":"publish","type":"product","link":"https:\/\/ajupe.com.uy\/web\/biblioteca\/la-soledad-del-mercenario\/","title":{"rendered":"La Soledad del Mercenario"},"content":{"rendered":"<p>Cr\u00f3nicas de la traves\u00eda de un uruguayo por Inglaterra y \u00c1frica Meridional<\/p>\n","protected":false},"excerpt":{"rendered":"<p>Cr\u00f3nicas de la traves\u00eda de un uruguayo por Inglaterra y \u00c1frica Meridional<\/p>\n","protected":false},"featured_media":3612,"template":"","meta":[],"product_brand":[844],"product_cat":[42],"product_tag":[],"class_list":{"0":"post-3611","1":"product","2":"type-product","3":"status-publish","4":"has-post-thumbnail","6":"product_brand-mauricio-bergstein-2","7":"product_cat-aventura","9":"first","10":"instock","11":"purchasable","12":"product-type-simple"},"featured_image_urls_v2":{"full":["https:\/\/ajupe.com.uy\/web\/wp-content\/uploads\/2016\/04\/p-3611-La_Soledad_del_M_4e7d15acc298c.jpg",446,645,false],"thumbnail":["https:\/\/ajupe.com.uy\/web\/wp-content\/uploads\/2016\/04\/p-3611-La_Soledad_del_M_4e7d15acc298c.jpg",150,150,true],"medium":["https:\/\/ajupe.com.uy\/web\/wp-content\/uploads\/2016\/04\/p-3611-La_Soledad_del_M_4e7d15acc298c.jpg",300,214,true],"medium_large":["https:\/\/ajupe.com.uy\/web\/wp-content\/uploads\/2016\/04\/p-3611-La_Soledad_del_M_4e7d15acc298c.jpg",446,645,false],"large":["https:\/\/ajupe.com.uy\/web\/wp-content\/uploads\/2016\/04\/p-3611-La_Soledad_del_M_4e7d15acc298c.jpg",446,645,false],"1536x1536":["https:\/\/ajupe.com.uy\/web\/wp-content\/uploads\/2016\/04\/p-3611-La_Soledad_del_M_4e7d15acc298c.jpg",446,645,false],"2048x2048":["https:\/\/ajupe.com.uy\/web\/wp-content\/uploads\/2016\/04\/p-3611-La_Soledad_del_M_4e7d15acc298c.jpg",446,645,false],"woocommerce_archive_thumbnail":["https:\/\/ajupe.com.uy\/web\/wp-content\/uploads\/2016\/04\/p-3611-La_Soledad_del_M_4e7d15acc298c-300x450.jpg",300,450,true],"woocommerce_thumbnail":["https:\/\/ajupe.com.uy\/web\/wp-content\/uploads\/2016\/04\/p-3611-La_Soledad_del_M_4e7d15acc298c-300x300.jpg",300,300,true],"woocommerce_single":["https:\/\/ajupe.com.uy\/web\/wp-content\/uploads\/2016\/04\/p-3611-La_Soledad_del_M_4e7d15acc298c-300x434.jpg",300,434,true],"woocommerce_gallery_thumbnail":["https:\/\/ajupe.com.uy\/web\/wp-content\/uploads\/2016\/04\/p-3611-La_Soledad_del_M_4e7d15acc298c-100x100.jpg",100,100,true]},"post_excerpt_stackable_v2":"<p>Cr\u00f3nicas de la traves\u00eda de un uruguayo por Inglaterra y \u00c1frica Meridional<\/p>\n","category_list_v2":"","author_info_v2":{"name":"","url":""},"comments_num_v2":"0 comentarios","_links":{"self":[{"href":"https:\/\/ajupe.com.uy\/web\/wp-json\/wp\/v2\/product\/3611","targetHints":{"allow":["GET"]}}],"collection":[{"href":"https:\/\/ajupe.com.uy\/web\/wp-json\/wp\/v2\/product"}],"about":[{"href":"https:\/\/ajupe.com.uy\/web\/wp-json\/wp\/v2\/types\/product"}],"wp:featuredmedia":[{"embeddable":true,"href":"https:\/\/ajupe.com.uy\/web\/wp-json\/wp\/v2\/media\/3612"}],"wp:attachment":[{"href":"https:\/\/ajupe.com.uy\/web\/wp-json\/wp\/v2\/media?parent=3611"}],"wp:term":[{"taxonomy":"product_brand","embeddable":true,"href":"https:\/\/ajupe.com.uy\/web\/wp-json\/wp\/v2\/product_brand?post=3611"},{"taxonomy":"product_cat","embeddable":true,"href":"https:\/\/ajupe.com.uy\/web\/wp-json\/wp\/v2\/product_cat?post=3611"},{"taxonomy":"product_tag","embeddable":true,"href":"https:\/\/ajupe.com.uy\/web\/wp-json\/wp\/v2\/product_tag?post=3611"}],"curies":[{"name":"wp","href":"https:\/\/api.w.org\/{rel}","templated":true}]}}