{"id":3617,"date":"2011-09-23T23:31:48","date_gmt":"2011-09-24T02:31:48","guid":{"rendered":"http:\/\/ajupe.com.uy\/web\/?post_type=product&#038;p=3617"},"modified":"2011-09-28T19:05:22","modified_gmt":"2011-09-28T22:05:22","slug":"un-mundo-raro","status":"publish","type":"product","link":"https:\/\/ajupe.com.uy\/web\/biblioteca\/un-mundo-raro\/","title":{"rendered":"UN MUNDO RARO"},"content":{"rendered":"<p>Est\u00e1 compuesto por un par de relatos cortos: El amor en el tiempo de los dinosaurios y Sin Dios ni ley . El primero cuenta la tragic\u00f3mica vida de Pedro Angel Reyes, un perdedor , un ignorado, un cuarent\u00f3n in\u00fatil que todav\u00eda vislumbra ciertas esperanzas de salir del pozo aprovechando la responsabilidad que ha depositado su jefe al nombrarle representante supervisor de partido en la \u00abcasilla\u00bb del municipio de Huixquilucan. El segundo relato muestra la desgracia de una mam\u00e1 de clase media alta mexicana , que cegada por la indignaci\u00f3n moral que le provoca la oleada feminista, proabortista y similares se topa con un problema \u00abembarazoso\u00bb sufrido por su quincea\u00f1era hija. Dos relatos para pensar, dos relatos para ponerse en el lugar de los protagonistas y para establecer preferencias a la hora de saber cu\u00e1l es lo verdaderamente importante.Personajes muy interesantes y muy complejos psicol\u00f3gicamente y un libro sencillo de leer, que aborda problemas, pensamientos y situaciones diarias que a nosotros se nos pueden plantear en cualquier momento de nuestra vida.<\/p>\n","protected":false},"excerpt":{"rendered":"<p>Un mundo raro es la narraci\u00f3n de dos relatos en donde los personajes enfrentar\u00e1n las desastrozas consecuencias del choque entre vida privada y voluntad pol\u00edtica.<\/p>\n","protected":false},"featured_media":3618,"template":"","meta":[],"product_brand":[68],"product_cat":[29],"product_tag":[],"class_list":{"0":"post-3617","1":"product","2":"type-product","3":"status-publish","4":"has-post-thumbnail","6":"product_brand-marcela-serrano","7":"product_cat-novela","9":"first","10":"instock","11":"purchasable","12":"product-type-simple"},"featured_image_urls_v2":{"full":["https:\/\/ajupe.com.uy\/web\/wp-content\/uploads\/2016\/04\/p-3617-UN_MUNDO_RARO_4e7d16e42dc74.jpg",104,148,false],"thumbnail":["https:\/\/ajupe.com.uy\/web\/wp-content\/uploads\/2016\/04\/p-3617-UN_MUNDO_RARO_4e7d16e42dc74.jpg",150,150,true],"medium":["https:\/\/ajupe.com.uy\/web\/wp-content\/uploads\/2016\/04\/p-3617-UN_MUNDO_RARO_4e7d16e42dc74.jpg",300,214,true],"medium_large":["https:\/\/ajupe.com.uy\/web\/wp-content\/uploads\/2016\/04\/p-3617-UN_MUNDO_RARO_4e7d16e42dc74.jpg",104,148,false],"large":["https:\/\/ajupe.com.uy\/web\/wp-content\/uploads\/2016\/04\/p-3617-UN_MUNDO_RARO_4e7d16e42dc74.jpg",104,148,false],"1536x1536":["https:\/\/ajupe.com.uy\/web\/wp-content\/uploads\/2016\/04\/p-3617-UN_MUNDO_RARO_4e7d16e42dc74.jpg",104,148,false],"2048x2048":["https:\/\/ajupe.com.uy\/web\/wp-content\/uploads\/2016\/04\/p-3617-UN_MUNDO_RARO_4e7d16e42dc74.jpg",104,148,false],"woocommerce_archive_thumbnail":["https:\/\/ajupe.com.uy\/web\/wp-content\/uploads\/2016\/04\/p-3617-UN_MUNDO_RARO_4e7d16e42dc74.jpg",104,148,false],"woocommerce_thumbnail":["https:\/\/ajupe.com.uy\/web\/wp-content\/uploads\/2016\/04\/p-3617-UN_MUNDO_RARO_4e7d16e42dc74.jpg",104,148,false],"woocommerce_single":["https:\/\/ajupe.com.uy\/web\/wp-content\/uploads\/2016\/04\/p-3617-UN_MUNDO_RARO_4e7d16e42dc74.jpg",104,148,false],"woocommerce_gallery_thumbnail":["https:\/\/ajupe.com.uy\/web\/wp-content\/uploads\/2016\/04\/p-3617-UN_MUNDO_RARO_4e7d16e42dc74-100x100.jpg",100,100,true]},"post_excerpt_stackable_v2":"<p>Un mundo raro es la narraci\u00f3n de dos relatos en donde los personajes enfrentar\u00e1n las desastrozas consecuencias del choque entre vida privada y voluntad pol\u00edtica.<\/p>\n","category_list_v2":"","author_info_v2":{"name":"","url":""},"comments_num_v2":"0 comentarios","_links":{"self":[{"href":"https:\/\/ajupe.com.uy\/web\/wp-json\/wp\/v2\/product\/3617","targetHints":{"allow":["GET"]}}],"collection":[{"href":"https:\/\/ajupe.com.uy\/web\/wp-json\/wp\/v2\/product"}],"about":[{"href":"https:\/\/ajupe.com.uy\/web\/wp-json\/wp\/v2\/types\/product"}],"wp:featuredmedia":[{"embeddable":true,"href":"https:\/\/ajupe.com.uy\/web\/wp-json\/wp\/v2\/media\/3618"}],"wp:attachment":[{"href":"https:\/\/ajupe.com.uy\/web\/wp-json\/wp\/v2\/media?parent=3617"}],"wp:term":[{"taxonomy":"product_brand","embeddable":true,"href":"https:\/\/ajupe.com.uy\/web\/wp-json\/wp\/v2\/product_brand?post=3617"},{"taxonomy":"product_cat","embeddable":true,"href":"https:\/\/ajupe.com.uy\/web\/wp-json\/wp\/v2\/product_cat?post=3617"},{"taxonomy":"product_tag","embeddable":true,"href":"https:\/\/ajupe.com.uy\/web\/wp-json\/wp\/v2\/product_tag?post=3617"}],"curies":[{"name":"wp","href":"https:\/\/api.w.org\/{rel}","templated":true}]}}