{"id":3635,"date":"2011-09-24T00:47:45","date_gmt":"2011-09-24T03:47:45","guid":{"rendered":"http:\/\/ajupe.com.uy\/web\/?post_type=product&#038;p=3635"},"modified":"2011-09-28T17:41:32","modified_gmt":"2011-09-28T20:41:32","slug":"yo-lucrecia-borgia","status":"publish","type":"product","link":"https:\/\/ajupe.com.uy\/web\/biblioteca\/yo-lucrecia-borgia\/","title":{"rendered":"Yo Lucrecia Borgia"},"content":{"rendered":"<p>Lucrecia Borgia es una de las mujeres m\u00e1s enigm\u00e1ticas, fascinantes e  infames   de la historia. En su vida estuvo sometida a los intereses de  dos fuertes   personalidades: la del padre, Rodrigo Borgia, el  espectacularmente corrupto y despiadado papa Alejandro VI, y la de su  sanguinario hermano, C\u00e9sar.<br \/>Famosa por su gran belleza, fue desposada  con varios hombres escogidos por su padre en funci\u00f3n de intereses  pol\u00edticos. Aunque am\u00f3 a uno de ellos, el esc\u00e1ndalo que siempre acompa\u00f1\u00f3 a  su familia le impidi\u00f3 disfrutar de una felicidad duradera. Tan odiada  como admirada, fue acusada por sus enemigos de<br \/>haber envenenado a los  rivales de su padre, de mantener una relaci\u00f3n incestuosa con su hermano  y de conspirar para asesinar a sus esposos. La verdadera Lucrecia se  perdi\u00f3 entre tantas habladur\u00edas<br \/>y la depravaci\u00f3n de la corte papal. Ahora, por fin, ella toma la palabra en esta apasionante novela de <strong>John Faunce<\/strong>,  que da vida a una mujer atrapada entre sus propios deseos y la tiran\u00eda  de su familia, pero cuya inteligencia y fortaleza le otorgaron un lugar  de honor en la historia.<\/p>\n","protected":false},"excerpt":{"rendered":"<p>Lucrecia Borgia es una de las mujeres m\u00e1s enigm\u00e1ticas, fascinantes e infames de la historia. En su vida estuvo sometida a los intereses de dos fuertes personalidades: la del padre, Rodrigo Borgia, el espectacularmente corrupto y despiadado papa Alejandro VI, y la de su sanguinario hermano, C\u00e9sar.Famosa por su gran belleza, fue desposada con varios [&hellip;]<\/p>\n","protected":false},"featured_media":3636,"template":"","meta":[],"product_brand":[743],"product_cat":[44],"product_tag":[],"class_list":{"0":"post-3635","1":"product","2":"type-product","3":"status-publish","4":"has-post-thumbnail","6":"product_brand-john-faunce","7":"product_cat-biografico","9":"first","10":"instock","11":"purchasable","12":"product-type-simple"},"featured_image_urls_v2":{"full":["https:\/\/ajupe.com.uy\/web\/wp-content\/uploads\/2016\/04\/p-3635-Yo_Lucrecia_Borg_4e7d28b1b362e.jpg",91,140,false],"thumbnail":["https:\/\/ajupe.com.uy\/web\/wp-content\/uploads\/2016\/04\/p-3635-Yo_Lucrecia_Borg_4e7d28b1b362e.jpg",150,150,true],"medium":["https:\/\/ajupe.com.uy\/web\/wp-content\/uploads\/2016\/04\/p-3635-Yo_Lucrecia_Borg_4e7d28b1b362e.jpg",300,214,true],"medium_large":["https:\/\/ajupe.com.uy\/web\/wp-content\/uploads\/2016\/04\/p-3635-Yo_Lucrecia_Borg_4e7d28b1b362e.jpg",91,140,false],"large":["https:\/\/ajupe.com.uy\/web\/wp-content\/uploads\/2016\/04\/p-3635-Yo_Lucrecia_Borg_4e7d28b1b362e.jpg",91,140,false],"1536x1536":["https:\/\/ajupe.com.uy\/web\/wp-content\/uploads\/2016\/04\/p-3635-Yo_Lucrecia_Borg_4e7d28b1b362e.jpg",91,140,false],"2048x2048":["https:\/\/ajupe.com.uy\/web\/wp-content\/uploads\/2016\/04\/p-3635-Yo_Lucrecia_Borg_4e7d28b1b362e.jpg",91,140,false],"woocommerce_archive_thumbnail":["https:\/\/ajupe.com.uy\/web\/wp-content\/uploads\/2016\/04\/p-3635-Yo_Lucrecia_Borg_4e7d28b1b362e.jpg",91,140,false],"woocommerce_thumbnail":["https:\/\/ajupe.com.uy\/web\/wp-content\/uploads\/2016\/04\/p-3635-Yo_Lucrecia_Borg_4e7d28b1b362e.jpg",91,140,false],"woocommerce_single":["https:\/\/ajupe.com.uy\/web\/wp-content\/uploads\/2016\/04\/p-3635-Yo_Lucrecia_Borg_4e7d28b1b362e.jpg",91,140,false],"woocommerce_gallery_thumbnail":["https:\/\/ajupe.com.uy\/web\/wp-content\/uploads\/2016\/04\/p-3635-Yo_Lucrecia_Borg_4e7d28b1b362e-91x100.jpg",91,100,true]},"post_excerpt_stackable_v2":"<p>Lucrecia Borgia es una de las mujeres m\u00e1s enigm\u00e1ticas, fascinantes e infames de la historia. En su vida estuvo sometida a los intereses de dos fuertes personalidades: la del padre, Rodrigo Borgia, el espectacularmente corrupto y despiadado papa Alejandro VI, y la de su sanguinario hermano, C\u00e9sar.Famosa por su gran belleza, fue desposada con varios hombres escogidos por su padre en funci\u00f3n de intereses pol\u00edticos. Aunque am\u00f3 a uno de ellos, el esc\u00e1ndalo que siempre acompa\u00f1\u00f3 a su familia le impidi\u00f3 disfrutar de una felicidad duradera. Tan odiada como admirada, fue acusada por sus enemigos dehaber envenenado a los rivales&hellip;<\/p>\n","category_list_v2":"","author_info_v2":{"name":"","url":""},"comments_num_v2":"0 comentarios","_links":{"self":[{"href":"https:\/\/ajupe.com.uy\/web\/wp-json\/wp\/v2\/product\/3635","targetHints":{"allow":["GET"]}}],"collection":[{"href":"https:\/\/ajupe.com.uy\/web\/wp-json\/wp\/v2\/product"}],"about":[{"href":"https:\/\/ajupe.com.uy\/web\/wp-json\/wp\/v2\/types\/product"}],"wp:featuredmedia":[{"embeddable":true,"href":"https:\/\/ajupe.com.uy\/web\/wp-json\/wp\/v2\/media\/3636"}],"wp:attachment":[{"href":"https:\/\/ajupe.com.uy\/web\/wp-json\/wp\/v2\/media?parent=3635"}],"wp:term":[{"taxonomy":"product_brand","embeddable":true,"href":"https:\/\/ajupe.com.uy\/web\/wp-json\/wp\/v2\/product_brand?post=3635"},{"taxonomy":"product_cat","embeddable":true,"href":"https:\/\/ajupe.com.uy\/web\/wp-json\/wp\/v2\/product_cat?post=3635"},{"taxonomy":"product_tag","embeddable":true,"href":"https:\/\/ajupe.com.uy\/web\/wp-json\/wp\/v2\/product_tag?post=3635"}],"curies":[{"name":"wp","href":"https:\/\/api.w.org\/{rel}","templated":true}]}}