{"id":3653,"date":"2011-09-24T14:39:02","date_gmt":"2011-09-24T17:39:02","guid":{"rendered":"http:\/\/ajupe.com.uy\/web\/?post_type=product&#038;p=3653"},"modified":"2011-09-24T14:39:02","modified_gmt":"2011-09-24T17:39:02","slug":"la-ltima-confesion","status":"publish","type":"product","link":"https:\/\/ajupe.com.uy\/web\/biblioteca\/la-ltima-confesion\/","title":{"rendered":"La \u00daltima Confesi\u00f3n"},"content":{"rendered":"<p>David Nash es un abogado que se dedica con \u00e9xito a defender a individuos condenados a muerte. Sin embargo, despu\u00e9s de lograr la absoluci\u00f3n de Tom Gault, David siente que las dudas sobre su trabajo comienzan a invadirlo.<br \/>\nTal vez Larry Stafford se convierta en su \u00faltimo cliente, pues durante el juicio Nash se encontrar\u00e1 frente a un peligroso dilema \u00f1etico que cambiar\u00e1 su vida.<br \/>\nUna excelente novela de intriga cuya trama \u00e1gil atrapar\u00e1 al lector y lo sorprender\u00e1 en las \u00faltimas p\u00e1ginas.<\/p>\n","protected":false},"excerpt":{"rendered":"<p>David Nash es un abogado que se dedica con \u00e9xito a defender a individuos condenados a muerte. Sin embargo, despu\u00e9s de lograr la absoluci\u00f3n de Tom Gault, David siente que las dudas sobre su trabajo comienzan a invadirlo.<\/p>\n","protected":false},"featured_media":3654,"template":"","meta":[],"product_brand":[321],"product_cat":[29,30],"product_tag":[],"class_list":{"0":"post-3653","1":"product","2":"type-product","3":"status-publish","4":"has-post-thumbnail","6":"product_brand-phillip-margolin","7":"product_cat-novela","8":"product_cat-suspenso","10":"first","11":"instock","12":"purchasable","13":"product-type-simple"},"featured_image_urls_v2":{"full":["https:\/\/ajupe.com.uy\/web\/wp-content\/uploads\/2016\/04\/p-3653-La___ltima_Confe_4e7deb86c7e6b.gif",90,133,false],"thumbnail":["https:\/\/ajupe.com.uy\/web\/wp-content\/uploads\/2016\/04\/p-3653-La___ltima_Confe_4e7deb86c7e6b.gif",150,150,true],"medium":["https:\/\/ajupe.com.uy\/web\/wp-content\/uploads\/2016\/04\/p-3653-La___ltima_Confe_4e7deb86c7e6b.gif",300,214,true],"medium_large":["https:\/\/ajupe.com.uy\/web\/wp-content\/uploads\/2016\/04\/p-3653-La___ltima_Confe_4e7deb86c7e6b.gif",90,133,false],"large":["https:\/\/ajupe.com.uy\/web\/wp-content\/uploads\/2016\/04\/p-3653-La___ltima_Confe_4e7deb86c7e6b.gif",90,133,false],"1536x1536":["https:\/\/ajupe.com.uy\/web\/wp-content\/uploads\/2016\/04\/p-3653-La___ltima_Confe_4e7deb86c7e6b.gif",90,133,false],"2048x2048":["https:\/\/ajupe.com.uy\/web\/wp-content\/uploads\/2016\/04\/p-3653-La___ltima_Confe_4e7deb86c7e6b.gif",90,133,false],"woocommerce_archive_thumbnail":["https:\/\/ajupe.com.uy\/web\/wp-content\/uploads\/2016\/04\/p-3653-La___ltima_Confe_4e7deb86c7e6b.gif",90,133,false],"woocommerce_thumbnail":["https:\/\/ajupe.com.uy\/web\/wp-content\/uploads\/2016\/04\/p-3653-La___ltima_Confe_4e7deb86c7e6b.gif",90,133,false],"woocommerce_single":["https:\/\/ajupe.com.uy\/web\/wp-content\/uploads\/2016\/04\/p-3653-La___ltima_Confe_4e7deb86c7e6b.gif",90,133,false],"woocommerce_gallery_thumbnail":["https:\/\/ajupe.com.uy\/web\/wp-content\/uploads\/2016\/04\/p-3653-La___ltima_Confe_4e7deb86c7e6b-90x100.gif",90,100,true]},"post_excerpt_stackable_v2":"<p>David Nash es un abogado que se dedica con \u00e9xito a defender a individuos condenados a muerte. Sin embargo, despu\u00e9s de lograr la absoluci\u00f3n de Tom Gault, David siente que las dudas sobre su trabajo comienzan a invadirlo.<\/p>\n","category_list_v2":"","author_info_v2":{"name":"","url":""},"comments_num_v2":"0 comentarios","_links":{"self":[{"href":"https:\/\/ajupe.com.uy\/web\/wp-json\/wp\/v2\/product\/3653","targetHints":{"allow":["GET"]}}],"collection":[{"href":"https:\/\/ajupe.com.uy\/web\/wp-json\/wp\/v2\/product"}],"about":[{"href":"https:\/\/ajupe.com.uy\/web\/wp-json\/wp\/v2\/types\/product"}],"wp:featuredmedia":[{"embeddable":true,"href":"https:\/\/ajupe.com.uy\/web\/wp-json\/wp\/v2\/media\/3654"}],"wp:attachment":[{"href":"https:\/\/ajupe.com.uy\/web\/wp-json\/wp\/v2\/media?parent=3653"}],"wp:term":[{"taxonomy":"product_brand","embeddable":true,"href":"https:\/\/ajupe.com.uy\/web\/wp-json\/wp\/v2\/product_brand?post=3653"},{"taxonomy":"product_cat","embeddable":true,"href":"https:\/\/ajupe.com.uy\/web\/wp-json\/wp\/v2\/product_cat?post=3653"},{"taxonomy":"product_tag","embeddable":true,"href":"https:\/\/ajupe.com.uy\/web\/wp-json\/wp\/v2\/product_tag?post=3653"}],"curies":[{"name":"wp","href":"https:\/\/api.w.org\/{rel}","templated":true}]}}