{"id":3656,"date":"2011-09-24T14:55:29","date_gmt":"2011-09-24T17:55:29","guid":{"rendered":"http:\/\/ajupe.com.uy\/web\/?post_type=product&#038;p=3656"},"modified":"2011-09-24T14:55:29","modified_gmt":"2011-09-24T17:55:29","slug":"pasaje-al-paraiso-2","status":"publish","type":"product","link":"https:\/\/ajupe.com.uy\/web\/biblioteca\/pasaje-al-paraiso-2\/","title":{"rendered":"Pasaje al Paraiso"},"content":{"rendered":"<p>Un productor de Hollywood aparece muerto dentro del maletero de su coche. Parece que la maf\u00eda est\u00e1 detr\u00e1s del asunto.<\/p>\n<p>Harry Bosch lleva dieciocho meses sin investigar un homicidio: ha sido apartado temporalmente del cuerpo.<br \/>\nJunto con Jerry Edgar y Kiz Rider forma un equipo de tres detectives.<br \/>\nEl primer caso al que se enfrentan es el asesinato de Tony Aliso, productor de pel\u00edculas porno en Hollywood, encontrado muerto en el maletero de su Rolls Royce.<br \/>\nLas pistas conducen a Bosch a Las Vegas, donde tras cinco a\u00f1os se reencuentra con Eleanor Wish, que se ve envuelta en la investigaci\u00f3n hasta el punto de que ambos ven peligrar sus vidas<\/p>\n","protected":false},"excerpt":{"rendered":"<p>Un productor de Hollywood aparece muerto dentro del maletero de su coche. Parece que la maf\u00eda est\u00e1 detr\u00e1s del asunto.<\/p>\n","protected":false},"featured_media":3657,"template":"","meta":[],"product_brand":[384],"product_cat":[29,40],"product_tag":[],"class_list":{"0":"post-3656","1":"product","2":"type-product","3":"status-publish","4":"has-post-thumbnail","6":"product_brand-michael-connelly","7":"product_cat-novela","8":"product_cat-policial","10":"first","11":"instock","12":"purchasable","13":"product-type-simple"},"featured_image_urls_v2":{"full":["https:\/\/ajupe.com.uy\/web\/wp-content\/uploads\/2016\/04\/p-3656-Pasaje_al_Parais_4e7def61ba7da.jpg",500,760,false],"thumbnail":["https:\/\/ajupe.com.uy\/web\/wp-content\/uploads\/2016\/04\/p-3656-Pasaje_al_Parais_4e7def61ba7da.jpg",150,150,true],"medium":["https:\/\/ajupe.com.uy\/web\/wp-content\/uploads\/2016\/04\/p-3656-Pasaje_al_Parais_4e7def61ba7da.jpg",300,214,true],"medium_large":["https:\/\/ajupe.com.uy\/web\/wp-content\/uploads\/2016\/04\/p-3656-Pasaje_al_Parais_4e7def61ba7da.jpg",500,760,false],"large":["https:\/\/ajupe.com.uy\/web\/wp-content\/uploads\/2016\/04\/p-3656-Pasaje_al_Parais_4e7def61ba7da.jpg",500,760,false],"1536x1536":["https:\/\/ajupe.com.uy\/web\/wp-content\/uploads\/2016\/04\/p-3656-Pasaje_al_Parais_4e7def61ba7da.jpg",500,760,false],"2048x2048":["https:\/\/ajupe.com.uy\/web\/wp-content\/uploads\/2016\/04\/p-3656-Pasaje_al_Parais_4e7def61ba7da.jpg",500,760,false],"woocommerce_archive_thumbnail":["https:\/\/ajupe.com.uy\/web\/wp-content\/uploads\/2016\/04\/p-3656-Pasaje_al_Parais_4e7def61ba7da-300x450.jpg",300,450,true],"woocommerce_thumbnail":["https:\/\/ajupe.com.uy\/web\/wp-content\/uploads\/2016\/04\/p-3656-Pasaje_al_Parais_4e7def61ba7da-300x300.jpg",300,300,true],"woocommerce_single":["https:\/\/ajupe.com.uy\/web\/wp-content\/uploads\/2016\/04\/p-3656-Pasaje_al_Parais_4e7def61ba7da-300x456.jpg",300,456,true],"woocommerce_gallery_thumbnail":["https:\/\/ajupe.com.uy\/web\/wp-content\/uploads\/2016\/04\/p-3656-Pasaje_al_Parais_4e7def61ba7da-100x100.jpg",100,100,true]},"post_excerpt_stackable_v2":"<p>Un productor de Hollywood aparece muerto dentro del maletero de su coche. Parece que la maf\u00eda est\u00e1 detr\u00e1s del asunto.<\/p>\n","category_list_v2":"","author_info_v2":{"name":"","url":""},"comments_num_v2":"0 comentarios","_links":{"self":[{"href":"https:\/\/ajupe.com.uy\/web\/wp-json\/wp\/v2\/product\/3656","targetHints":{"allow":["GET"]}}],"collection":[{"href":"https:\/\/ajupe.com.uy\/web\/wp-json\/wp\/v2\/product"}],"about":[{"href":"https:\/\/ajupe.com.uy\/web\/wp-json\/wp\/v2\/types\/product"}],"wp:featuredmedia":[{"embeddable":true,"href":"https:\/\/ajupe.com.uy\/web\/wp-json\/wp\/v2\/media\/3657"}],"wp:attachment":[{"href":"https:\/\/ajupe.com.uy\/web\/wp-json\/wp\/v2\/media?parent=3656"}],"wp:term":[{"taxonomy":"product_brand","embeddable":true,"href":"https:\/\/ajupe.com.uy\/web\/wp-json\/wp\/v2\/product_brand?post=3656"},{"taxonomy":"product_cat","embeddable":true,"href":"https:\/\/ajupe.com.uy\/web\/wp-json\/wp\/v2\/product_cat?post=3656"},{"taxonomy":"product_tag","embeddable":true,"href":"https:\/\/ajupe.com.uy\/web\/wp-json\/wp\/v2\/product_tag?post=3656"}],"curies":[{"name":"wp","href":"https:\/\/api.w.org\/{rel}","templated":true}]}}