{"id":3659,"date":"2011-09-24T14:59:59","date_gmt":"2011-09-24T17:59:59","guid":{"rendered":"http:\/\/ajupe.com.uy\/web\/?post_type=product&#038;p=3659"},"modified":"2011-09-28T19:11:20","modified_gmt":"2011-09-28T22:11:20","slug":"deuda-de-sangre","status":"publish","type":"product","link":"https:\/\/ajupe.com.uy\/web\/biblioteca\/deuda-de-sangre\/","title":{"rendered":"Deuda de Sangre"},"content":{"rendered":"<p>Tras dos a\u00f1os a la espera de un donante compatible, el ex agente del FBI Terry McCaleb se recupera de un trasplante de coraz\u00f3n. Su \u00fanica meta es reparar el velero en que se ha retirado. Pero antes deber\u00e1 resolver un asunto pendiente: el asesinato de Gloria Rivers, la mujer cuyo coraz\u00f3n late en su pecho. Un primer an\u00e1lisis de las pruebas lo lleva a creer que se trata de un crimen aislado, pero las piezas del rompecabezas no encajan y pronto descubre que se deber\u00e1 enfrentar a un asesino tan meticuloso como despiadado. Los diez a\u00f1os que Michael Connelly dedic\u00f3 al periodismo de sucesos le sirvieron para aprender los mecanismos del trabajo policial. Es el creador de Harry Bosch, uno de los personajes de ficci\u00f3n mejor logrados y m\u00e1s c\u00e9lebres del g\u00e9nero.<\/p>\n","protected":false},"excerpt":{"rendered":"<p>Tras dos a\u00f1os a la espera de un donante compatible, el ex agente del FBI Terry McCaleb se recupera de un trasplante de coraz\u00f3n. Su \u00fanica meta es reparar el velero en que se ha retirado. Pero antes deber\u00e1 resolver un asunto pendiente: el asesinato de Glori<\/p>\n","protected":false},"featured_media":3660,"template":"","meta":[],"product_brand":[384],"product_cat":[40,30],"product_tag":[],"class_list":{"0":"post-3659","1":"product","2":"type-product","3":"status-publish","4":"has-post-thumbnail","6":"product_brand-michael-connelly","7":"product_cat-policial","8":"product_cat-suspenso","10":"first","11":"instock","12":"purchasable","13":"product-type-simple"},"featured_image_urls_v2":{"full":["https:\/\/ajupe.com.uy\/web\/wp-content\/uploads\/2016\/04\/p-3659-Deuda_de_Sangre_4e7df06f19ad3.jpg",480,722,false],"thumbnail":["https:\/\/ajupe.com.uy\/web\/wp-content\/uploads\/2016\/04\/p-3659-Deuda_de_Sangre_4e7df06f19ad3.jpg",150,150,true],"medium":["https:\/\/ajupe.com.uy\/web\/wp-content\/uploads\/2016\/04\/p-3659-Deuda_de_Sangre_4e7df06f19ad3.jpg",300,214,true],"medium_large":["https:\/\/ajupe.com.uy\/web\/wp-content\/uploads\/2016\/04\/p-3659-Deuda_de_Sangre_4e7df06f19ad3.jpg",480,722,false],"large":["https:\/\/ajupe.com.uy\/web\/wp-content\/uploads\/2016\/04\/p-3659-Deuda_de_Sangre_4e7df06f19ad3.jpg",480,722,false],"1536x1536":["https:\/\/ajupe.com.uy\/web\/wp-content\/uploads\/2016\/04\/p-3659-Deuda_de_Sangre_4e7df06f19ad3.jpg",480,722,false],"2048x2048":["https:\/\/ajupe.com.uy\/web\/wp-content\/uploads\/2016\/04\/p-3659-Deuda_de_Sangre_4e7df06f19ad3.jpg",480,722,false],"woocommerce_archive_thumbnail":["https:\/\/ajupe.com.uy\/web\/wp-content\/uploads\/2016\/04\/p-3659-Deuda_de_Sangre_4e7df06f19ad3-300x450.jpg",300,450,true],"woocommerce_thumbnail":["https:\/\/ajupe.com.uy\/web\/wp-content\/uploads\/2016\/04\/p-3659-Deuda_de_Sangre_4e7df06f19ad3-300x300.jpg",300,300,true],"woocommerce_single":["https:\/\/ajupe.com.uy\/web\/wp-content\/uploads\/2016\/04\/p-3659-Deuda_de_Sangre_4e7df06f19ad3-300x450.jpg",300,450,true],"woocommerce_gallery_thumbnail":["https:\/\/ajupe.com.uy\/web\/wp-content\/uploads\/2016\/04\/p-3659-Deuda_de_Sangre_4e7df06f19ad3-100x100.jpg",100,100,true]},"post_excerpt_stackable_v2":"<p>Tras dos a\u00f1os a la espera de un donante compatible, el ex agente del FBI Terry McCaleb se recupera de un trasplante de coraz\u00f3n. Su \u00fanica meta es reparar el velero en que se ha retirado. Pero antes deber\u00e1 resolver un asunto pendiente: el asesinato de Glori<\/p>\n","category_list_v2":"","author_info_v2":{"name":"","url":""},"comments_num_v2":"0 comentarios","_links":{"self":[{"href":"https:\/\/ajupe.com.uy\/web\/wp-json\/wp\/v2\/product\/3659","targetHints":{"allow":["GET"]}}],"collection":[{"href":"https:\/\/ajupe.com.uy\/web\/wp-json\/wp\/v2\/product"}],"about":[{"href":"https:\/\/ajupe.com.uy\/web\/wp-json\/wp\/v2\/types\/product"}],"wp:featuredmedia":[{"embeddable":true,"href":"https:\/\/ajupe.com.uy\/web\/wp-json\/wp\/v2\/media\/3660"}],"wp:attachment":[{"href":"https:\/\/ajupe.com.uy\/web\/wp-json\/wp\/v2\/media?parent=3659"}],"wp:term":[{"taxonomy":"product_brand","embeddable":true,"href":"https:\/\/ajupe.com.uy\/web\/wp-json\/wp\/v2\/product_brand?post=3659"},{"taxonomy":"product_cat","embeddable":true,"href":"https:\/\/ajupe.com.uy\/web\/wp-json\/wp\/v2\/product_cat?post=3659"},{"taxonomy":"product_tag","embeddable":true,"href":"https:\/\/ajupe.com.uy\/web\/wp-json\/wp\/v2\/product_tag?post=3659"}],"curies":[{"name":"wp","href":"https:\/\/api.w.org\/{rel}","templated":true}]}}