{"id":3674,"date":"2011-09-24T16:40:17","date_gmt":"2011-09-24T19:40:17","guid":{"rendered":"http:\/\/ajupe.com.uy\/web\/?post_type=product&#038;p=3674"},"modified":"2011-09-24T16:40:17","modified_gmt":"2011-09-24T19:40:17","slug":"atractiva","status":"publish","type":"product","link":"https:\/\/ajupe.com.uy\/web\/biblioteca\/atractiva\/","title":{"rendered":"Atractiva"},"content":{"rendered":"<p>Durante diez a\u00f1os, Laura ha ocultado su belleza y sus deseos de aventura bajo la severa apariencia de una institutriz, pero ahora tiene la oportunidad de comenzar una nueva vida. Ha descubierto una pasi\u00f3n por el riesgo que nunca hubiera sospechado, y se sabe capaz de llevar a cabo la m\u00e1s delicada misi\u00f3n&#8230; pero antes debe superar su atracci\u00f3n por Gavin Graham, ese arrogante que parece burlarse de sus aspiraciones, ese descarado que la taladra con la mirada, y cuyos besos la dejan sin aliento.<\/p>\n","protected":false},"excerpt":{"rendered":"<p>Durante diez a\u00f1os, Laura ha ocultado su belleza y sus deseos de aventura bajo la severa apariencia de una institutriz, pero ahora tiene la oportunidad de comenzar una nueva vida.<\/p>\n","protected":false},"featured_media":3675,"template":"","meta":[],"product_brand":[723],"product_cat":[42,29],"product_tag":[],"class_list":{"0":"post-3674","1":"product","2":"type-product","3":"status-publish","4":"has-post-thumbnail","6":"product_brand-jane-ashford","7":"product_cat-aventura","8":"product_cat-novela","10":"first","11":"instock","12":"purchasable","13":"product-type-simple"},"featured_image_urls_v2":{"full":["https:\/\/ajupe.com.uy\/web\/wp-content\/uploads\/2016\/04\/p-3674-Atractiva_4e7e07f11c6ae.jpg",170,270,false],"thumbnail":["https:\/\/ajupe.com.uy\/web\/wp-content\/uploads\/2016\/04\/p-3674-Atractiva_4e7e07f11c6ae.jpg",150,150,true],"medium":["https:\/\/ajupe.com.uy\/web\/wp-content\/uploads\/2016\/04\/p-3674-Atractiva_4e7e07f11c6ae.jpg",300,214,true],"medium_large":["https:\/\/ajupe.com.uy\/web\/wp-content\/uploads\/2016\/04\/p-3674-Atractiva_4e7e07f11c6ae.jpg",170,270,false],"large":["https:\/\/ajupe.com.uy\/web\/wp-content\/uploads\/2016\/04\/p-3674-Atractiva_4e7e07f11c6ae.jpg",170,270,false],"1536x1536":["https:\/\/ajupe.com.uy\/web\/wp-content\/uploads\/2016\/04\/p-3674-Atractiva_4e7e07f11c6ae.jpg",170,270,false],"2048x2048":["https:\/\/ajupe.com.uy\/web\/wp-content\/uploads\/2016\/04\/p-3674-Atractiva_4e7e07f11c6ae.jpg",170,270,false],"woocommerce_archive_thumbnail":["https:\/\/ajupe.com.uy\/web\/wp-content\/uploads\/2016\/04\/p-3674-Atractiva_4e7e07f11c6ae.jpg",170,270,false],"woocommerce_thumbnail":["https:\/\/ajupe.com.uy\/web\/wp-content\/uploads\/2016\/04\/p-3674-Atractiva_4e7e07f11c6ae.jpg",170,270,false],"woocommerce_single":["https:\/\/ajupe.com.uy\/web\/wp-content\/uploads\/2016\/04\/p-3674-Atractiva_4e7e07f11c6ae.jpg",170,270,false],"woocommerce_gallery_thumbnail":["https:\/\/ajupe.com.uy\/web\/wp-content\/uploads\/2016\/04\/p-3674-Atractiva_4e7e07f11c6ae-100x100.jpg",100,100,true]},"post_excerpt_stackable_v2":"<p>Durante diez a\u00f1os, Laura ha ocultado su belleza y sus deseos de aventura bajo la severa apariencia de una institutriz, pero ahora tiene la oportunidad de comenzar una nueva vida.<\/p>\n","category_list_v2":"","author_info_v2":{"name":"","url":""},"comments_num_v2":"0 comentarios","_links":{"self":[{"href":"https:\/\/ajupe.com.uy\/web\/wp-json\/wp\/v2\/product\/3674","targetHints":{"allow":["GET"]}}],"collection":[{"href":"https:\/\/ajupe.com.uy\/web\/wp-json\/wp\/v2\/product"}],"about":[{"href":"https:\/\/ajupe.com.uy\/web\/wp-json\/wp\/v2\/types\/product"}],"wp:featuredmedia":[{"embeddable":true,"href":"https:\/\/ajupe.com.uy\/web\/wp-json\/wp\/v2\/media\/3675"}],"wp:attachment":[{"href":"https:\/\/ajupe.com.uy\/web\/wp-json\/wp\/v2\/media?parent=3674"}],"wp:term":[{"taxonomy":"product_brand","embeddable":true,"href":"https:\/\/ajupe.com.uy\/web\/wp-json\/wp\/v2\/product_brand?post=3674"},{"taxonomy":"product_cat","embeddable":true,"href":"https:\/\/ajupe.com.uy\/web\/wp-json\/wp\/v2\/product_cat?post=3674"},{"taxonomy":"product_tag","embeddable":true,"href":"https:\/\/ajupe.com.uy\/web\/wp-json\/wp\/v2\/product_tag?post=3674"}],"curies":[{"name":"wp","href":"https:\/\/api.w.org\/{rel}","templated":true}]}}