{"id":3704,"date":"2011-09-26T20:40:37","date_gmt":"2011-09-26T23:40:37","guid":{"rendered":"http:\/\/ajupe.com.uy\/web\/?post_type=product&#038;p=3704"},"modified":"2011-09-26T20:40:37","modified_gmt":"2011-09-26T23:40:37","slug":"mujeres-de-ojos-grandes","status":"publish","type":"product","link":"https:\/\/ajupe.com.uy\/web\/biblioteca\/mujeres-de-ojos-grandes\/","title":{"rendered":"Mujeres de Ojos Grandes"},"content":{"rendered":"<p>Para aliviar la estancia en el hospital, Jose Rivadeneira cuenta a su  hija enferma las historias de sus antepasadas, todas ellas \u00abmujeres de  ojos grandes\u00bb que se enfrentaron a los convencionalismos sociales del  mundo provinciano y tradicional que las rodeaba para poder vivir y amar  libremente. La libertad, la infidelidad, el incesto, la solter\u00eda, el  adulterio, la amistad, el deseo, la locura, la muerte, los malos tratos,  el desamor, la murmuraci\u00f3n, la hipocres\u00eda&#8230; son los motores por los  que lucharon o las barreras a las que se enfrentaron las t\u00edas de Jose.<\/p>\n","protected":false},"excerpt":{"rendered":"<p>Para aliviar la estancia en el hospital, Jose Rivadeneira cuenta a su hija enferma las historias de sus antepasadas, todas ellas \u00abmujeres de ojos grandes\u00bb que se enfrentaron a los convencionalismos sociales del mundo provinciano y tradicional que las rodeaba para poder vivir y amar libremente. La libertad, la infidelidad, el incesto, la solter\u00eda, el [&hellip;]<\/p>\n","protected":false},"featured_media":3705,"template":"","meta":[],"product_brand":[179],"product_cat":[29],"product_tag":[],"class_list":{"0":"post-3704","1":"product","2":"type-product","3":"status-publish","4":"has-post-thumbnail","6":"product_brand-ngeles-mastretta","7":"product_cat-novela","9":"first","10":"instock","11":"purchasable","12":"product-type-simple"},"featured_image_urls_v2":{"full":["https:\/\/ajupe.com.uy\/web\/wp-content\/uploads\/2016\/04\/p-3704-Mujeres_de_Ojos__4e80e345b9763.jpg",1461,2271,false],"thumbnail":["https:\/\/ajupe.com.uy\/web\/wp-content\/uploads\/2016\/04\/p-3704-Mujeres_de_Ojos__4e80e345b9763.jpg",150,150,true],"medium":["https:\/\/ajupe.com.uy\/web\/wp-content\/uploads\/2016\/04\/p-3704-Mujeres_de_Ojos__4e80e345b9763.jpg",300,214,true],"medium_large":["https:\/\/ajupe.com.uy\/web\/wp-content\/uploads\/2016\/04\/p-3704-Mujeres_de_Ojos__4e80e345b9763.jpg",768,1194,false],"large":["https:\/\/ajupe.com.uy\/web\/wp-content\/uploads\/2016\/04\/p-3704-Mujeres_de_Ojos__4e80e345b9763.jpg",659,1024,false],"1536x1536":["https:\/\/ajupe.com.uy\/web\/wp-content\/uploads\/2016\/04\/p-3704-Mujeres_de_Ojos__4e80e345b9763.jpg",988,1536,false],"2048x2048":["https:\/\/ajupe.com.uy\/web\/wp-content\/uploads\/2016\/04\/p-3704-Mujeres_de_Ojos__4e80e345b9763.jpg",1318,2048,false],"woocommerce_archive_thumbnail":["https:\/\/ajupe.com.uy\/web\/wp-content\/uploads\/2016\/04\/p-3704-Mujeres_de_Ojos__4e80e345b9763-300x450.jpg",300,450,true],"woocommerce_thumbnail":["https:\/\/ajupe.com.uy\/web\/wp-content\/uploads\/2016\/04\/p-3704-Mujeres_de_Ojos__4e80e345b9763-300x300.jpg",300,300,true],"woocommerce_single":["https:\/\/ajupe.com.uy\/web\/wp-content\/uploads\/2016\/04\/p-3704-Mujeres_de_Ojos__4e80e345b9763-300x466.jpg",300,466,true],"woocommerce_gallery_thumbnail":["https:\/\/ajupe.com.uy\/web\/wp-content\/uploads\/2016\/04\/p-3704-Mujeres_de_Ojos__4e80e345b9763-100x100.jpg",100,100,true]},"post_excerpt_stackable_v2":"<p>Para aliviar la estancia en el hospital, Jose Rivadeneira cuenta a su hija enferma las historias de sus antepasadas, todas ellas \u00abmujeres de ojos grandes\u00bb que se enfrentaron a los convencionalismos sociales del mundo provinciano y tradicional que las rodeaba para poder vivir y amar libremente. La libertad, la infidelidad, el incesto, la solter\u00eda, el adulterio, la amistad, el deseo, la locura, la muerte, los malos tratos, el desamor, la murmuraci\u00f3n, la hipocres\u00eda&#8230; son los motores por los que lucharon o las barreras a las que se enfrentaron las t\u00edas de Jose.<\/p>\n","category_list_v2":"","author_info_v2":{"name":"","url":""},"comments_num_v2":"0 comentarios","_links":{"self":[{"href":"https:\/\/ajupe.com.uy\/web\/wp-json\/wp\/v2\/product\/3704","targetHints":{"allow":["GET"]}}],"collection":[{"href":"https:\/\/ajupe.com.uy\/web\/wp-json\/wp\/v2\/product"}],"about":[{"href":"https:\/\/ajupe.com.uy\/web\/wp-json\/wp\/v2\/types\/product"}],"wp:featuredmedia":[{"embeddable":true,"href":"https:\/\/ajupe.com.uy\/web\/wp-json\/wp\/v2\/media\/3705"}],"wp:attachment":[{"href":"https:\/\/ajupe.com.uy\/web\/wp-json\/wp\/v2\/media?parent=3704"}],"wp:term":[{"taxonomy":"product_brand","embeddable":true,"href":"https:\/\/ajupe.com.uy\/web\/wp-json\/wp\/v2\/product_brand?post=3704"},{"taxonomy":"product_cat","embeddable":true,"href":"https:\/\/ajupe.com.uy\/web\/wp-json\/wp\/v2\/product_cat?post=3704"},{"taxonomy":"product_tag","embeddable":true,"href":"https:\/\/ajupe.com.uy\/web\/wp-json\/wp\/v2\/product_tag?post=3704"}],"curies":[{"name":"wp","href":"https:\/\/api.w.org\/{rel}","templated":true}]}}